{"id":144,"date":"2026-03-09T13:24:02","date_gmt":"2026-03-09T13:24:02","guid":{"rendered":"https:\/\/kuteshop.store\/?post_type=product&#038;p=144"},"modified":"2026-03-26T03:33:24","modified_gmt":"2026-03-26T03:33:24","slug":"sekiro-shadows-die-twice-goty-edition-steam-key-ban-quyen-chinh-hang","status":"publish","type":"product","link":"https:\/\/kuteshop.store\/index.php\/product\/sekiro-shadows-die-twice-goty-edition-steam-key-ban-quyen-chinh-hang\/","title":{"rendered":"Sekiro: Shadows Die Twice GOTY Edition \u2013 Steam Key B\u1ea3n Quy\u1ec1n Ch\u00ednh H\u00e3ng"},"content":{"rendered":"<blockquote><p><strong>Sekiro: Shadows Die Twice<\/strong> l\u00e0 ki\u1ec7t t\u00e1c h\u00e0nh \u0111\u1ed9ng c\u1ee7a FromSoftware, l\u1ea5y b\u1ed1i c\u1ea3nh Nh\u1eadt B\u1ea3n th\u1eddi k\u1ef3 Sengoku \u0111\u1ea7y bi\u1ebfn \u0111\u1ed9ng. Trong vai m\u1ed9t chi\u1ebfn binh shinobi b\u00ed \u1ea9n mang bi\u1ec7t danh \u201cS\u00f3i M\u1ed9t Tay\u201d, ng\u01b0\u1eddi ch\u01a1i b\u01b0\u1edbc v\u00e0o cu\u1ed9c h\u00e0nh tr\u00ecnh tr\u1ea3 th\u00f9 \u0111\u1ea7y gian nan v\u00e0 th\u1eed th\u00e1ch.<\/p><\/blockquote>\n<p><img loading=\"lazy\" decoding=\"async\" class=\"alignnone size-full wp-image-10117 wptangtoc-lazy entered gtloader\" title=\"Sekiro: Shadows Die Twice GOTY Edition - Steam Key B\u1ea3n Quy\u1ec1n Ch\u00ednh H\u00e3ng Sekiro Shadows Die Twice 1 KAMIKEY\" src=\"https:\/\/kamikey.com\/wp-content\/uploads\/2025\/01\/Sekiro-Shadows-Die-Twice-1.jpg\" sizes=\"auto, (max-width: 600px) 100vw, 600px\" alt=\"Sekiro Shadows Die Twice (1)\" width=\"600\" height=\"337\" data-src=\"https:\/\/kamikey.com\/wp-content\/uploads\/2025\/01\/Sekiro-Shadows-Die-Twice-1.jpg\" data-sizes=\"(max-width: 600px) 100vw, 600px\" data-ll-status=\"loaded\" \/><a title=\"B\u00e0i vi\u1ebft \u0111\u01b0\u1ee3c copy t\u1eeb Kamikey.com Ngu\u1ed3n b\u00e0i vi\u1ebft : Sekiro: Shadows Die Twice - Steam Key Ch\u00ednh H\u00e3ng Gi\u00e1 R\u1ebb\" href=\"https:\/\/kamikey.com\/products\/sekiro-shadows-die-twice-steam-key-quoc-te\/\" target=\"_blank\" rel=\"dofollow noopener\"><img loading=\"lazy\" decoding=\"async\" title=\"Sekiro: Shadows Die Twice - Steam Key Ch\u00ednh H\u00e3ng Gi\u00e1 R\u1ebb\" src=\"https:\/\/kamikey.com\/wp-content\/uploads\/2024\/10\/px.gif\" alt=\"Sekiro: Shadows Die Twice - Steam Key Ch\u00ednh H\u00e3ng Gi\u00e1 R\u1ebb\" width=\"1\" height=\"1\" border=\"0\" \/><\/a><\/p>\n<p>C\u1ed1t truy\u1ec7n game xoay quanh m\u1ed1i quan h\u1ec7 gi\u1eefa <strong>Wolf v\u00e0 c\u1eadu ch\u1ee7 Kuro<\/strong> \u2013 ng\u01b0\u1eddi s\u1edf h\u1eefu d\u00f2ng m\u00e1u r\u1ed3ng thi\u00eang. Sau khi th\u1ea5t b\u1ea1i trong nhi\u1ec7m v\u1ee5 b\u1ea3o v\u1ec7 ch\u1ee7 nh\u00e2n, Wolf \u0111\u01b0\u1ee3c c\u1ee9u s\u1ed1ng m\u1ed9t c\u00e1ch b\u00ed \u1ea9n v\u00e0 trang b\u1ecb c\u00e1nh tay gi\u1ea3 \u0111\u1eb7c bi\u1ec7t. V\u1edbi s\u1ee9c m\u1ea1nh h\u1ed3i sinh t\u1eeb d\u00f2ng m\u00e1u r\u1ed3ng, anh d\u1ea5n th\u00e2n v\u00e0o h\u00e0nh tr\u00ecnh gi\u1ea3i c\u1ee9u c\u1eadu ch\u1ee7 kh\u1ecfi clan Ashina.<\/p>\n<p><img loading=\"lazy\" decoding=\"async\" class=\"alignnone size-full wp-image-10116 wptangtoc-lazy entered gtloader\" title=\"Sekiro: Shadows Die Twice GOTY Edition - Steam Key B\u1ea3n Quy\u1ec1n Ch\u00ednh H\u00e3ng Sekiro Shadows Die Twice 5 KAMIKEY\" src=\"https:\/\/kamikey.com\/wp-content\/uploads\/2025\/01\/Sekiro-Shadows-Die-Twice-5.jpg\" sizes=\"auto, (max-width: 600px) 100vw, 600px\" alt=\"Sekiro Shadows Die Twice (5)\" width=\"600\" height=\"337\" data-src=\"https:\/\/kamikey.com\/wp-content\/uploads\/2025\/01\/Sekiro-Shadows-Die-Twice-5.jpg\" data-sizes=\"(max-width: 600px) 100vw, 600px\" data-ll-status=\"loaded\" \/><\/p>\n<p><strong>H\u1ec7 th\u1ed1ng chi\u1ebfn \u0111\u1ea5u<\/strong> trong Sekiro mang t\u00ednh c\u00e1ch m\u1ea1ng v\u1edbi c\u01a1 ch\u1ebf t\u01b0 th\u1ebf v\u00e0 posture \u0111\u1ed9c \u0111\u00e1o. Ng\u01b0\u1eddi ch\u01a1i c\u1ea7n th\u00e0nh th\u1ea1o ngh\u1ec7 thu\u1eadt \u0111\u1ee1 \u0111\u00f2n, ph\u1ea3n \u0111\u00f2n v\u00e0 t\u1eadn d\u1ee5ng c\u00e1c c\u00f4ng c\u1ee5 t\u1eeb c\u00e1nh tay shinobi \u0111\u1ec3 chi\u1ebfn th\u1eafng. M\u1ed7i tr\u1eadn chi\u1ebfn \u0111\u00f2i h\u1ecfi s\u1ef1 t\u1eadp trung cao \u0111\u1ed9, ph\u1ea3n x\u1ea1 nhanh nh\u1ea1y v\u00e0 chi\u1ebfn thu\u1eadt th\u00f4ng minh.<\/p>\n<p><img loading=\"lazy\" decoding=\"async\" class=\"alignnone size-full wp-image-10115 wptangtoc-lazy entered gtloader\" title=\"Sekiro: Shadows Die Twice GOTY Edition - Steam Key B\u1ea3n Quy\u1ec1n Ch\u00ednh H\u00e3ng Sekiro Shadows Die Twice 4 KAMIKEY\" src=\"https:\/\/kamikey.com\/wp-content\/uploads\/2025\/01\/Sekiro-Shadows-Die-Twice-4.jpg\" sizes=\"auto, (max-width: 600px) 100vw, 600px\" alt=\"Sekiro Shadows Die Twice (4)\" width=\"600\" height=\"337\" data-src=\"https:\/\/kamikey.com\/wp-content\/uploads\/2025\/01\/Sekiro-Shadows-Die-Twice-4.jpg\" data-sizes=\"(max-width: 600px) 100vw, 600px\" data-ll-status=\"loaded\" \/><\/p>\n<p>Th\u1ebf gi\u1edbi game \u0111\u01b0\u1ee3c thi\u1ebft k\u1ebf v\u1edbi <strong>ki\u1ebfn tr\u00fac \u0111a t\u1ea7ng ph\u1ee9c t\u1ea1p<\/strong>, cho ph\u00e9p ng\u01b0\u1eddi ch\u01a1i di chuy\u1ec3n linh ho\u1ea1t theo chi\u1ec1u d\u1ecdc nh\u1edd m\u00f3c c\u00e2u. T\u1eeb nh\u1eefng khu v\u1ef1c tuy\u1ebft ph\u1ee7 l\u1ea1nh gi\u00e1 \u0111\u1ebfn c\u00e1c l\u00e2u \u0111\u00e0i c\u1ed5 k\u00ednh, m\u1ed7i \u0111\u1ecba \u0111i\u1ec3m \u0111\u1ec1u mang m\u1ed9t n\u00e9t \u0111\u1eb9p v\u00e0 th\u00e1ch th\u1ee9c ri\u00eang bi\u1ec7t.<\/p>\n<p><img loading=\"lazy\" decoding=\"async\" class=\"alignnone size-full wp-image-10114 wptangtoc-lazy entered gtloader\" title=\"Sekiro: Shadows Die Twice GOTY Edition - Steam Key B\u1ea3n Quy\u1ec1n Ch\u00ednh H\u00e3ng Sekiro Shadows Die Twice 3 KAMIKEY\" src=\"https:\/\/kamikey.com\/wp-content\/uploads\/2025\/01\/Sekiro-Shadows-Die-Twice-3.jpg\" sizes=\"auto, (max-width: 600px) 100vw, 600px\" alt=\"Sekiro Shadows Die Twice (3)\" width=\"600\" height=\"337\" data-src=\"https:\/\/kamikey.com\/wp-content\/uploads\/2025\/01\/Sekiro-Shadows-Die-Twice-3.jpg\" data-sizes=\"(max-width: 600px) 100vw, 600px\" data-ll-status=\"loaded\" \/><\/p>\n<p><strong>\u0110\u1ed3 h\u1ecda v\u00e0 \u00e2m thanh<\/strong> trong game \u0111\u01b0\u1ee3c ch\u0103m ch\u00fat t\u1ec9 m\u1ec9, t\u00e1i hi\u1ec7n ch\u00e2n th\u1ef1c kh\u00f4ng kh\u00ed Nh\u1eadt B\u1ea3n c\u1ed5 \u0111\u1ea1i. T\u1eeb hi\u1ec7u \u1ee9ng \u00e1nh s\u00e1ng, kh\u00f3i l\u1eeda \u0111\u1ebfn nh\u1eefng chi ti\u1ebft nh\u1ecf nh\u1ea5t tr\u00ean trang ph\u1ee5c nh\u00e2n v\u1eadt \u0111\u1ec1u \u0111\u01b0\u1ee3c th\u1ec3 hi\u1ec7n s\u1ed1ng \u0111\u1ed9ng. \u00c2m nh\u1ea1c v\u1edbi giai \u0111i\u1ec7u truy\u1ec1n th\u1ed1ng Nh\u1eadt B\u1ea3n c\u00e0ng l\u00e0m t\u0103ng th\u00eam kh\u00f4ng kh\u00ed h\u00f9ng tr\u00e1ng c\u1ee7a c\u00e1c tr\u1eadn chi\u1ebfn.<\/p>\n<p><img class=\"alignnone size-full wp-image-10113 wptangtoc-lazy\" title=\"Sekiro: Shadows Die Twice GOTY Edition - Steam Key B\u1ea3n Quy\u1ec1n Ch\u00ednh H\u00e3ng Sekiro Shadows Die Twice 2 1 KAMIKEY\" alt=\"Sekiro Shadows Die Twice (2)\" width=\"600\" height=\"337\" data-src=\"https:\/\/kamikey.com\/wp-content\/uploads\/2025\/01\/Sekiro-Shadows-Die-Twice-2-1.jpg\" data-sizes=\"(max-width: 600px) 100vw, 600px\" \/><\/p>\n<p>Phi\u00ean b\u1ea3n Game of the Year b\u1ed5 sung th\u00eam nhi\u1ec1u <strong>t\u00ednh n\u0103ng m\u1edbi h\u1ea5p d\u1eabn<\/strong> nh\u01b0 ch\u1ebf \u0111\u1ed9 th\u00e1ch \u0111\u1ea5u boss, h\u1ec7 th\u1ed1ng tin nh\u1eafn cho ph\u00e9p ng\u01b0\u1eddi ch\u01a1i \u0111\u1ec3 l\u1ea1i ghi ch\u00fa cho nhau, v\u00e0 c\u00e1c trang ph\u1ee5c \u0111\u1ed9c quy\u1ec1n. Nh\u1eefng b\u1ed5 sung n\u00e0y c\u00e0ng l\u00e0m phong ph\u00fa th\u00eam tr\u1ea3i nghi\u1ec7m game v\u1ed1n \u0111\u00e3 xu\u1ea5t s\u1eafc.<\/p>\n<div class=\"devvn_readmore_flatsome devvn_readmore_flatsome_more\"><a title=\"Xem th\u00eam\">Xem th\u00eam<\/a><\/div>\n<div class=\"devvn_readmore_flatsome devvn_readmore_flatsome_less\"><\/div>\n","protected":false},"excerpt":{"rendered":"<p>Sekiro: Shadows Die Twice l\u00e0 ki\u1ec7t t\u00e1c h\u00e0nh \u0111\u1ed9ng c\u1ee7a FromSoftware, l\u1ea5y b\u1ed1i c\u1ea3nh Nh\u1eadt B\u1ea3n th\u1eddi k\u1ef3 Sengoku \u0111\u1ea7y bi\u1ebfn \u0111\u1ed9ng. Trong vai m\u1ed9t chi\u1ebfn binh shinobi b\u00ed \u1ea9n mang bi\u1ec7t danh \u201cS\u00f3i M\u1ed9t Tay\u201d, ng\u01b0\u1eddi ch\u01a1i b\u01b0\u1edbc v\u00e0o cu\u1ed9c h\u00e0nh tr\u00ecnh tr\u1ea3 th\u00f9 \u0111\u1ea7y gian nan v\u00e0 th\u1eed th\u00e1ch. C\u1ed1t truy\u1ec7n game xoay [&#8230;]\n","protected":false},"featured_media":145,"comment_status":"open","ping_status":"closed","template":"","meta":[],"product_brand":[],"product_cat":[15,25],"product_tag":[],"class_list":{"0":"post-144","1":"product","2":"type-product","3":"status-publish","4":"has-post-thumbnail","6":"product_cat-uncategorized","7":"product_cat-steam-key-chinh-hang","9":"first","10":"instock","11":"shipping-taxable","12":"purchasable","13":"product-type-simple"},"_links":{"self":[{"href":"https:\/\/kuteshop.store\/index.php\/wp-json\/wp\/v2\/product\/144","targetHints":{"allow":["GET"]}}],"collection":[{"href":"https:\/\/kuteshop.store\/index.php\/wp-json\/wp\/v2\/product"}],"about":[{"href":"https:\/\/kuteshop.store\/index.php\/wp-json\/wp\/v2\/types\/product"}],"replies":[{"embeddable":true,"href":"https:\/\/kuteshop.store\/index.php\/wp-json\/wp\/v2\/comments?post=144"}],"wp:featuredmedia":[{"embeddable":true,"href":"https:\/\/kuteshop.store\/index.php\/wp-json\/wp\/v2\/media\/145"}],"wp:attachment":[{"href":"https:\/\/kuteshop.store\/index.php\/wp-json\/wp\/v2\/media?parent=144"}],"wp:term":[{"taxonomy":"product_brand","embeddable":true,"href":"https:\/\/kuteshop.store\/index.php\/wp-json\/wp\/v2\/product_brand?post=144"},{"taxonomy":"product_cat","embeddable":true,"href":"https:\/\/kuteshop.store\/index.php\/wp-json\/wp\/v2\/product_cat?post=144"},{"taxonomy":"product_tag","embeddable":true,"href":"https:\/\/kuteshop.store\/index.php\/wp-json\/wp\/v2\/product_tag?post=144"}],"curies":[{"name":"wp","href":"https:\/\/api.w.org\/{rel}","templated":true}]}}