{"id":140,"date":"2026-03-09T13:22:03","date_gmt":"2026-03-09T13:22:03","guid":{"rendered":"https:\/\/kuteshop.store\/?post_type=product&#038;p=140"},"modified":"2026-03-09T13:44:30","modified_gmt":"2026-03-09T13:44:30","slug":"the-last-of-us-part-i-steam-key-ban-quyen-chinh-hang","status":"publish","type":"product","link":"https:\/\/kuteshop.store\/index.php\/product\/the-last-of-us-part-i-steam-key-ban-quyen-chinh-hang\/","title":{"rendered":"The Last of Us Part I \u2013 Steam Key B\u1ea3n Quy\u1ec1n Ch\u00ednh H\u00e3ng"},"content":{"rendered":"<blockquote><p><strong>The Last of Us Part I<\/strong> mang \u0111\u1ebfn c\u1ed1t truy\u1ec7n \u0111\u1ea7y c\u1ea3m x\u00fac v\u00e0 nh\u1eefng nh\u00e2n v\u1eadt kh\u00f3 qu\u00ean trong m\u1ed9t t\u00e1c ph\u1ea9m \u0111\u00e3 chi\u1ebfn th\u1eafng h\u01a1n 200 gi\u1ea3i th\u01b0\u1edfng Game c\u1ee7a N\u0103m. \u0110\u00e2y l\u00e0 b\u1ea3n remake ho\u00e0n to\u00e0n t\u1eeb t\u1ef1a game g\u1ed1c n\u0103m 2013, \u0111\u01b0\u1ee3c x\u00e2y d\u1ef1ng l\u1ea1i ho\u00e0n to\u00e0n tr\u00ean engine PS5 m\u1edbi nh\u1ea5t c\u1ee7a Naughty Dog.<\/p><\/blockquote>\n<p><img decoding=\"async\" class=\"wptangtoc-lazy entered gtloader\" title=\"The Last of Us Part I - Steam Key B\u1ea3n Quy\u1ec1n Ch\u00ednh H\u00e3ng T1XPC 20240828M1 047 PC Gameplay KAMIKEY\" src=\"https:\/\/shared.fastly.steamstatic.com\/store_item_assets\/steam\/apps\/1888930\/extras\/T1XPC_20240828M1_047_PC_Gameplay.gif?t=1750959031\" alt=\"T1XPC 20240828M1 047 PC Gameplay\" data-src=\"https:\/\/shared.fastly.steamstatic.com\/store_item_assets\/steam\/apps\/1888930\/extras\/T1XPC_20240828M1_047_PC_Gameplay.gif?t=1750959031\" data-ll-status=\"loaded\" \/><a title=\"B\u00e0i vi\u1ebft \u0111\u01b0\u1ee3c copy t\u1eeb Kamikey.com Ngu\u1ed3n b\u00e0i vi\u1ebft : The Last of Us Part I - Steam Key Ch\u00ednh H\u00e3ng Gi\u00e1 R\u1ebb\" href=\"https:\/\/kamikey.com\/products\/the-last-of-us-part-1-steam-key\/\" target=\"_blank\" rel=\"dofollow noopener\"><img loading=\"lazy\" decoding=\"async\" title=\"The Last of Us Part I - Steam Key Ch\u00ednh H\u00e3ng Gi\u00e1 R\u1ebb\" src=\"https:\/\/kamikey.com\/wp-content\/uploads\/2024\/10\/px.gif\" alt=\"The Last of Us Part I - Steam Key Ch\u00ednh H\u00e3ng Gi\u00e1 R\u1ebb\" width=\"1\" height=\"1\" border=\"0\" \/><\/a><\/p>\n<p>Trong n\u1ec1n v\u0103n minh suy t\u00e0n, n\u01a1i \u0111\u1ea7y r\u1eaby nh\u1eefng k\u1ebb b\u1ecb nhi\u1ec5m b\u1ec7nh v\u00e0 ng\u01b0\u1eddi s\u1ed1ng s\u00f3t c\u1ee9ng c\u1ecfi, Joel \u2013 m\u1ed9t nh\u00e2n v\u1eadt ch\u00ednh m\u1ec7t m\u1ecfi \u0111\u01b0\u1ee3c thu\u00ea \u0111\u1ec3 \u0111\u01b0a c\u00f4 b\u00e9 <strong>Ellie 14 tu\u1ed5i<\/strong> ra kh\u1ecfi khu c\u00e1ch ly qu\u00e2n s\u1ef1. Nhi\u1ec7m v\u1ee5 t\u01b0\u1edfng ch\u1eebng \u0111\u01a1n gi\u1ea3n d\u1ea7n bi\u1ebfn th\u00e0nh h\u00e0nh tr\u00ecnh t\u00e0n kh\u1ed1c xuy\u00ean su\u1ed1t n\u01b0\u1edbc M\u1ef9, n\u01a1i hai nh\u00e2n v\u1eadt ph\u1ea3i \u0111\u1ed1i m\u1eb7t v\u1edbi nh\u1eefng th\u1eed th\u00e1ch sinh t\u1ed3n kh\u1eafc nghi\u1ec7t.<\/p>\n<p><img loading=\"lazy\" decoding=\"async\" class=\"alignnone size-full wp-image-21167 wptangtoc-lazy entered gtloader\" title=\"The Last of Us Part I - Steam Key B\u1ea3n Quy\u1ec1n Ch\u00ednh H\u00e3ng The Last of Us Part 1 12 KAMIKEY\" src=\"https:\/\/kamikey.com\/wp-content\/uploads\/2024\/12\/The-Last-of-Us-Part-1-12.jpg\" sizes=\"auto, (max-width: 600px) 100vw, 600px\" alt=\"The Last of Us Part 1 12\" width=\"600\" height=\"337\" data-src=\"https:\/\/kamikey.com\/wp-content\/uploads\/2024\/12\/The-Last-of-Us-Part-1-12.jpg\" data-sizes=\"(max-width: 600px) 100vw, 600px\" data-ll-status=\"loaded\" \/><\/p>\n<p>Phi\u00ean b\u1ea3n n\u00e0y bao g\u1ed3m to\u00e0n b\u1ed9 c\u00e2u chuy\u1ec7n \u0111\u01a1n ng\u01b0\u1eddi ch\u01a1i c\u1ee7a The Last of Us v\u00e0 ch\u01b0\u01a1ng <strong>ti\u1ec1n truy\u1ec7n Left Behind<\/strong> n\u1ed5i ti\u1ebfng, h\u00e9 l\u1ed9 nh\u1eefng s\u1ef1 ki\u1ec7n \u0111\u00e3 thay \u0111\u1ed5i cu\u1ed9c \u0111\u1eddi Ellie v\u00e0 ng\u01b0\u1eddi b\u1ea1n th\u00e2n Riley m\u00e3i m\u00e3i. Left Behind \u0111\u01b0\u1ee3c t\u00edch h\u1ee3p s\u1eb5n v\u00e0 c\u00f3 th\u1ec3 truy c\u1eadp ngay t\u1eeb \u0111\u1ea7u, mang \u0111\u1ebfn g\u00f3c nh\u00ecn \u0111\u1ea7y \u0111\u1ee7 h\u01a1n v\u1ec1 c\u00e2u chuy\u1ec7n c\u1ee7a Ellie.<\/p>\n<p><img loading=\"lazy\" decoding=\"async\" class=\"alignnone size-full wp-image-21166 wptangtoc-lazy entered gtloader\" title=\"The Last of Us Part I - Steam Key B\u1ea3n Quy\u1ec1n Ch\u00ednh H\u00e3ng The Last of Us Part 1 11 KAMIKEY\" src=\"https:\/\/kamikey.com\/wp-content\/uploads\/2024\/12\/The-Last-of-Us-Part-1-11.jpg\" sizes=\"auto, (max-width: 600px) 100vw, 600px\" alt=\"The Last of Us Part 1 11\" width=\"600\" height=\"337\" data-src=\"https:\/\/kamikey.com\/wp-content\/uploads\/2024\/12\/The-Last-of-Us-Part-1-11.jpg\" data-sizes=\"(max-width: 600px) 100vw, 600px\" data-ll-status=\"loaded\" \/><\/p>\n<p>\u0110\u01b0\u1ee3c thi\u1ebft k\u1ebf d\u00e0nh ri\u00eang cho PC, <strong>The Last of Us Part I PC<\/strong> k\u00e8m theo v\u00f4 s\u1ed1 t\u00ednh n\u0103ng t\u1ed1i \u01b0u h\u00f3a v\u00e0 n\u00e2ng c\u1ea5p ch\u1ea5t l\u01b0\u1ee3ng. Phi\u00ean b\u1ea3n n\u00e0y h\u1ed7 tr\u1ee3 AMD FSR 2.2, Nvidia DLSS Super Resolution, VSync, t\u00f9y ch\u1ecdn gi\u1edbi h\u1ea1n t\u1ed1c \u0111\u1ed9 khung h\u00ecnh v\u00e0 m\u1ed9t lo\u1ea1t c\u00e1c t\u00ednh n\u0103ng \u0111\u01b0\u1ee3c thi\u1ebft k\u1ebf ri\u00eang cho PC nh\u01b0 Ch\u1ea5t l\u01b0\u1ee3ng Texture, \u0110\u1ed5 b\u00f3ng, Ph\u1ea3n chi\u1ebfu v\u00e0 Ambient Occlusion.<\/p>\n<p><img loading=\"lazy\" decoding=\"async\" class=\"alignnone size-full wp-image-21165 wptangtoc-lazy entered gtloader\" title=\"The Last of Us Part I - Steam Key B\u1ea3n Quy\u1ec1n Ch\u00ednh H\u00e3ng The Last of Us Part 1 10 KAMIKEY\" src=\"https:\/\/kamikey.com\/wp-content\/uploads\/2024\/12\/The-Last-of-Us-Part-1-10.jpg\" sizes=\"auto, (max-width: 600px) 100vw, 600px\" alt=\"The Last of Us Part 1 10\" width=\"600\" height=\"337\" data-src=\"https:\/\/kamikey.com\/wp-content\/uploads\/2024\/12\/The-Last-of-Us-Part-1-10.jpg\" data-sizes=\"(max-width: 600px) 100vw, 600px\" data-ll-status=\"loaded\" \/><\/p>\n<p>Ng\u01b0\u1eddi ch\u01a1i c\u00f3 th\u1ec3 ho\u00e0n to\u00e0n \u0111\u1eafm m\u00ecnh v\u00e0o khung c\u1ea3nh tuy\u1ec7t \u0111\u1eb9p nh\u01b0ng r\u00f9ng r\u1ee3n v\u1edbi <strong>\u0111\u1ed9 ph\u00e2n gi\u1ea3i 4K<\/strong> ch\u00e2n th\u1ef1c. Game h\u1ed7 tr\u1ee3 m\u00e0n h\u00ecnh Ultra-Wide v\u1edbi t\u1ef7 l\u1ec7 khung h\u00ecnh 21:9 v\u00e0 32:9 Super Ultrawide, t\u1eeb c\u00e1c khu ph\u1ed1 Boston QZ \u0111\u1ea7y th\u00f9 \u0111\u1ecbch \u0111\u1ebfn nh\u1eefng ng\u00f4i nh\u00e0 b\u1ecf hoang t\u1ea1i Bill\u2019s Town v\u00e0 nhi\u1ec1u \u0111\u1ecba \u0111i\u1ec3m kh\u00e1c.<\/p>\n<p><img decoding=\"async\" class=\"alignnone size-full wp-image-21164 wptangtoc-lazy\" title=\"The Last of Us Part I - Steam Key B\u1ea3n Quy\u1ec1n Ch\u00ednh H\u00e3ng The Last of Us Part 1 9 KAMIKEY\" src=\"data:;base64,<svg xmlns='http:\/\/www.w3.org\/2000\/svg' viewBox='0 0 600 337'\/>&#8221; alt=&#8221;The Last of Us Part 1 9&#8243; width=&#8221;600&#8243; height=&#8221;337&#8243; data-src=&#8221;https:\/\/kamikey.com\/wp-content\/uploads\/2024\/12\/The-Last-of-Us-Part-1-9.jpg&#8221; data-sizes=&#8221;(max-width: 600px) 100vw, 600px&#8221; \/><\/p>\n<p>Tr\u1ea3i nghi\u1ec7m \u00e2m thanh \u0111\u01b0\u1ee3c n\u00e2ng cao v\u1edbi <strong>c\u00f4ng ngh\u1ec7 \u00e2m thanh 3D<\/strong>, gi\u00fap ng\u01b0\u1eddi ch\u01a1i c\u1ea3m nh\u1eadn r\u00f5 t\u1eebng ti\u1ebfng l\u00e1 x\u00e0o x\u1ea1c, ti\u1ebfng k\u00ednh v\u1ee1 hay ti\u1ebfng ch\u00e2n c\u1ee7a k\u1ebb \u0111\u1ecbch. Mua game The Last of Us Part I s\u1ebd mang \u0111\u1ebfn nh\u1eefng ph\u00fat gi\u00e2y c\u0103ng th\u1eb3ng tuy\u1ec7t \u0111\u1ed1i trong cu\u1ed9c chi\u1ebfn sinh t\u1ed3n.<\/p>\n<p><img decoding=\"async\" class=\"alignnone size-full wp-image-21163 wptangtoc-lazy\" title=\"The Last of Us Part I - Steam Key B\u1ea3n Quy\u1ec1n Ch\u00ednh H\u00e3ng The Last of Us Part 1 8 KAMIKEY\" src=\"data:;base64,<svg xmlns='http:\/\/www.w3.org\/2000\/svg' viewBox='0 0 600 337'\/>&#8221; alt=&#8221;The Last of Us Part 1 8&#8243; width=&#8221;600&#8243; height=&#8221;337&#8243; data-src=&#8221;https:\/\/kamikey.com\/wp-content\/uploads\/2024\/12\/The-Last-of-Us-Part-1-8.jpg&#8221; data-sizes=&#8221;(max-width: 600px) 100vw, 600px&#8221; \/><\/p>\n<p>V\u1ec1 thi\u1ebft b\u1ecb ngo\u1ea1i vi, game h\u1ed7 tr\u1ee3 t\u00ednh n\u0103ng <strong>DualSense controller<\/strong> th\u00f4ng qua k\u1ebft n\u1ed1i c\u00f3 d\u00e2y v\u1edbi ph\u1ea3n h\u1ed3i haptic v\u00e0 dynamic trigger s\u1ed1ng \u0111\u1ed9ng. Ngo\u00e0i ra c\u00f2n h\u1ed7 tr\u1ee3 DualShock 4, b\u00e0n ph\u00edm chu\u1ed9t v\u00e0 nhi\u1ec1u lo\u1ea1i tay c\u1ea7m kh\u00e1c v\u1edbi c\u00e1c t\u00f9y ch\u1ecdn t\u00f9y ch\u1ec9nh \u0111i\u1ec1u khi\u1ec3n to\u00e0n di\u1ec7n.<\/p>\n<p><img decoding=\"async\" class=\"alignnone size-full wp-image-21162 wptangtoc-lazy\" title=\"The Last of Us Part I - Steam Key B\u1ea3n Quy\u1ec1n Ch\u00ednh H\u00e3ng The Last of Us Part 1 7 KAMIKEY\" src=\"data:;base64,<svg xmlns='http:\/\/www.w3.org\/2000\/svg' viewBox='0 0 600 337'\/>&#8221; alt=&#8221;The Last of Us Part 1 7&#8243; width=&#8221;600&#8243; height=&#8221;337&#8243; data-src=&#8221;https:\/\/kamikey.com\/wp-content\/uploads\/2024\/12\/The-Last-of-Us-Part-1-7.jpg&#8221; data-sizes=&#8221;(max-width: 600px) 100vw, 600px&#8221; \/><\/p>\n<p>Game \u0111\u01b0\u1ee3c ra m\u1eaft tr\u00ean Steam v\u00e0o ng\u00e0y 28 th\u00e1ng 3 n\u0103m 2023, m\u1eb7c d\u00f9 g\u1eb7p ph\u1ea3i m\u1ed9t s\u1ed1 v\u1ea5n \u0111\u1ec1 v\u1ec1 hi\u1ec7u su\u1ea5t ban \u0111\u1ea7u. Sau nhi\u1ec1u b\u1ea3n c\u1eadp nh\u1eadt, <strong>Steam Key The Last of Us Part I<\/strong> hi\u1ec7n \u0111\u00e3 \u0111\u01b0\u1ee3c t\u1ed1i \u01b0u h\u00f3a t\u1ed1t h\u01a1n v\u00e0 nh\u1eadn \u0111\u01b0\u1ee3c \u0111\u00e1nh gi\u00e1 t\u00edch c\u1ef1c t\u1eeb c\u1ed9ng \u0111\u1ed3ng game th\u1ee7.<\/p>\n<p><img decoding=\"async\" class=\"alignnone size-full wp-image-21161 wptangtoc-lazy\" title=\"The Last of Us Part I - Steam Key B\u1ea3n Quy\u1ec1n Ch\u00ednh H\u00e3ng The Last of Us Part 1 6 KAMIKEY\" src=\"data:;base64,<svg xmlns='http:\/\/www.w3.org\/2000\/svg' viewBox='0 0 600 337'\/>&#8221; alt=&#8221;The Last of Us Part 1 6&#8243; width=&#8221;600&#8243; height=&#8221;337&#8243; data-src=&#8221;https:\/\/kamikey.com\/wp-content\/uploads\/2024\/12\/The-Last-of-Us-Part-1-6.jpg&#8221; data-sizes=&#8221;(max-width: 600px) 100vw, 600px&#8221; \/><\/p>\n<p>V\u1edbi h\u01a1n 14 gi\u1edd gameplay ch\u00ednh v\u00e0 nh\u1eefng t\u00ednh n\u0103ng ti\u1ebfp c\u1eadn m\u1edf r\u1ed9ng, The Last of Us Part I l\u00e0 l\u1ef1a ch\u1ecdn ho\u00e0n h\u1ea3o cho nh\u1eefng ai mu\u1ed1n tr\u1ea3i nghi\u1ec7m m\u1ed9t trong nh\u1eefng <strong>t\u00e1c ph\u1ea9m kinh \u0111i\u1ec3n nh\u1ea5t<\/strong> c\u1ee7a th\u1ec3 lo\u1ea1i action-adventure. Steam Key Global The Last of Us Part I cho ph\u00e9p game th\u1ee7 tr\u00ean to\u00e0n th\u1ebf gi\u1edbi t\u1eadn h\u01b0\u1edfng cu\u1ed9c phi\u00eau l\u01b0u \u0111\u1ea7y c\u1ea3m x\u00fac n\u00e0y.<\/p>\n<p><img decoding=\"async\" class=\"alignnone size-full wp-image-21160 wptangtoc-lazy\" title=\"The Last of Us Part I - Steam Key B\u1ea3n Quy\u1ec1n Ch\u00ednh H\u00e3ng The Last of Us Part 1 5 KAMIKEY\" src=\"data:;base64,<svg xmlns='http:\/\/www.w3.org\/2000\/svg' viewBox='0 0 600 337'\/>&#8221; alt=&#8221;The Last of Us Part 1 5&#8243; width=&#8221;600&#8243; height=&#8221;337&#8243; data-src=&#8221;https:\/\/kamikey.com\/wp-content\/uploads\/2024\/12\/The-Last-of-Us-Part-1-5.jpg&#8221; data-sizes=&#8221;(max-width: 600px) 100vw, 600px&#8221; \/><\/p>\n<p>\u0110\u1eb7c bi\u1ec7t, khi mua Steam Key ch\u00ednh h\u00e3ng The Last of Us Part I, ng\u01b0\u1eddi ch\u01a1i s\u1ebd nh\u1eadn \u0111\u01b0\u1ee3c 2 \u00e1o ph\u00f4ng mi\u1ec5n ph\u00ed cho Ellie v\u00e0 6 skin v\u0169 kh\u00ed \u0111\u1ed9c quy\u1ec1n t\u1eeb Steam. \u0110\u00e2y l\u00e0 c\u01a1 h\u1ed9i tuy\u1ec7t v\u1eddi \u0111\u1ec3 s\u1edf h\u1eefu m\u1ed9t trong nh\u1eefng <strong>game hay nh\u1ea5t m\u1ecdi th\u1eddi \u0111\u1ea1i<\/strong> v\u1edbi gi\u00e1 c\u1ea3 h\u1ee3p l\u00fd th\u00f4ng qua c\u00e1c nh\u00e0 b\u00e1n l\u1ebb uy t\u00edn.<\/p>\n<p><img decoding=\"async\" class=\"alignnone size-full wp-image-21159 wptangtoc-lazy\" title=\"The Last of Us Part I - Steam Key B\u1ea3n Quy\u1ec1n Ch\u00ednh H\u00e3ng The Last of Us Part 1 4 KAMIKEY\" src=\"data:;base64,<svg xmlns='http:\/\/www.w3.org\/2000\/svg' viewBox='0 0 600 337'\/>&#8221; alt=&#8221;The Last of Us Part 1 4&#8243; width=&#8221;600&#8243; height=&#8221;337&#8243; data-src=&#8221;https:\/\/kamikey.com\/wp-content\/uploads\/2024\/12\/The-Last-of-Us-Part-1-4.jpg&#8221; data-sizes=&#8221;(max-width: 600px) 100vw, 600px&#8221; \/><\/p>\n<p><img decoding=\"async\" class=\"alignnone size-full wp-image-21158 wptangtoc-lazy\" title=\"The Last of Us Part I - Steam Key B\u1ea3n Quy\u1ec1n Ch\u00ednh H\u00e3ng The Last of Us Part 1 3 KAMIKEY\" src=\"data:;base64,<svg xmlns='http:\/\/www.w3.org\/2000\/svg' viewBox='0 0 600 337'\/>&#8221; alt=&#8221;The Last of Us Part 1 3&#8243; width=&#8221;600&#8243; height=&#8221;337&#8243; data-src=&#8221;https:\/\/kamikey.com\/wp-content\/uploads\/2024\/12\/The-Last-of-Us-Part-1-3.jpg&#8221; data-sizes=&#8221;(max-width: 600px) 100vw, 600px&#8221; \/><\/p>\n<p><img decoding=\"async\" class=\"alignnone size-full wp-image-21157 wptangtoc-lazy\" title=\"The Last of Us Part I - Steam Key B\u1ea3n Quy\u1ec1n Ch\u00ednh H\u00e3ng The Last of Us Part 1 2 KAMIKEY\" src=\"data:;base64,<svg xmlns='http:\/\/www.w3.org\/2000\/svg' viewBox='0 0 600 337'\/>&#8221; alt=&#8221;The Last of Us Part 1 2&#8243; width=&#8221;600&#8243; height=&#8221;337&#8243; data-src=&#8221;https:\/\/kamikey.com\/wp-content\/uploads\/2024\/12\/The-Last-of-Us-Part-1-2.jpg&#8221; data-sizes=&#8221;(max-width: 600px) 100vw, 600px&#8221; \/><\/p>\n<p><img decoding=\"async\" class=\"alignnone size-full wp-image-21168 wptangtoc-lazy\" title=\"The Last of Us Part I - Steam Key B\u1ea3n Quy\u1ec1n Ch\u00ednh H\u00e3ng The Last of Us Part 1 1 KAMIKEY\" src=\"data:;base64,<svg xmlns='http:\/\/www.w3.org\/2000\/svg' viewBox='0 0 600 337'\/>&#8221; alt=&#8221;The Last of Us Part 1 1&#8243; width=&#8221;600&#8243; height=&#8221;337&#8243; data-src=&#8221;https:\/\/kamikey.com\/wp-content\/uploads\/2024\/12\/The-Last-of-Us-Part-1-1.jpg&#8221; data-sizes=&#8221;(max-width: 600px) 100vw, 600px&#8221; \/><\/p>\n<div class=\"devvn_readmore_flatsome devvn_readmore_flatsome_more\"><a title=\"Xem th\u00eam\">Xem th\u00eam<\/a><\/div>\n<div class=\"devvn_readmore_flatsome devvn_readmore_flatsome_less\"><\/div>\n","protected":false},"excerpt":{"rendered":"<p>The Last of Us Part I mang \u0111\u1ebfn c\u1ed1t truy\u1ec7n \u0111\u1ea7y c\u1ea3m x\u00fac v\u00e0 nh\u1eefng nh\u00e2n v\u1eadt kh\u00f3 qu\u00ean trong m\u1ed9t t\u00e1c ph\u1ea9m \u0111\u00e3 chi\u1ebfn th\u1eafng h\u01a1n 200 gi\u1ea3i th\u01b0\u1edfng Game c\u1ee7a N\u0103m. \u0110\u00e2y l\u00e0 b\u1ea3n remake ho\u00e0n to\u00e0n t\u1eeb t\u1ef1a game g\u1ed1c n\u0103m 2013, \u0111\u01b0\u1ee3c x\u00e2y d\u1ef1ng l\u1ea1i ho\u00e0n to\u00e0n tr\u00ean engine PS5 m\u1edbi [&#8230;]\n","protected":false},"featured_media":141,"comment_status":"open","ping_status":"closed","template":"","meta":[],"product_brand":[],"product_cat":[15,25],"product_tag":[],"class_list":{"0":"post-140","1":"product","2":"type-product","3":"status-publish","4":"has-post-thumbnail","6":"product_cat-uncategorized","7":"product_cat-steam-key-chinh-hang","9":"first","10":"instock","11":"shipping-taxable","12":"purchasable","13":"product-type-simple"},"_links":{"self":[{"href":"https:\/\/kuteshop.store\/index.php\/wp-json\/wp\/v2\/product\/140","targetHints":{"allow":["GET"]}}],"collection":[{"href":"https:\/\/kuteshop.store\/index.php\/wp-json\/wp\/v2\/product"}],"about":[{"href":"https:\/\/kuteshop.store\/index.php\/wp-json\/wp\/v2\/types\/product"}],"replies":[{"embeddable":true,"href":"https:\/\/kuteshop.store\/index.php\/wp-json\/wp\/v2\/comments?post=140"}],"wp:featuredmedia":[{"embeddable":true,"href":"https:\/\/kuteshop.store\/index.php\/wp-json\/wp\/v2\/media\/141"}],"wp:attachment":[{"href":"https:\/\/kuteshop.store\/index.php\/wp-json\/wp\/v2\/media?parent=140"}],"wp:term":[{"taxonomy":"product_brand","embeddable":true,"href":"https:\/\/kuteshop.store\/index.php\/wp-json\/wp\/v2\/product_brand?post=140"},{"taxonomy":"product_cat","embeddable":true,"href":"https:\/\/kuteshop.store\/index.php\/wp-json\/wp\/v2\/product_cat?post=140"},{"taxonomy":"product_tag","embeddable":true,"href":"https:\/\/kuteshop.store\/index.php\/wp-json\/wp\/v2\/product_tag?post=140"}],"curies":[{"name":"wp","href":"https:\/\/api.w.org\/{rel}","templated":true}]}}