{"id":138,"date":"2026-03-09T13:20:57","date_gmt":"2026-03-09T13:20:57","guid":{"rendered":"https:\/\/kuteshop.store\/?post_type=product&#038;p=138"},"modified":"2026-03-09T13:52:50","modified_gmt":"2026-03-09T13:52:50","slug":"elden-ring-nightreign-steam-key-ban-quyen-chinh-hang","status":"publish","type":"product","link":"https:\/\/kuteshop.store\/index.php\/product\/elden-ring-nightreign-steam-key-ban-quyen-chinh-hang\/","title":{"rendered":"ELDEN RING NIGHTREIGN \u2013 Steam Key B\u1ea3n Quy\u1ec1n Ch\u00ednh H\u00e3ng"},"content":{"rendered":"<blockquote><p><strong>Elden Ring Nightreign<\/strong> l\u00e0 m\u1ed9t <b>cu\u1ed9c phi\u00eau l\u01b0u \u0111\u1ed9c l\u1eadp<\/b> trong v\u0169 tr\u1ee5 Elden Ring, mang \u0111\u1ebfn tr\u1ea3i nghi\u1ec7m ch\u01a1i game ho\u00e0n to\u00e0n m\u1edbi b\u1eb1ng c\u00e1ch t\u00e1i \u0111\u1ecbnh ngh\u0129a thi\u1ebft k\u1ebf c\u1ed1t l\u00f5i c\u1ee7a t\u1ef1a game g\u1ed1c. Game \u0111\u01b0\u1ee3c ph\u00e1t tri\u1ec3n b\u1edfi FromSoftware v\u00e0 ph\u00e1t h\u00e0nh b\u1edfi Bandai Namco, d\u1ef1 ki\u1ebfn ra m\u1eaft v\u00e0o ng\u00e0y 30 th\u00e1ng 5 n\u0103m 2025.<\/p><\/blockquote>\n<p><img decoding=\"async\" class=\"wptangtoc-lazy entered gtloader\" title=\"ELDEN RING NIGHTREIGN - Steam Key B\u1ea3n Quy\u1ec1n Ch\u00ednh H\u00e3ng GRS STEAM GIF01 RISE TOGETHER KAMIKEY\" src=\"https:\/\/shared.cloudflare.steamstatic.com\/store_item_assets\/steam\/apps\/2622380\/extras\/GRS_STEAM_GIF01_RISE_TOGETHER.gif?t=1739500611\" alt=\"GRS STEAM GIF01 RISE TOGETHER\" data-src=\"https:\/\/shared.cloudflare.steamstatic.com\/store_item_assets\/steam\/apps\/2622380\/extras\/GRS_STEAM_GIF01_RISE_TOGETHER.gif?t=1739500611\" data-ll-status=\"loaded\" \/><a title=\"B\u00e0i vi\u1ebft \u0111\u01b0\u1ee3c copy t\u1eeb Kamikey.com Ngu\u1ed3n b\u00e0i vi\u1ebft : ELDEN RING NIGHTREIGN - Steam Key Ch\u00ednh H\u00e3ng\" href=\"https:\/\/kamikey.com\/products\/elden-ring-nightreign-steam-key\/\" target=\"_blank\" rel=\"dofollow noopener\"><img loading=\"lazy\" decoding=\"async\" title=\"ELDEN RING NIGHTREIGN - Steam Key Ch\u00ednh H\u00e3ng\" src=\"https:\/\/kamikey.com\/wp-content\/uploads\/2024\/10\/px.gif\" alt=\"ELDEN RING NIGHTREIGN - Steam Key Ch\u00ednh H\u00e3ng\" width=\"1\" height=\"1\" border=\"0\" \/><\/a><\/p>\n<p>K\u1ebf th\u1eeba th\u00e0nh c\u00f4ng vang d\u1ed9i c\u1ee7a <b>Elden Ring<\/b> v\u1edbi h\u01a1n 20 tri\u1ec7u b\u1ea3n \u0111\u01b0\u1ee3c b\u00e1n ra tr\u00ean to\u00e0n c\u1ea7u, phi\u00ean b\u1ea3n Nightreign ti\u1ebfp t\u1ee5c ph\u00e1t huy DNA \u0111\u1ed9c \u0111\u00e1o c\u1ee7a d\u00f2ng game Souls-like n\u1ed5i ti\u1ebfng. \u0110\u1ed9 kh\u00f3 th\u00e1ch th\u1ee9c, h\u1ec7 th\u1ed1ng chi\u1ebfn \u0111\u1ea5u ch\u00ednh x\u00e1c v\u00e0 c\u01a1 ch\u1ebf kh\u00e1m ph\u00e1 s\u00e2u r\u1ed9ng \u0111\u00e3 t\u1ea1o n\u00ean m\u1ed9t c\u1ed9ng \u0111\u1ed3ng ng\u01b0\u1eddi ch\u01a1i trung th\u00e0nh, s\u1eb5n s\u00e0ng d\u00e0nh h\u00e0ng tr\u0103m gi\u1edd \u0111\u1ec3 kh\u00e1m ph\u00e1 m\u1ecdi ng\u00f3c ng\u00e1ch c\u1ee7a th\u1ebf gi\u1edbi game.<\/p>\n<p><img loading=\"lazy\" decoding=\"async\" class=\"alignnone size-full wp-image-13193 wptangtoc-lazy entered gtloader\" title=\"ELDEN RING NIGHTREIGN - Steam Key B\u1ea3n Quy\u1ec1n Ch\u00ednh H\u00e3ng ELDEN RING NIGHTREIGN 9 KAMIKEY\" src=\"https:\/\/kamikey.com\/wp-content\/uploads\/2025\/02\/ELDEN-RING-NIGHTREIGN-9.jpg\" sizes=\"auto, (max-width: 600px) 100vw, 600px\" alt=\"ELDEN RING NIGHTREIGN 9\" width=\"600\" height=\"337\" data-src=\"https:\/\/kamikey.com\/wp-content\/uploads\/2025\/02\/ELDEN-RING-NIGHTREIGN-9.jpg\" data-sizes=\"(max-width: 600px) 100vw, 600px\" data-ll-status=\"loaded\" \/><\/p>\n<p>\u0110i\u1ec3m n\u1ed5i b\u1eadt c\u1ee7a t\u1ef1a game l\u00e0 <b>ch\u1ebf \u0111\u1ed9 ch\u01a1i co-op 3 ng\u01b0\u1eddi<\/b>, cho ph\u00e9p ng\u01b0\u1eddi ch\u01a1i h\u1ee3p t\u00e1c c\u00f9ng nhau \u0111\u1ec3 \u0111\u01b0\u01a1ng \u0111\u1ea7u v\u1edbi b\u00f3ng \u0111\u00eam \u0111ang lan tr\u00e0n. M\u1ed7i nh\u00e2n v\u1eadt \u0111\u1ec1u s\u1edf h\u1eefu nh\u1eefng k\u1ef9 n\u0103ng v\u00e0 phong c\u00e1ch chi\u1ebfn \u0111\u1ea5u \u0111\u1ed9c \u0111\u00e1o ri\u00eang, t\u1eeb c\u00e1c chi\u00eau th\u1ee9c ma thu\u1eadt m\u1ea1nh m\u1ebd cho \u0111\u1ebfn nh\u1eefng \u0111\u00f2n t\u1ea5n c\u00f4ng c\u1eadn chi\u1ebfn t\u00e0n b\u1ea1o, t\u1ea1o n\u00ean s\u1ef1 ph\u1ed1i h\u1ee3p \u0111a d\u1ea1ng khi \u0111\u01b0\u1ee3c k\u1ebft h\u1ee3p trong m\u1ed9t \u0111\u1ed9i.<\/p>\n<p><img loading=\"lazy\" decoding=\"async\" class=\"alignnone size-full wp-image-13194 wptangtoc-lazy entered gtloader\" title=\"ELDEN RING NIGHTREIGN - Steam Key B\u1ea3n Quy\u1ec1n Ch\u00ednh H\u00e3ng ELDEN RING NIGHTREIGN 1 KAMIKEY\" src=\"https:\/\/kamikey.com\/wp-content\/uploads\/2025\/02\/ELDEN-RING-NIGHTREIGN-1.jpg\" sizes=\"auto, (max-width: 600px) 100vw, 600px\" alt=\"ELDEN RING NIGHTREIGN 1\" width=\"600\" height=\"337\" data-src=\"https:\/\/kamikey.com\/wp-content\/uploads\/2025\/02\/ELDEN-RING-NIGHTREIGN-1.jpg\" data-sizes=\"(max-width: 600px) 100vw, 600px\" data-ll-status=\"loaded\" \/><\/p>\n<p>Game di\u1ec5n ra t\u1ea1i v\u00f9ng \u0111\u1ea5t <b>Limgrave bi\u1ebfn \u0111\u1ed5i<\/b>, v\u1edbi nh\u1eefng thay \u0111\u1ed5i li\u00ean t\u1ee5c gi\u1eefa c\u00e1c phi\u00ean ch\u01a1i. Ng\u01b0\u1eddi ch\u01a1i s\u1ebd ph\u1ea3i \u0111\u1ed1i m\u1eb7t v\u1edbi c\u00e1c boss mang t\u00ednh bi\u1ec3u t\u01b0\u1ee3ng, nh\u1eefng k\u1ebb th\u00f9 kh\u00f3 nh\u1eb1n v\u00e0 c\u00e1c th\u1eed th\u00e1ch m\u00f4i tr\u01b0\u1eddng \u0111\u1ea7y c\u0103ng th\u1eb3ng. M\u1ed7i th\u1ea5t b\u1ea1i \u0111\u1ec1u l\u00e0 m\u1ed9t b\u00e0i h\u1ecdc, v\u00e0 m\u1ed7i chi\u1ebfn th\u1eafng \u0111\u1ec1u mang l\u1ea1i c\u1ea3m gi\u00e1c th\u1ecfa m\u00e3n kh\u00f3 t\u1ea3 \u2013 \u0111\u1eb7c tr\u01b0ng c\u1ee7a d\u00f2ng game Souls.<\/p>\n<p><img loading=\"lazy\" decoding=\"async\" class=\"alignnone size-full wp-image-13192 wptangtoc-lazy entered gtloader\" title=\"ELDEN RING NIGHTREIGN - Steam Key B\u1ea3n Quy\u1ec1n Ch\u00ednh H\u00e3ng ELDEN RING NIGHTREIGN 8 KAMIKEY\" src=\"https:\/\/kamikey.com\/wp-content\/uploads\/2025\/02\/ELDEN-RING-NIGHTREIGN-8.jpg\" sizes=\"auto, (max-width: 600px) 100vw, 600px\" alt=\"ELDEN RING NIGHTREIGN 8\" width=\"600\" height=\"337\" data-src=\"https:\/\/kamikey.com\/wp-content\/uploads\/2025\/02\/ELDEN-RING-NIGHTREIGN-8.jpg\" data-sizes=\"(max-width: 600px) 100vw, 600px\" data-ll-status=\"loaded\" \/><\/p>\n<p>V\u1ec1 <b>c\u01a1 ch\u1ebf chi\u1ebfn \u0111\u1ea5u<\/b>, game n\u00e2ng t\u1ea7m h\u1ec7 th\u1ed1ng \u0111\u1eb7c tr\u01b0ng c\u1ee7a FromSoftware v\u1edbi c\u00e1c y\u1ebfu t\u1ed1 co-op s\u00e2u s\u1eafc. Ng\u01b0\u1eddi ch\u01a1i kh\u00f4ng ch\u1ec9 c\u1ea7n th\u00e0nh th\u1ea1o k\u1ef9 n\u0103ng c\u00e1 nh\u00e2n m\u00e0 c\u00f2n ph\u1ea3i ph\u1ed1i h\u1ee3p nh\u1ecbp nh\u00e0ng trong \u0111\u1ed9i. M\u1ed7i build nh\u00e2n v\u1eadt, m\u1ed7i chi\u1ebfn thu\u1eadt v\u00e0 m\u1ed7i m\u00f3n v\u0169 kh\u00ed \u0111\u1ec1u mang \u0111\u1ebfn nh\u1eefng tr\u1ea3i nghi\u1ec7m chi\u1ebfn \u0111\u1ea5u \u0111\u1ed9c \u0111\u00e1o, t\u1ea1o n\u00ean \u0111\u1ed9 g\u00e2y nghi\u1ec7n v\u00e0 kh\u1ea3 n\u0103ng replay c\u1ef1c cao.<\/p>\n<p><img class=\"alignnone size-full wp-image-13191 wptangtoc-lazy\" title=\"ELDEN RING NIGHTREIGN - Steam Key B\u1ea3n Quy\u1ec1n Ch\u00ednh H\u00e3ng ELDEN RING NIGHTREIGN 7 KAMIKEY\" alt=\"ELDEN RING NIGHTREIGN 7\" width=\"600\" height=\"337\" data-src=\"https:\/\/kamikey.com\/wp-content\/uploads\/2025\/02\/ELDEN-RING-NIGHTREIGN-7.jpg\" data-sizes=\"(max-width: 600px) 100vw, 600px\" \/><\/p>\n<p>V\u1ec1 c\u1ed1t truy\u1ec7n, game mang \u0111\u1ebfn m\u1ed9t <b>th\u1ebf gi\u1edbi huy\u1ec1n b\u00ed<\/b> v\u1edbi nh\u1eefng manh m\u1ed1i \u0111\u01b0\u1ee3c gi\u1ea5u k\u00edn trong t\u1eebng ng\u00f3c ng\u00e1ch. Theo phong c\u00e1ch FromSoftware, c\u1ed1t truy\u1ec7n \u0111\u01b0\u1ee3c k\u1ec3 m\u1ed9t c\u00e1ch tinh t\u1ebf th\u00f4ng qua c\u00e1c m\u00f4 t\u1ea3 v\u1eadt ph\u1ea9m, \u0111\u1ed1i tho\u1ea1i \u1ea9n \u00fd v\u00e0 thi\u1ebft k\u1ebf m\u00f4i tr\u01b0\u1eddng, khuy\u1ebfn kh\u00edch ng\u01b0\u1eddi ch\u01a1i \u0111\u00e0o s\u00e2u v\u00e0o lore phong ph\u00fa c\u1ee7a th\u1ebf gi\u1edbi game.<\/p>\n<p><img class=\"alignnone size-full wp-image-13190 wptangtoc-lazy\" title=\"ELDEN RING NIGHTREIGN - Steam Key B\u1ea3n Quy\u1ec1n Ch\u00ednh H\u00e3ng ELDEN RING NIGHTREIGN 6 KAMIKEY\" alt=\"ELDEN RING NIGHTREIGN 6\" width=\"600\" height=\"337\" data-src=\"https:\/\/kamikey.com\/wp-content\/uploads\/2025\/02\/ELDEN-RING-NIGHTREIGN-6.jpg\" data-sizes=\"(max-width: 600px) 100vw, 600px\" \/><\/p>\n<p>Phi\u00ean b\u1ea3n <b>Deluxe Edition<\/b> c\u1ee7a game bao g\u1ed3m th\u00eam c\u00e1c nh\u00e2n v\u1eadt v\u00e0 boss c\u00f3 th\u1ec3 ch\u01a1i \u0111\u01b0\u1ee3c, s\u00e1ch ngh\u1ec7 thu\u1eadt k\u1ef9 thu\u1eadt s\u1ed1 v\u00e0 nh\u1ea1c n\u1ec1n mini. N\u1ed9i dung DLC b\u1ed5 sung d\u1ef1 ki\u1ebfn ph\u00e1t h\u00e0nh v\u00e0o Q4 2025 s\u1ebd m\u1edf r\u1ed9ng th\u00eam th\u1ebf gi\u1edbi game v\u1edbi nh\u1eefng th\u1eed th\u00e1ch m\u1edbi v\u00e0 c\u00e1c trang b\u1ecb \u0111\u1ed9c \u0111\u00e1o, ti\u1ebfp t\u1ee5c duy tr\u00ec s\u1ef1 g\u00e2y nghi\u1ec7n c\u1ee7a t\u1ef1a game n\u00e0y.<\/p>\n<p><img class=\"alignnone size-full wp-image-13189 wptangtoc-lazy\" title=\"ELDEN RING NIGHTREIGN - Steam Key B\u1ea3n Quy\u1ec1n Ch\u00ednh H\u00e3ng ELDEN RING NIGHTREIGN 5 KAMIKEY\" alt=\"ELDEN RING NIGHTREIGN 5\" width=\"600\" height=\"337\" data-src=\"https:\/\/kamikey.com\/wp-content\/uploads\/2025\/02\/ELDEN-RING-NIGHTREIGN-5.jpg\" data-sizes=\"(max-width: 600px) 100vw, 600px\" \/><\/p>\n<p><img class=\"alignnone size-full wp-image-13188 wptangtoc-lazy\" title=\"ELDEN RING NIGHTREIGN - Steam Key B\u1ea3n Quy\u1ec1n Ch\u00ednh H\u00e3ng ELDEN RING NIGHTREIGN 4 KAMIKEY\" alt=\"ELDEN RING NIGHTREIGN 4\" width=\"600\" height=\"337\" data-src=\"https:\/\/kamikey.com\/wp-content\/uploads\/2025\/02\/ELDEN-RING-NIGHTREIGN-4.jpg\" data-sizes=\"(max-width: 600px) 100vw, 600px\" \/><\/p>\n<p><img class=\"alignnone size-full wp-image-13187 wptangtoc-lazy\" title=\"ELDEN RING NIGHTREIGN - Steam Key B\u1ea3n Quy\u1ec1n Ch\u00ednh H\u00e3ng ELDEN RING NIGHTREIGN 3 KAMIKEY\" alt=\"ELDEN RING NIGHTREIGN 3\" width=\"600\" height=\"337\" data-src=\"https:\/\/kamikey.com\/wp-content\/uploads\/2025\/02\/ELDEN-RING-NIGHTREIGN-3.jpg\" data-sizes=\"(max-width: 600px) 100vw, 600px\" \/><\/p>\n<p><img class=\"alignnone size-full wp-image-13186 wptangtoc-lazy\" title=\"ELDEN RING NIGHTREIGN - Steam Key B\u1ea3n Quy\u1ec1n Ch\u00ednh H\u00e3ng ELDEN RING NIGHTREIGN 2 KAMIKEY\" alt=\"ELDEN RING NIGHTREIGN 2\" width=\"600\" height=\"337\" data-src=\"https:\/\/kamikey.com\/wp-content\/uploads\/2025\/02\/ELDEN-RING-NIGHTREIGN-2.jpg\" data-sizes=\"(max-width: 600px) 100vw, 600px\" \/><\/p>\n<div class=\"devvn_readmore_flatsome devvn_readmore_flatsome_more\"><a title=\"Xem th\u00eam\">Xem th\u00eam<\/a><\/div>\n<div class=\"devvn_readmore_flatsome devvn_readmore_flatsome_less\"><\/div>\n","protected":false},"excerpt":{"rendered":"<p>Elden Ring Nightreign l\u00e0 m\u1ed9t cu\u1ed9c phi\u00eau l\u01b0u \u0111\u1ed9c l\u1eadp trong v\u0169 tr\u1ee5 Elden Ring, mang \u0111\u1ebfn tr\u1ea3i nghi\u1ec7m ch\u01a1i game ho\u00e0n to\u00e0n m\u1edbi b\u1eb1ng c\u00e1ch t\u00e1i \u0111\u1ecbnh ngh\u0129a thi\u1ebft k\u1ebf c\u1ed1t l\u00f5i c\u1ee7a t\u1ef1a game g\u1ed1c. Game \u0111\u01b0\u1ee3c ph\u00e1t tri\u1ec3n b\u1edfi FromSoftware v\u00e0 ph\u00e1t h\u00e0nh b\u1edfi Bandai Namco, d\u1ef1 ki\u1ebfn ra m\u1eaft v\u00e0o ng\u00e0y [&#8230;]\n","protected":false},"featured_media":148,"comment_status":"open","ping_status":"closed","template":"","meta":[],"product_brand":[],"product_cat":[15,25],"product_tag":[],"class_list":{"0":"post-138","1":"product","2":"type-product","3":"status-publish","4":"has-post-thumbnail","6":"product_cat-uncategorized","7":"product_cat-steam-key-chinh-hang","9":"first","10":"instock","11":"shipping-taxable","12":"purchasable","13":"product-type-simple"},"_links":{"self":[{"href":"https:\/\/kuteshop.store\/index.php\/wp-json\/wp\/v2\/product\/138","targetHints":{"allow":["GET"]}}],"collection":[{"href":"https:\/\/kuteshop.store\/index.php\/wp-json\/wp\/v2\/product"}],"about":[{"href":"https:\/\/kuteshop.store\/index.php\/wp-json\/wp\/v2\/types\/product"}],"replies":[{"embeddable":true,"href":"https:\/\/kuteshop.store\/index.php\/wp-json\/wp\/v2\/comments?post=138"}],"wp:featuredmedia":[{"embeddable":true,"href":"https:\/\/kuteshop.store\/index.php\/wp-json\/wp\/v2\/media\/148"}],"wp:attachment":[{"href":"https:\/\/kuteshop.store\/index.php\/wp-json\/wp\/v2\/media?parent=138"}],"wp:term":[{"taxonomy":"product_brand","embeddable":true,"href":"https:\/\/kuteshop.store\/index.php\/wp-json\/wp\/v2\/product_brand?post=138"},{"taxonomy":"product_cat","embeddable":true,"href":"https:\/\/kuteshop.store\/index.php\/wp-json\/wp\/v2\/product_cat?post=138"},{"taxonomy":"product_tag","embeddable":true,"href":"https:\/\/kuteshop.store\/index.php\/wp-json\/wp\/v2\/product_tag?post=138"}],"curies":[{"name":"wp","href":"https:\/\/api.w.org\/{rel}","templated":true}]}}