{"id":136,"date":"2026-03-09T13:19:40","date_gmt":"2026-03-09T13:19:40","guid":{"rendered":"https:\/\/kuteshop.store\/?post_type=product&#038;p=136"},"modified":"2026-03-09T13:44:30","modified_gmt":"2026-03-09T13:44:30","slug":"god-of-war-ragnarok-steam-key-ban-quyen-chinh-hang","status":"publish","type":"product","link":"https:\/\/kuteshop.store\/index.php\/product\/god-of-war-ragnarok-steam-key-ban-quyen-chinh-hang\/","title":{"rendered":"God Of War Ragnarok \u2013 Steam Key B\u1ea3n Quy\u1ec1n Ch\u00ednh H\u00e3ng"},"content":{"rendered":"<blockquote><p><strong>God of War Ragnar\u00f6k<\/strong> l\u00e0 ph\u1ea7n ti\u1ebfp theo ho\u00e0nh tr\u00e1ng c\u1ee7a series God of War \u0111\u01b0\u1ee3c ph\u00e1t tri\u1ec3n b\u1edfi Santa Monica Studio v\u00e0 \u0111\u01b0\u1ee3c chuy\u1ec3n th\u1ec3 sang PC b\u1edfi Jetpack Interactive. T\u1eeb khi ra m\u1eaft tr\u00ean PlayStation v\u00e0o th\u00e1ng 11\/2022, tr\u00f2 ch\u01a1i n\u00e0y \u0111\u00e3 kh\u1eb3ng \u0111\u1ecbnh v\u1ecb th\u1ebf l\u00e0 m\u1ed9t trong nh\u1eefng t\u00e1c ph\u1ea9m <strong>h\u00e0nh \u0111\u1ed9ng phi\u00eau l\u01b0u<\/strong> xu\u1ea5t s\u1eafc nh\u1ea5t c\u1ee7a th\u1ebf h\u1ec7.<\/p><\/blockquote>\n<p><img loading=\"lazy\" decoding=\"async\" class=\"alignnone size-full wp-image-20448 wptangtoc-lazy entered gtloader\" title=\"God Of War Ragnarok - Steam Key B\u1ea3n Quy\u1ec1n Ch\u00ednh H\u00e3ng God of War Ragnarok 1 KAMIKEY\" src=\"https:\/\/kamikey.com\/wp-content\/uploads\/2025\/06\/God-of-War-Ragnarok-1.jpg\" sizes=\"auto, (max-width: 600px) 100vw, 600px\" alt=\"God of War Ragnarok 1\" width=\"600\" height=\"337\" data-src=\"https:\/\/kamikey.com\/wp-content\/uploads\/2025\/06\/God-of-War-Ragnarok-1.jpg\" data-sizes=\"(max-width: 600px) 100vw, 600px\" data-ll-status=\"loaded\" \/><a title=\"B\u00e0i vi\u1ebft \u0111\u01b0\u1ee3c copy t\u1eeb Kamikey.com Ngu\u1ed3n b\u00e0i vi\u1ebft : God Of War Ragnarok - Steam Key N\u1ea1p \u0110\u01b0\u1ee3c \u1ede Vi\u1ec7t Nam\" href=\"https:\/\/kamikey.com\/products\/god-of-war-ragnarok-steam-key\/\" target=\"_blank\" rel=\"dofollow noopener\"><img loading=\"lazy\" decoding=\"async\" title=\"God Of War Ragnarok - Steam Key N\u1ea1p \u0110\u01b0\u1ee3c \u1ede Vi\u1ec7t Nam\" src=\"https:\/\/kamikey.com\/wp-content\/uploads\/2024\/10\/px.gif\" alt=\"God Of War Ragnarok - Steam Key N\u1ea1p \u0110\u01b0\u1ee3c \u1ede Vi\u1ec7t Nam\" width=\"1\" height=\"1\" border=\"0\" \/><\/a><\/p>\n<p>C\u00e2u chuy\u1ec7n b\u1eaft \u0111\u1ea7u v\u1edbi Fimbulwinter \u0111ang ho\u00e0nh h\u00e0nh d\u1eef d\u1ed9i, b\u00e1o hi\u1ec7u s\u1ef1 ki\u1ec7n Ragnar\u00f6k s\u1eafp x\u1ea3y ra. Kratos v\u00e0 con trai Atreus ph\u1ea3i th\u1ef1c hi\u1ec7n cu\u1ed9c h\u00e0nh tr\u00ecnh nguy hi\u1ec3m \u0111\u1ebfn t\u1eebng v\u00f9ng trong <strong>C\u1eedu Gi\u1edbi<\/strong> \u0111\u1ec3 t\u00ecm ki\u1ebfm c\u00e2u tr\u1ea3 l\u1eddi, trong khi l\u1ef1c l\u01b0\u1ee3ng c\u1ee7a Odin \u1edf Asgard \u0111ang chu\u1ea9n b\u1ecb cho tr\u1eadn chi\u1ebfn \u0111\u01b0\u1ee3c ti\u00ean tri s\u1ebd g\u00e2y ra ng\u00e0y t\u1eadn th\u1ebf.<\/p>\n<p><img loading=\"lazy\" decoding=\"async\" class=\"alignnone size-full wp-image-20447 wptangtoc-lazy entered gtloader\" title=\"God Of War Ragnarok - Steam Key B\u1ea3n Quy\u1ec1n Ch\u00ednh H\u00e3ng God of War Ragnarok 11 KAMIKEY\" src=\"https:\/\/kamikey.com\/wp-content\/uploads\/2025\/06\/God-of-War-Ragnarok-11.jpg\" sizes=\"auto, (max-width: 600px) 100vw, 600px\" alt=\"God of War Ragnarok 11\" width=\"600\" height=\"337\" data-src=\"https:\/\/kamikey.com\/wp-content\/uploads\/2025\/06\/God-of-War-Ragnarok-11.jpg\" data-sizes=\"(max-width: 600px) 100vw, 600px\" data-ll-status=\"loaded\" \/><\/p>\n<p>H\u1ec7 th\u1ed1ng chi\u1ebfn \u0111\u1ea5u trong God of War Ragnar\u00f6k \u0111\u01b0\u1ee3c n\u00e2ng c\u1ea5p \u0111\u00e1ng k\u1ec3 v\u1edbi <strong>R\u00ecu Leviathan<\/strong>, c\u1eb7p H\u1ed7n Nguy\u00ean \u0110ao v\u00e0 t\u1ea5m Khi\u00ean V\u1ec7 binh tr\u1edf l\u1ea1i c\u00f9ng m\u1ed9t lo\u1ea1t chi\u00eau th\u1ee9c m\u1edbi. C\u1ea3 Kratos v\u00e0 Atreus \u0111\u1ec1u c\u00f3 nh\u1eefng k\u1ef9 n\u0103ng v\u00e0 v\u0169 kh\u00ed ri\u00eang bi\u1ec7t, t\u1ea1o n\u00ean tr\u1ea3i nghi\u1ec7m chi\u1ebfn \u0111\u1ea5u \u0111a d\u1ea1ng v\u00e0 m\u00e3n nh\u00e3n khi \u0111\u1ed1i m\u1eb7t v\u1edbi c\u00e1c v\u1ecb th\u1ea7n v\u00e0 qu\u00e1i v\u1eadt B\u1eafc \u00c2u.<\/p>\n<p><img loading=\"lazy\" decoding=\"async\" class=\"alignnone size-full wp-image-20446 wptangtoc-lazy entered gtloader\" title=\"God Of War Ragnarok - Steam Key B\u1ea3n Quy\u1ec1n Ch\u00ednh H\u00e3ng God of War Ragnarok 10 KAMIKEY\" src=\"https:\/\/kamikey.com\/wp-content\/uploads\/2025\/06\/God-of-War-Ragnarok-10.jpg\" sizes=\"auto, (max-width: 600px) 100vw, 600px\" alt=\"God of War Ragnarok 10\" width=\"600\" height=\"337\" data-src=\"https:\/\/kamikey.com\/wp-content\/uploads\/2025\/06\/God-of-War-Ragnarok-10.jpg\" data-sizes=\"(max-width: 600px) 100vw, 600px\" data-ll-status=\"loaded\" \/><\/p>\n<p>\u0110\u1eb7c bi\u1ec7t, game bao g\u1ed3m DLC <strong>God of War Ragnar\u00f6k: Valhalla<\/strong> ho\u00e0n to\u00e0n mi\u1ec5n ph\u00ed \u2013 m\u1ed9t ch\u1ebf \u0111\u1ed9 roguelike \u0111\u1ed9c \u0111\u00e1o k\u1ebft h\u1ee3p gi\u1eefa h\u00e0nh \u0111\u1ed9ng God of War truy\u1ec1n th\u1ed1ng v\u1edbi c\u00e1c y\u1ebfu t\u1ed1 th\u1eed nghi\u1ec7m m\u1edbi. Valhalla kh\u00f4ng ch\u1ec9 l\u00e0 m\u1ed9t ch\u1ebf \u0111\u1ed9 ch\u01a1i b\u1ed5 sung m\u00e0 c\u00f2n \u0111\u00f3ng vai tr\u00f2 l\u00e0 <strong>h\u1ed3i k\u1ebft ho\u00e0n h\u1ea3o<\/strong> cho h\u00e0nh tr\u00ecnh Norse c\u1ee7a Kratos, k\u1ebft n\u1ed1i c\u1ea3 hai saga Hy L\u1ea1p v\u00e0 B\u1eafc \u00c2u trong m\u1ed9t c\u00e2u chuy\u1ec7n s\u00e2u s\u1eafc v\u1ec1 s\u1ef1 chi\u00eam nghi\u1ec7m v\u00e0 ph\u00e1t tri\u1ec3n n\u1ed9i t\u00e2m.<\/p>\n<p><img loading=\"lazy\" decoding=\"async\" class=\"alignnone size-full wp-image-20445 wptangtoc-lazy entered gtloader\" title=\"God Of War Ragnarok - Steam Key B\u1ea3n Quy\u1ec1n Ch\u00ednh H\u00e3ng God of War Ragnarok 9 KAMIKEY\" src=\"https:\/\/kamikey.com\/wp-content\/uploads\/2025\/06\/God-of-War-Ragnarok-9.jpg\" sizes=\"auto, (max-width: 600px) 100vw, 600px\" alt=\"God of War Ragnarok 9\" width=\"600\" height=\"337\" data-src=\"https:\/\/kamikey.com\/wp-content\/uploads\/2025\/06\/God-of-War-Ragnarok-9.jpg\" data-sizes=\"(max-width: 600px) 100vw, 600px\" data-ll-status=\"loaded\" \/><\/p>\n<p>Phi\u00ean b\u1ea3n PC \u0111\u01b0\u1ee3c t\u1ed1i \u01b0u h\u00f3a v\u1edbi nhi\u1ec1u t\u00ednh n\u0103ng k\u1ef9 thu\u1eadt ti\u00ean ti\u1ebfn bao g\u1ed3m <strong>t\u1ed1c \u0111\u1ed9 khung h\u00ecnh kh\u00f4ng gi\u1edbi h\u1ea1n<\/strong>, \u0111\u1ed9 ph\u00e2n gi\u1ea3i 4K th\u1ef1c s\u1ef1 v\u00e0 h\u1ed7 tr\u1ee3 \u0111\u1ea7y \u0111\u1ee7 cho NVIDIA DLSS 3.7, AMD FSR 3.1 v\u00e0 Intel XeSS 1.2. Game c\u0169ng t\u00edch h\u1ee3p NVIDIA Reflex gi\u00fap gi\u1ea3m \u0111\u1ed9 tr\u1ec5 v\u00e0 c\u1ea3i thi\u1ec7n tr\u1ea3i nghi\u1ec7m ch\u01a1i game.<\/p>\n<p><img class=\"alignnone size-full wp-image-20444 wptangtoc-lazy\" title=\"God Of War Ragnarok - Steam Key B\u1ea3n Quy\u1ec1n Ch\u00ednh H\u00e3ng God of War Ragnarok 8 KAMIKEY\" alt=\"God of War Ragnarok 8\" width=\"600\" height=\"337\" data-src=\"https:\/\/kamikey.com\/wp-content\/uploads\/2025\/06\/God-of-War-Ragnarok-8.jpg\" data-sizes=\"(max-width: 600px) 100vw, 600px\" \/><\/p>\n<p>Do God of War Ragnar\u00f6k l\u00e0 t\u1ef1a game PlayStation \u0111\u1ed9c quy\u1ec1n v\u00e0 <strong>kh\u00f4ng \u0111\u01b0\u1ee3c ph\u00e1t h\u00e0nh ch\u00ednh th\u1ee9c t\u1ea1i Vi\u1ec7t Nam<\/strong> tr\u00ean Steam Store do y\u00eau c\u1ea7u t\u00e0i kho\u1ea3n PlayStation Network, ng\u01b0\u1eddi ch\u01a1i Vi\u1ec7t Nam kh\u00f4ng th\u1ec3 mua tr\u1ef1c ti\u1ebfp t\u1eeb Steam Store. Tuy nhi\u00ean, n\u1ebfu <strong>mua Steam Key<\/strong> t\u1eeb c\u00e1c nh\u00e0 ph\u00e2n ph\u1ed1i uy t\u00edn, b\u1ea1n c\u00f3 th\u1ec3 d\u1ec5 d\u00e0ng k\u00edch ho\u1ea1t game tr\u00ean t\u00e0i kho\u1ea3n Steam Vi\u1ec7t Nam m\u00e0 kh\u00f4ng c\u1ea7n b\u1eadt VPN hay g\u1eb7p b\u1ea5t k\u1ef3 h\u1ea1n ch\u1ebf n\u00e0o.<\/p>\n<p><img class=\"alignnone size-full wp-image-20443 wptangtoc-lazy\" title=\"God Of War Ragnarok - Steam Key B\u1ea3n Quy\u1ec1n Ch\u00ednh H\u00e3ng God of War Ragnarok 7 KAMIKEY\" alt=\"God of War Ragnarok 7\" width=\"600\" height=\"337\" data-src=\"https:\/\/kamikey.com\/wp-content\/uploads\/2025\/06\/God-of-War-Ragnarok-7.jpg\" data-sizes=\"(max-width: 600px) 100vw, 600px\" \/><\/p>\n<p><strong>Steam Key ch\u00ednh h\u00e3ng<\/strong> l\u00e0 gi\u1ea3i ph\u00e1p t\u1ed1i \u01b0u cho game th\u1ee7 Vi\u1ec7t Nam mu\u1ed1n tr\u1ea3i nghi\u1ec7m God of War Ragnar\u00f6k. Steam Key Global cho ph\u00e9p b\u1ea1n ch\u01a1i game ho\u00e0n to\u00e0n b\u00ecnh th\u01b0\u1eddng nh\u01b0 \u0111\u00e3 t\u1ef1 mua, kh\u00f4ng c\u00f3 gi\u1edbi h\u1ea1n v\u1ec1 t\u00ednh n\u0103ng hay n\u1ed9i dung. \u0110\u00e2y l\u00e0 c\u00e1ch an to\u00e0n v\u00e0 hi\u1ec7u qu\u1ea3 nh\u1ea5t \u0111\u1ec3 s\u1edf h\u1eefu nh\u1eefng t\u1ef1a game PlayStation b\u1ecb h\u1ea1n ch\u1ebf khu v\u1ef1c t\u1ea1i Vi\u1ec7t Nam.<\/p>\n<p><img class=\"alignnone size-full wp-image-20442 wptangtoc-lazy\" title=\"God Of War Ragnarok - Steam Key B\u1ea3n Quy\u1ec1n Ch\u00ednh H\u00e3ng God of War Ragnarok 6 KAMIKEY\" alt=\"God of War Ragnarok 6\" width=\"600\" height=\"337\" data-src=\"https:\/\/kamikey.com\/wp-content\/uploads\/2025\/06\/God-of-War-Ragnarok-6.jpg\" data-sizes=\"(max-width: 600px) 100vw, 600px\" \/><\/p>\n<p>V\u1edbi vi\u1ec7c t\u00ecm ki\u1ebfm \u201c<strong>mua game God of War Ragnar\u00f6k<\/strong>\u201d hay \u201c<strong>Steam Key gi\u00e1 r\u1ebb God of War Ragnar\u00f6k<\/strong>\u201c, Steam Key ch\u00ednh h\u00e3ng lu\u00f4n l\u00e0 l\u1ef1a ch\u1ecdn \u0111\u00e1ng tin c\u1eady cho game th\u1ee7 Vi\u1ec7t Nam mu\u1ed1n tr\u1ea3i nghi\u1ec7m nh\u1eefng ki\u1ec7t t\u00e1c t\u1eeb PlayStation tr\u00ean PC m\u00e0 kh\u00f4ng g\u1eb7p r\u1eafc r\u1ed1i v\u1ec1 khu v\u1ef1c.<\/p>\n<p><img class=\"alignnone size-full wp-image-20441 wptangtoc-lazy\" title=\"God Of War Ragnarok - Steam Key B\u1ea3n Quy\u1ec1n Ch\u00ednh H\u00e3ng God of War Ragnarok 5 KAMIKEY\" alt=\"God of War Ragnarok 5\" width=\"600\" height=\"337\" data-src=\"https:\/\/kamikey.com\/wp-content\/uploads\/2025\/06\/God-of-War-Ragnarok-5.jpg\" data-sizes=\"(max-width: 600px) 100vw, 600px\" \/><\/p>\n<p><img class=\"alignnone size-full wp-image-20440 wptangtoc-lazy\" title=\"God Of War Ragnarok - Steam Key B\u1ea3n Quy\u1ec1n Ch\u00ednh H\u00e3ng God of War Ragnarok 4 KAMIKEY\" alt=\"God of War Ragnarok 4\" width=\"600\" height=\"337\" data-src=\"https:\/\/kamikey.com\/wp-content\/uploads\/2025\/06\/God-of-War-Ragnarok-4.jpg\" data-sizes=\"(max-width: 600px) 100vw, 600px\" \/><\/p>\n<p><img class=\"alignnone size-full wp-image-20439 wptangtoc-lazy\" title=\"God Of War Ragnarok - Steam Key B\u1ea3n Quy\u1ec1n Ch\u00ednh H\u00e3ng God of War Ragnarok 3 KAMIKEY\" alt=\"God of War Ragnarok 3\" width=\"600\" height=\"337\" data-src=\"https:\/\/kamikey.com\/wp-content\/uploads\/2025\/06\/God-of-War-Ragnarok-3.jpg\" data-sizes=\"(max-width: 600px) 100vw, 600px\" \/><\/p>\n<p><img class=\"alignnone size-full wp-image-20438 wptangtoc-lazy\" title=\"God Of War Ragnarok - Steam Key B\u1ea3n Quy\u1ec1n Ch\u00ednh H\u00e3ng God of War Ragnarok 2 KAMIKEY\" alt=\"God of War Ragnarok 2\" width=\"600\" height=\"337\" data-src=\"https:\/\/kamikey.com\/wp-content\/uploads\/2025\/06\/God-of-War-Ragnarok-2.jpg\" data-sizes=\"(max-width: 600px) 100vw, 600px\" \/><\/p>\n<div class=\"devvn_readmore_flatsome devvn_readmore_flatsome_more\"><a title=\"Xem th\u00eam\">Xem th\u00eam<\/a><\/div>\n<div class=\"devvn_readmore_flatsome devvn_readmore_flatsome_less\"><\/div>\n","protected":false},"excerpt":{"rendered":"<p>God of War Ragnar\u00f6k l\u00e0 ph\u1ea7n ti\u1ebfp theo ho\u00e0nh tr\u00e1ng c\u1ee7a series God of War \u0111\u01b0\u1ee3c ph\u00e1t tri\u1ec3n b\u1edfi Santa Monica Studio v\u00e0 \u0111\u01b0\u1ee3c chuy\u1ec3n th\u1ec3 sang PC b\u1edfi Jetpack Interactive. T\u1eeb khi ra m\u1eaft tr\u00ean PlayStation v\u00e0o th\u00e1ng 11\/2022, tr\u00f2 ch\u01a1i n\u00e0y \u0111\u00e3 kh\u1eb3ng \u0111\u1ecbnh v\u1ecb th\u1ebf l\u00e0 m\u1ed9t trong nh\u1eefng t\u00e1c ph\u1ea9m h\u00e0nh [&#8230;]\n","protected":false},"featured_media":137,"comment_status":"open","ping_status":"closed","template":"","meta":[],"product_brand":[],"product_cat":[15,25],"product_tag":[],"class_list":{"0":"post-136","1":"product","2":"type-product","3":"status-publish","4":"has-post-thumbnail","6":"product_cat-uncategorized","7":"product_cat-steam-key-chinh-hang","9":"first","10":"instock","11":"shipping-taxable","12":"purchasable","13":"product-type-simple"},"_links":{"self":[{"href":"https:\/\/kuteshop.store\/index.php\/wp-json\/wp\/v2\/product\/136","targetHints":{"allow":["GET"]}}],"collection":[{"href":"https:\/\/kuteshop.store\/index.php\/wp-json\/wp\/v2\/product"}],"about":[{"href":"https:\/\/kuteshop.store\/index.php\/wp-json\/wp\/v2\/types\/product"}],"replies":[{"embeddable":true,"href":"https:\/\/kuteshop.store\/index.php\/wp-json\/wp\/v2\/comments?post=136"}],"wp:featuredmedia":[{"embeddable":true,"href":"https:\/\/kuteshop.store\/index.php\/wp-json\/wp\/v2\/media\/137"}],"wp:attachment":[{"href":"https:\/\/kuteshop.store\/index.php\/wp-json\/wp\/v2\/media?parent=136"}],"wp:term":[{"taxonomy":"product_brand","embeddable":true,"href":"https:\/\/kuteshop.store\/index.php\/wp-json\/wp\/v2\/product_brand?post=136"},{"taxonomy":"product_cat","embeddable":true,"href":"https:\/\/kuteshop.store\/index.php\/wp-json\/wp\/v2\/product_cat?post=136"},{"taxonomy":"product_tag","embeddable":true,"href":"https:\/\/kuteshop.store\/index.php\/wp-json\/wp\/v2\/product_tag?post=136"}],"curies":[{"name":"wp","href":"https:\/\/api.w.org\/{rel}","templated":true}]}}