{"id":134,"date":"2026-03-09T13:18:54","date_gmt":"2026-03-09T13:18:54","guid":{"rendered":"https:\/\/kuteshop.store\/?post_type=product&#038;p=134"},"modified":"2026-03-09T13:44:30","modified_gmt":"2026-03-09T13:44:30","slug":"ghost-of-tsushima-directors-cut-steam-key-asia-chinh-hang","status":"publish","type":"product","link":"https:\/\/kuteshop.store\/index.php\/product\/ghost-of-tsushima-directors-cut-steam-key-asia-chinh-hang\/","title":{"rendered":"Ghost of Tsushima DIRECTOR\u2019S CUT \u2013 Steam Key Asia Ch\u00ednh H\u00e3ng"},"content":{"rendered":"<blockquote><p><strong>Ghost of Tsushima Director\u2019s Cut<\/strong> l\u00e0 phi\u00ean b\u1ea3n ho\u00e0n ch\u1ec9nh c\u1ee7a t\u00e1c ph\u1ea9m samurai kinh \u0111i\u1ec3n, l\u1ea7n \u0111\u1ea7u ti\u00ean \u0111\u1eb7t ch\u00e2n l\u00ean PC v\u1edbi tr\u1ea3i nghi\u1ec7m \u0111\u1ea7y \u0111\u1ee7 nh\u1ea5t. \u0110\u01b0\u1ee3c ph\u00e1t tri\u1ec3n b\u1edfi Sucker Punch Productions v\u00e0 chuy\u1ec3n th\u1ec3 b\u1edfi Nixxes Software, tr\u00f2 ch\u01a1i k\u1ec3 v\u1ec1 h\u00e0nh tr\u00ecnh c\u1ee7a Jin Sakai trong cu\u1ed9c chi\u1ebfn b\u1ea3o v\u1ec7 \u0111\u1ea3o Tsushima kh\u1ecfi cu\u1ed9c x\u00e2m l\u01b0\u1ee3c c\u1ee7a \u0111\u1ebf ch\u1ebf M\u00f4ng C\u1ed5 v\u00e0o cu\u1ed1i th\u1ebf k\u1ef7 13.<\/p><\/blockquote>\n<p><img loading=\"lazy\" decoding=\"async\" class=\"alignnone size-full wp-image-26495 wptangtoc-lazy entered gtloader\" title=\"Ghost of Tsushima DIRECTOR'S CUT - Steam Key Asia Ch\u00ednh H\u00e3ng Ghost of Tsushima DIRECTORS CUT steam key 5 KAMIKEY\" src=\"https:\/\/kamikey.com\/wp-content\/uploads\/2025\/07\/Ghost-of-Tsushima-DIRECTORS-CUT-steam-key-5.jpg\" sizes=\"auto, (max-width: 600px) 100vw, 600px\" alt=\"Ghost of Tsushima DIRECTORS CUT steam key 5\" width=\"600\" height=\"337\" data-src=\"https:\/\/kamikey.com\/wp-content\/uploads\/2025\/07\/Ghost-of-Tsushima-DIRECTORS-CUT-steam-key-5.jpg\" data-sizes=\"(max-width: 600px) 100vw, 600px\" data-ll-status=\"loaded\" \/><a title=\"B\u00e0i vi\u1ebft \u0111\u01b0\u1ee3c copy t\u1eeb Kamikey.com Ngu\u1ed3n b\u00e0i vi\u1ebft : Ghost of Tsushima DIRECTOR'S CUT Steam Key Ch\u00ednh H\u00e3ng\" href=\"https:\/\/kamikey.com\/products\/ghost-of-tsushima-directors-cut-steam-key\/\" target=\"_blank\" rel=\"dofollow noopener\"><img loading=\"lazy\" decoding=\"async\" title=\"Ghost of Tsushima DIRECTOR'S CUT Steam Key Ch\u00ednh H\u00e3ng\" src=\"https:\/\/kamikey.com\/wp-content\/uploads\/2024\/10\/px.gif\" alt=\"Ghost of Tsushima DIRECTOR'S CUT Steam Key Ch\u00ednh H\u00e3ng\" width=\"1\" height=\"1\" border=\"0\" \/><\/a><\/p>\n<p>Tr\u00f2 ch\u01a1i \u0111\u1eb7t ng\u01b0\u1eddi ch\u01a1i v\u00e0o vai Jin Sakai, m\u1ed9t trong nh\u1eefng samurai cu\u1ed1i c\u00f9ng c\u00f2n s\u1ed1ng s\u00f3t sau tr\u1eadn chi\u1ebfn \u0111\u1ea7u ti\u00ean v\u1edbi qu\u00e2n M\u00f4ng C\u1ed5. \u0110\u1ec3 b\u1ea3o v\u1ec7 qu\u00ea nh\u00e0, Jin bu\u1ed9c ph\u1ea3i <strong>g\u1ea1t b\u1ecf truy\u1ec1n th\u1ed1ng<\/strong> samurai danh d\u1ef1 v\u00e0 tr\u1edf th\u00e0nh \u201cB\u00f3ng ma\u201d \u2013 m\u1ed9t chi\u1ebfn binh b\u00f3ng t\u1ed1i s\u1eed d\u1ee5ng m\u1ecdi th\u1ee7 \u0111o\u1ea1n c\u1ea7n thi\u1ebft \u0111\u1ec3 gi\u1ea3i ph\u00f3ng Tsushima kh\u1ecfi s\u1ef1 cai tr\u1ecb t\u00e0n b\u1ea1o c\u1ee7a t\u01b0\u1edbng Khotun Khan.<\/p>\n<p><img loading=\"lazy\" decoding=\"async\" class=\"alignnone size-full wp-image-26494 wptangtoc-lazy entered gtloader\" title=\"Ghost of Tsushima DIRECTOR'S CUT - Steam Key Asia Ch\u00ednh H\u00e3ng Ghost of Tsushima DIRECTORS CUT steam key 4 KAMIKEY\" src=\"https:\/\/kamikey.com\/wp-content\/uploads\/2025\/07\/Ghost-of-Tsushima-DIRECTORS-CUT-steam-key-4.jpg\" sizes=\"auto, (max-width: 600px) 100vw, 600px\" alt=\"Ghost of Tsushima DIRECTORS CUT steam key 4\" width=\"600\" height=\"337\" data-src=\"https:\/\/kamikey.com\/wp-content\/uploads\/2025\/07\/Ghost-of-Tsushima-DIRECTORS-CUT-steam-key-4.jpg\" data-sizes=\"(max-width: 600px) 100vw, 600px\" data-ll-status=\"loaded\" \/><\/p>\n<p>Phi\u00ean b\u1ea3n Director\u2019s Cut bao g\u1ed3m to\u00e0n b\u1ed9 n\u1ed9i dung game g\u1ed1c c\u00f9ng v\u1edbi b\u1ea3n m\u1edf r\u1ed9ng <strong>Iki Island<\/strong> \u2013 m\u1ed9t h\u00f2n \u0111\u1ea3o m\u1edbi v\u1edbi c\u00e2u chuy\u1ec7n ri\u00eang bi\u1ec7t k\u00e9o d\u00e0i 10-15 gi\u1edd ch\u01a1i. Tr\u00ean \u0111\u1ea3o Iki, Jin ph\u1ea3i \u0111\u1ed1i m\u1eb7t v\u1edbi qu\u00e1 kh\u1ee9 c\u1ee7a gia t\u1ed9c m\u00ecnh v\u00e0 chi\u1ebfn \u0111\u1ea5u v\u1edbi t\u1ed9c Eagle d\u01b0\u1edbi s\u1ef1 l\u00e3nh \u0111\u1ea1o c\u1ee7a \u201c\u0110\u1ea1i b\u00e0ng\u201d \u2013 m\u1ed9t nh\u00e2n v\u1eadt ph\u1ea3n di\u1ec7n m\u1edbi \u0111\u1ea7y nguy hi\u1ec3m.<\/p>\n<p><img loading=\"lazy\" decoding=\"async\" class=\"alignnone size-full wp-image-26499 wptangtoc-lazy entered gtloader\" title=\"Ghost of Tsushima DIRECTOR'S CUT - Steam Key Asia Ch\u00ednh H\u00e3ng Ghost of Tsushima DIRECTORS CUT steam key 9 KAMIKEY\" src=\"https:\/\/kamikey.com\/wp-content\/uploads\/2025\/07\/Ghost-of-Tsushima-DIRECTORS-CUT-steam-key-9.jpg\" sizes=\"auto, (max-width: 600px) 100vw, 600px\" alt=\"Ghost of Tsushima DIRECTORS CUT steam key 9\" width=\"600\" height=\"337\" data-src=\"https:\/\/kamikey.com\/wp-content\/uploads\/2025\/07\/Ghost-of-Tsushima-DIRECTORS-CUT-steam-key-9.jpg\" data-sizes=\"(max-width: 600px) 100vw, 600px\" data-ll-status=\"loaded\" \/><\/p>\n<p>H\u1ec7 th\u1ed1ng combat c\u1ee7a game k\u1ebft h\u1ee3p ho\u00e0n h\u1ea3o gi\u1eefa <strong>chi\u1ebfn \u0111\u1ea5u samurai<\/strong> truy\u1ec1n th\u1ed1ng v\u00e0 c\u00e1c k\u1ef9 thu\u1eadt \u00e1m s\u00e1t b\u00f3ng t\u1ed1i. Ng\u01b0\u1eddi ch\u01a1i c\u00f3 th\u1ec3 l\u1ef1a ch\u1ecdn \u0111\u1ed1i \u0111\u1ea7u tr\u1ef1c di\u1ec7n v\u1edbi katana, s\u1eed d\u1ee5ng cung t\u00ean \u0111\u1ec3 ti\u00eau di\u1ec7t k\u1ebb th\u00f9 t\u1eeb xa, ho\u1eb7c \u00e1p d\u1ee5ng chi\u1ebfn thu\u1eadt l\u00e9n l\u00fat \u0111\u1ec3 \u00e1m s\u00e1t. Game cung c\u1ea5p b\u1ed1n t\u01b0 th\u1ebf chi\u1ebfn \u0111\u1ea5u kh\u00e1c nhau, m\u1ed7i t\u01b0 th\u1ebf hi\u1ec7u qu\u1ea3 v\u1edbi m\u1ed9t lo\u1ea1i k\u1ebb th\u00f9 c\u1ee5 th\u1ec3.<\/p>\n<p><img loading=\"lazy\" decoding=\"async\" class=\"alignnone size-full wp-image-26493 wptangtoc-lazy entered gtloader\" title=\"Ghost of Tsushima DIRECTOR'S CUT - Steam Key Asia Ch\u00ednh H\u00e3ng Ghost of Tsushima DIRECTORS CUT steam key 3 KAMIKEY\" src=\"https:\/\/kamikey.com\/wp-content\/uploads\/2025\/07\/Ghost-of-Tsushima-DIRECTORS-CUT-steam-key-3.jpg\" sizes=\"auto, (max-width: 600px) 100vw, 600px\" alt=\"Ghost of Tsushima DIRECTORS CUT steam key 3\" width=\"600\" height=\"337\" data-src=\"https:\/\/kamikey.com\/wp-content\/uploads\/2025\/07\/Ghost-of-Tsushima-DIRECTORS-CUT-steam-key-3.jpg\" data-sizes=\"(max-width: 600px) 100vw, 600px\" data-ll-status=\"loaded\" \/><\/p>\n<p>Th\u1ebf gi\u1edbi m\u1edf c\u1ee7a Tsushima \u0111\u01b0\u1ee3c thi\u1ebft k\u1ebf <strong>kh\u00f4ng c\u00f3 giao di\u1ec7n<\/strong> truy\u1ec1n th\u1ed1ng, thay v\u00e0o \u0111\u00f3 s\u1eed d\u1ee5ng h\u01b0\u1edbng gi\u00f3 v\u00e0 c\u00e1c y\u1ebfu t\u1ed1 t\u1ef1 nhi\u00ean \u0111\u1ec3 d\u1eabn \u0111\u01b0\u1eddng. Chim v\u00e0ng s\u1ebd h\u01b0\u1edbng d\u1eabn \u0111\u1ebfn c\u00e1c \u0111\u1ecba \u0111i\u1ec3m quan tr\u1ecdng, trong khi c\u00e1o s\u1ebd d\u1eabn \u0111\u1ebfn c\u00e1c \u0111\u1ec1n th\u1edd thi\u00eang li\u00eang. H\u1ec7 th\u1ed1ng n\u00e0y t\u1ea1o n\u00ean tr\u1ea3i nghi\u1ec7m immersive \u0111\u1ed9c \u0111\u00e1o, gi\u00fap ng\u01b0\u1eddi ch\u01a1i h\u00f2a m\u00ecnh v\u00e0o th\u1ebf gi\u1edbi c\u1ed5 \u0111\u1ea1i Nh\u1eadt B\u1ea3n m\u1ed9t c\u00e1ch t\u1ef1 nhi\u00ean nh\u1ea5t.<\/p>\n<p><img loading=\"lazy\" decoding=\"async\" class=\"alignnone size-full wp-image-26496 wptangtoc-lazy entered gtloader\" title=\"Ghost of Tsushima DIRECTOR'S CUT - Steam Key Asia Ch\u00ednh H\u00e3ng Ghost of Tsushima DIRECTORS CUT steam key 6 KAMIKEY\" src=\"https:\/\/kamikey.com\/wp-content\/uploads\/2025\/07\/Ghost-of-Tsushima-DIRECTORS-CUT-steam-key-6.jpg\" sizes=\"auto, (max-width: 600px) 100vw, 600px\" alt=\"Ghost of Tsushima DIRECTORS CUT steam key 6\" width=\"600\" height=\"337\" data-src=\"https:\/\/kamikey.com\/wp-content\/uploads\/2025\/07\/Ghost-of-Tsushima-DIRECTORS-CUT-steam-key-6.jpg\" data-sizes=\"(max-width: 600px) 100vw, 600px\" data-ll-status=\"loaded\" \/><\/p>\n<p><strong>L\u01b0u \u00fd quan tr\u1ecdng:<\/strong> T\u1ef1a game n\u00e0y kh\u00f4ng \u0111\u01b0\u1ee3c ph\u00e1t h\u00e0nh ch\u00ednh th\u1ee9c t\u1ea1i Vi\u1ec7t Nam v\u00e0 kh\u00f4ng th\u1ec3 mua tr\u1ef1c ti\u1ebfp tr\u00ean Steam Store Vi\u1ec7t Nam. Tuy nhi\u00ean, v\u1edbi Steam Key ch\u00ednh h\u00e3ng t\u1eeb KAMIKEY, b\u1ea1n ho\u00e0n to\u00e0n c\u00f3 th\u1ec3 th\u00eam game v\u00e0o th\u01b0 vi\u1ec7n t\u00e0i kho\u1ea3n Steam m\u00e0 kh\u00f4ng c\u1ea7n s\u1eed d\u1ee5ng VPN, kh\u00f4ng c\u00f3 b\u1ea5t k\u1ef3 h\u1ea1n ch\u1ebf n\u00e0o v\u00e0 kh\u00f4ng g\u1eb7p r\u1ee7i ro b\u1ecb ban t\u00e0i kho\u1ea3n.<\/p>\n<p><img loading=\"lazy\" decoding=\"async\" class=\"alignnone size-full wp-image-26500 wptangtoc-lazy entered gtloader\" title=\"Ghost of Tsushima DIRECTOR'S CUT - Steam Key Asia Ch\u00ednh H\u00e3ng Ghost of Tsushima DIRECTORS CUT steam key 1 KAMIKEY\" src=\"https:\/\/kamikey.com\/wp-content\/uploads\/2025\/07\/Ghost-of-Tsushima-DIRECTORS-CUT-steam-key-1.jpg\" sizes=\"auto, (max-width: 600px) 100vw, 600px\" alt=\"Ghost of Tsushima DIRECTORS CUT steam key 1\" width=\"600\" height=\"337\" data-src=\"https:\/\/kamikey.com\/wp-content\/uploads\/2025\/07\/Ghost-of-Tsushima-DIRECTORS-CUT-steam-key-1.jpg\" data-sizes=\"(max-width: 600px) 100vw, 600px\" data-ll-status=\"loaded\" \/><\/p>\n<p>Phi\u00ean b\u1ea3n PC mang \u0111\u1ebfn nhi\u1ec1u <strong>t\u00ednh n\u0103ng \u0111\u1ed9c quy\u1ec1n<\/strong> v\u01b0\u1ee3t tr\u1ed9i so v\u1edbi console. Ghost of Tsushima PC h\u1ed7 tr\u1ee3 t\u1ed1c \u0111\u1ed9 khung h\u00ecnh kh\u00f4ng gi\u1edbi h\u1ea1n, \u0111\u1ed9 ph\u00e2n gi\u1ea3i Ultrawide (21:9), Super Ultrawide (32:9), v\u00e0 th\u1eadm ch\u00ed c\u1ea5u h\u00ecnh ba m\u00e0n h\u00ecnh (48:9). C\u00f4ng ngh\u1ec7 n\u00e2ng c\u1ea5p \u0111\u1ed3 h\u1ecda nh\u01b0 NVIDIA DLSS 3, AMD FSR 3 v\u00e0 Intel XeSS \u0111\u01b0\u1ee3c t\u00edch h\u1ee3p \u0111\u1ea7y \u0111\u1ee7, c\u00f9ng v\u1edbi NVIDIA Reflex v\u00e0 DLAA \u0111\u1ec3 t\u1ed1i \u01b0u tr\u1ea3i nghi\u1ec7m gaming tr\u00ean PC.<\/p>\n<p><img loading=\"lazy\" decoding=\"async\" class=\"alignnone size-full wp-image-26497 wptangtoc-lazy entered gtloader\" title=\"Ghost of Tsushima DIRECTOR'S CUT - Steam Key Asia Ch\u00ednh H\u00e3ng Ghost of Tsushima DIRECTORS CUT steam key 7 KAMIKEY\" src=\"https:\/\/kamikey.com\/wp-content\/uploads\/2025\/07\/Ghost-of-Tsushima-DIRECTORS-CUT-steam-key-7.jpg\" sizes=\"auto, (max-width: 600px) 100vw, 600px\" alt=\"Ghost of Tsushima DIRECTORS CUT steam key 7\" width=\"600\" height=\"337\" data-src=\"https:\/\/kamikey.com\/wp-content\/uploads\/2025\/07\/Ghost-of-Tsushima-DIRECTORS-CUT-steam-key-7.jpg\" data-sizes=\"(max-width: 600px) 100vw, 600px\" data-ll-status=\"loaded\" \/><\/p>\n<p>M\u1ed9t trong nh\u1eefng \u0111i\u1ec3m n\u1ed5i b\u1eadt c\u1ee7a <strong>Ghost of Tsushima PC<\/strong> l\u00e0 t\u00ednh n\u0103ng \u0111\u1ed3ng b\u1ed9 kh\u1ea9u h\u00ecnh ti\u1ebfng Nh\u1eadt \u0111\u01b0\u1ee3c render real-time, mang \u0111\u1ebfn tr\u1ea3i nghi\u1ec7m ch\u00e2n th\u1ef1c nh\u1ea5t cho ng\u01b0\u1eddi ch\u01a1i y\u00eau th\u00edch v\u0103n h\u00f3a Nh\u1eadt. Phi\u00ean b\u1ea3n PC h\u1ed7 tr\u1ee3 \u0111\u1ea7y \u0111\u1ee7 c\u1ea3 \u0111i\u1ec1u khi\u1ec3n DualSense v\u1edbi haptic feedback v\u00e0 adaptive triggers, l\u1eabn chu\u1ed9t b\u00e0n ph\u00edm v\u1edbi kh\u1ea3 n\u0103ng t\u00f9y ch\u1ec9nh ho\u00e0n to\u00e0n.<\/p>\n<p><img loading=\"lazy\" decoding=\"async\" class=\"alignnone size-full wp-image-26498 wptangtoc-lazy entered gtloader\" title=\"Ghost of Tsushima DIRECTOR'S CUT - Steam Key Asia Ch\u00ednh H\u00e3ng Ghost of Tsushima DIRECTORS CUT steam key 8 KAMIKEY\" src=\"https:\/\/kamikey.com\/wp-content\/uploads\/2025\/07\/Ghost-of-Tsushima-DIRECTORS-CUT-steam-key-8.jpg\" sizes=\"auto, (max-width: 600px) 100vw, 600px\" alt=\"Ghost of Tsushima DIRECTORS CUT steam key 8\" width=\"600\" height=\"337\" data-src=\"https:\/\/kamikey.com\/wp-content\/uploads\/2025\/07\/Ghost-of-Tsushima-DIRECTORS-CUT-steam-key-8.jpg\" data-sizes=\"(max-width: 600px) 100vw, 600px\" data-ll-status=\"loaded\" \/><\/p>\n<p>Ghost of Tsushima: Legends \u2013 ch\u1ebf \u0111\u1ed9 multiplayer h\u1ee3p t\u00e1c \u0111\u01b0\u1ee3c bao g\u1ed3m trong phi\u00ean b\u1ea3n n\u00e0y, cho ph\u00e9p t\u1ed1i \u0111a 4 ng\u01b0\u1eddi ch\u01a1i c\u00f9ng nhau tr\u1ea3i qua nh\u1eefng nhi\u1ec7m v\u1ee5 huy\u1ec1n tho\u1ea1i d\u1ef1a tr\u00ean th\u1ea7n t\ud654 Nh\u1eadt B\u1ea3n. Ch\u1ebf \u0111\u1ed9 n\u00e0y ho\u00e0n to\u00e0n \u0111\u1ed9c l\u1eadp v\u1edbi campaign ch\u00ednh v\u00e0 mang \u0111\u1ebfn h\u00e0ng ch\u1ee5c gi\u1edd n\u1ed9i dung b\u1ed5 sung.<\/p>\n<p><img decoding=\"async\" class=\"alignnone size-full wp-image-26492 wptangtoc-lazy\" title=\"Ghost of Tsushima DIRECTOR'S CUT - Steam Key Asia Ch\u00ednh H\u00e3ng Ghost of Tsushima DIRECTORS CUT steam key 2 KAMIKEY\" src=\"data:;base64,<svg xmlns='http:\/\/www.w3.org\/2000\/svg' viewBox='0 0 600 337'\/>&#8221; alt=&#8221;Ghost of Tsushima DIRECTORS CUT steam key 2&#8243; width=&#8221;600&#8243; height=&#8221;337&#8243; data-src=&#8221;https:\/\/kamikey.com\/wp-content\/uploads\/2025\/07\/Ghost-of-Tsushima-DIRECTORS-CUT-steam-key-2.jpg&#8221; data-sizes=&#8221;(max-width: 600px) 100vw, 600px&#8221; \/><\/p>\n<h3><span id=\"chi-tiet-san-pham-steam-key-cua-kamikey\">Chi Ti\u1ebft S\u1ea3n Ph\u1ea9m Steam Key c\u1ee7a KAMIKEY<\/span><\/h3>\n<ul>\n<li><strong>Steam Key ch\u00ednh h\u00e3ng<\/strong> c\u1ee7a Ghost of Tsushima Director\u2019s Cut v\u1edbi \u0111\u1ea7y \u0111\u1ee7 n\u1ed9i dung v\u00e0 DLC<\/li>\n<li><strong>Key \u0111\u01b0\u1ee3c cung c\u1ea5p ngay l\u1eadp t\u1ee9c<\/strong> sau khi ho\u00e0n t\u1ea5t thanh to\u00e1n qua email v\u00e0 t\u00e0i kho\u1ea3n<\/li>\n<li><strong>T\u01b0\u01a1ng th\u00edch ho\u00e0n to\u00e0n<\/strong> v\u1edbi t\u00e0i kho\u1ea3n Steam Vi\u1ec7t Nam, kh\u00f4ng c\u1ea7n thay \u0111\u1ed5i region<\/li>\n<li><strong>Xu\u1ea5t x\u1ee9 t\u1eeb nh\u00e0 ph\u00e2n ph\u1ed1i ch\u00ednh th\u1ee9c<\/strong> \u0111\u01b0\u1ee3c \u1ee7y quy\u1ec1n b\u1edfi Sony Interactive Entertainment<\/li>\n<li><strong>K\u00edch ho\u1ea1t v\u0129nh vi\u1ec5n<\/strong> v\u00e0o th\u01b0 vi\u1ec7n Steam c\u00e1 nh\u00e2n, kh\u00f4ng gi\u1edbi h\u1ea1n th\u1eddi gian s\u1eed d\u1ee5ng<\/li>\n<li><strong>Bao g\u1ed3m \u0111\u1ea7y \u0111\u1ee7<\/strong> game g\u1ed1c + DLC Iki Island + ch\u1ebf \u0111\u1ed9 Legends multiplayer<\/li>\n<li><strong>Cam k\u1ebft ch\u1ea5t l\u01b0\u1ee3ng<\/strong> \u2013 t\u1eeb ch\u1ed1i Steam Key ngu\u1ed3n g\u1ed1c kh\u00f4ng r\u00f5 r\u00e0ng v\u00e0 key China CN gi\u1ea3 m\u1ea1o<\/li>\n<\/ul>\n<h3><span id=\"huong-dan-mua-hang-nhanh-chong\">H\u01b0\u1edbng D\u1eabn Mua H\u00e0ng Nhanh Ch\u00f3ng<\/span><\/h3>\n<ul>\n<li><strong>B\u01b0\u1edbc 1:<\/strong> Nh\u1ea5n n\u00fat \u201cMua Ngay\u201d v\u00e0 \u0111i\u1ec1n th\u00f4ng tin c\u00e1 nh\u00e2n ch\u00ednh x\u00e1c<\/li>\n<li><strong>B\u01b0\u1edbc 2:<\/strong> Ch\u1ecdn ph\u01b0\u01a1ng th\u1ee9c thanh to\u00e1n ph\u00f9 h\u1ee3p v\u00e0 ho\u00e0n t\u1ea5t giao d\u1ecbch<\/li>\n<li><strong>B\u01b0\u1edbc 3:<\/strong> Nh\u1eadn Steam Key k\u00e8m h\u01b0\u1edbng d\u1eabn chi ti\u1ebft qua email trong v\u00f2ng 5 ph\u00fat<\/li>\n<li><strong>B\u01b0\u1edbc 4:<\/strong> K\u00edch ho\u1ea1t key tr\u00ean Steam theo h\u01b0\u1edbng d\u1eabn \u0111i k\u00e8m<\/li>\n<li><strong>B\u01b0\u1edbc 5:<\/strong> T\u1ea3i v\u00e0 t\u1eadn h\u01b0\u1edfng tr\u1ea3i nghi\u1ec7m samurai \u0111\u1ec9nh cao ngay l\u1eadp t\u1ee9c<\/li>\n<\/ul>\n<h3><span id=\"cam-ket-chat-luong-kamikey\">Cam K\u1ebft Ch\u1ea5t L\u01b0\u1ee3ng KAMIKEY<\/span><\/h3>\n<ul>\n<li><strong>100% Steam Key ch\u00ednh h\u00e3ng<\/strong> t\u1eeb nh\u00e0 ph\u00e2n ph\u1ed1i \u0111\u01b0\u1ee3c \u1ee7y quy\u1ec1n ch\u00ednh th\u1ee9c<\/li>\n<li><strong>Kh\u00f4ng c\u1ea7n c\u00e0i \u0111\u1eb7t<\/strong> b\u1ea5t k\u1ef3 ph\u1ea7n m\u1ec1m b\u1ed5 sung n\u00e0o, game ho\u1ea1t \u0111\u1ed9ng nh\u01b0 mua tr\u1ef1c ti\u1ebfp tr\u00ean Steam<\/li>\n<li><strong>Steam s\u1ebd g\u1eedi email c\u1ea3m \u01a1n<\/strong> x\u00e1c nh\u1eadn giao d\u1ecbch th\u00e0nh c\u00f4ng sau khi k\u00edch ho\u1ea1t key<\/li>\n<li><strong>H\u1ed7 tr\u1ee3 k\u1ef9 thu\u1eadt 24\/7<\/strong> trong qu\u00e1 tr\u00ecnh k\u00edch ho\u1ea1t v\u00e0 s\u1eed d\u1ee5ng s\u1ea3n ph\u1ea9m<\/li>\n<li><strong>\u0110\u1ea3m b\u1ea3o ho\u00e0n ti\u1ec1n 100%<\/strong> n\u1ebfu key kh\u00f4ng th\u1ec3 k\u00edch ho\u1ea1t th\u00e0nh c\u00f4ng<\/li>\n<li><strong>Kh\u00f4ng r\u1ee7i ro b\u1ecb kh\u00f3a t\u00e0i kho\u1ea3n<\/strong> Steam do s\u1eed d\u1ee5ng key kh\u00f4ng ch\u00ednh th\u1ed1ng<\/li>\n<\/ul>\n<div class=\"devvn_readmore_flatsome devvn_readmore_flatsome_more\"><a title=\"Xem th\u00eam\">Xem th\u00eam<\/a><\/div>\n<div class=\"devvn_readmore_flatsome devvn_readmore_flatsome_less\"><\/div>\n","protected":false},"excerpt":{"rendered":"<p>Ghost of Tsushima Director\u2019s Cut l\u00e0 phi\u00ean b\u1ea3n ho\u00e0n ch\u1ec9nh c\u1ee7a t\u00e1c ph\u1ea9m samurai kinh \u0111i\u1ec3n, l\u1ea7n \u0111\u1ea7u ti\u00ean \u0111\u1eb7t ch\u00e2n l\u00ean PC v\u1edbi tr\u1ea3i nghi\u1ec7m \u0111\u1ea7y \u0111\u1ee7 nh\u1ea5t. \u0110\u01b0\u1ee3c ph\u00e1t tri\u1ec3n b\u1edfi Sucker Punch Productions v\u00e0 chuy\u1ec3n th\u1ec3 b\u1edfi Nixxes Software, tr\u00f2 ch\u01a1i k\u1ec3 v\u1ec1 h\u00e0nh tr\u00ecnh c\u1ee7a Jin Sakai trong cu\u1ed9c chi\u1ebfn b\u1ea3o [&#8230;]\n","protected":false},"featured_media":135,"comment_status":"open","ping_status":"closed","template":"","meta":[],"product_brand":[],"product_cat":[15,25],"product_tag":[],"class_list":{"0":"post-134","1":"product","2":"type-product","3":"status-publish","4":"has-post-thumbnail","6":"product_cat-uncategorized","7":"product_cat-steam-key-chinh-hang","9":"first","10":"instock","11":"shipping-taxable","12":"purchasable","13":"product-type-simple"},"_links":{"self":[{"href":"https:\/\/kuteshop.store\/index.php\/wp-json\/wp\/v2\/product\/134","targetHints":{"allow":["GET"]}}],"collection":[{"href":"https:\/\/kuteshop.store\/index.php\/wp-json\/wp\/v2\/product"}],"about":[{"href":"https:\/\/kuteshop.store\/index.php\/wp-json\/wp\/v2\/types\/product"}],"replies":[{"embeddable":true,"href":"https:\/\/kuteshop.store\/index.php\/wp-json\/wp\/v2\/comments?post=134"}],"wp:featuredmedia":[{"embeddable":true,"href":"https:\/\/kuteshop.store\/index.php\/wp-json\/wp\/v2\/media\/135"}],"wp:attachment":[{"href":"https:\/\/kuteshop.store\/index.php\/wp-json\/wp\/v2\/media?parent=134"}],"wp:term":[{"taxonomy":"product_brand","embeddable":true,"href":"https:\/\/kuteshop.store\/index.php\/wp-json\/wp\/v2\/product_brand?post=134"},{"taxonomy":"product_cat","embeddable":true,"href":"https:\/\/kuteshop.store\/index.php\/wp-json\/wp\/v2\/product_cat?post=134"},{"taxonomy":"product_tag","embeddable":true,"href":"https:\/\/kuteshop.store\/index.php\/wp-json\/wp\/v2\/product_tag?post=134"}],"curies":[{"name":"wp","href":"https:\/\/api.w.org\/{rel}","templated":true}]}}