{"id":128,"date":"2026-03-09T10:57:11","date_gmt":"2026-03-09T10:57:11","guid":{"rendered":"https:\/\/kuteshop.store\/?post_type=product&#038;p=128"},"modified":"2026-03-27T15:14:51","modified_gmt":"2026-03-27T15:14:51","slug":"stellar-blade-steam-key-asia-chinh-hang","status":"publish","type":"product","link":"https:\/\/kuteshop.store\/index.php\/product\/stellar-blade-steam-key-asia-chinh-hang\/","title":{"rendered":"Stellar Blade \u2013 Steam Key Asia Ch\u00ednh H\u00e3ng"},"content":{"rendered":"<blockquote><p><strong>Stellar Blade<\/strong> l\u00e0 m\u1ed9t t\u00e1c ph\u1ea9m h\u00e0nh \u0111\u1ed9ng phi\u00eau l\u01b0u \u0111\u00e1nh d\u1ea5u b\u01b0\u1edbc ngo\u1eb7t c\u1ee7a nh\u00e0 ph\u00e1t tri\u1ec3n H\u00e0n Qu\u1ed1c SHIFT UP trong vi\u1ec7c t\u1ea1o n\u00ean m\u1ed9t th\u1ebf gi\u1edbi <strong>h\u1eadu t\u1eadn th\u1ebf<\/strong> \u0111\u1ea7y m\u00ea ho\u1eb7c. Sau khi th\u00e0nh c\u00f4ng vang d\u1ed9i tr\u00ean PlayStation 5 v\u00e0o th\u00e1ng 4\/2024, game \u0111\u00e3 \u0111\u01b0\u1ee3c t\u1ed1i \u01b0u h\u00f3a v\u00e0 ra m\u1eaft tr\u00ean PC v\u00e0o ng\u00e0y 11\/6\/2025 v\u1edbi nhi\u1ec1u t\u00ednh n\u0103ng \u0111\u1ed9c quy\u1ec1n.<\/p><\/blockquote>\n<p><img decoding=\"async\" class=\"wptangtoc-lazy entered gtloader\" title=\"Stellar Blade - Steam Key Asia Ch\u00ednh H\u00e3ng SB GIF for Steam Masked 01 KAMIKEY\" src=\"https:\/\/shared.cloudflare.steamstatic.com\/store_item_assets\/steam\/apps\/3489700\/extras\/SB_GIF_for_Steam_Masked_01.gif?t=1748417817\" alt=\"Stellar Blade Steam GIF\" data-src=\"https:\/\/shared.cloudflare.steamstatic.com\/store_item_assets\/steam\/apps\/3489700\/extras\/SB_GIF_for_Steam_Masked_01.gif?t=1748417817\" data-ll-status=\"loaded\" \/><a title=\"B\u00e0i vi\u1ebft \u0111\u01b0\u1ee3c copy t\u1eeb Kamikey.com Ngu\u1ed3n b\u00e0i vi\u1ebft : Stellar Blade - Steam Key Asia N\u1ea1p \u0110\u01b0\u1ee3c \u1ede Vi\u1ec7t Nam\" href=\"https:\/\/kamikey.com\/products\/stellar-blade-steam-key\/\" target=\"_blank\" rel=\"dofollow noopener\"><img loading=\"lazy\" decoding=\"async\" title=\"Stellar Blade - Steam Key Asia N\u1ea1p \u0110\u01b0\u1ee3c \u1ede Vi\u1ec7t Nam\" src=\"https:\/\/kamikey.com\/wp-content\/uploads\/2024\/10\/px.gif\" alt=\"Stellar Blade - Steam Key Asia N\u1ea1p \u0110\u01b0\u1ee3c \u1ede Vi\u1ec7t Nam\" width=\"1\" height=\"1\" border=\"0\" \/><\/a><\/p>\n<p>Tr\u00e1i \u0110\u1ea5t \u0111\u00e3 tr\u1edf th\u00e0nh m\u1ed9t <strong>hoang t\u00e0n v\u1eafng l\u1ea1nh<\/strong> sau khi b\u1ecb Naytiba \u2013 nh\u1eefng sinh v\u1eadt b\u00ed \u1ea9n v\u00e0 m\u1ea1nh m\u1ebd \u2013 t\u00e0n ph\u00e1 kh\u00f4ng th\u01b0\u01a1ng ti\u1ebfc. Nh\u00e2n lo\u1ea1i bu\u1ed9c ph\u1ea3i l\u00e1nh n\u1ea1n t\u1ea1i m\u1ed9t Thu\u1ed9c \u0110\u1ecba ngo\u00e0i kh\u00f4ng gian, ch\u1ec9 c\u00f2n l\u1ea1i nh\u1eefng t\u00e0n t\u00edch c\u1ee7a n\u1ec1n v\u0103n minh m\u1ed9t th\u1eddi huy ho\u00e0ng. EVE \u2013 m\u1ed9t chi\u1ebfn binh \u0111\u01b0\u1ee3c g\u1eedi t\u1eeb Thu\u1ed9c \u0110\u1ecba \u2013 mang theo s\u1ee9 m\u1ec7nh thi\u00eang li\u00eang: gi\u00e0nh l\u1ea1i Tr\u00e1i \u0110\u1ea5t v\u00e0 c\u1ee9u v\u00e3n t\u01b0\u01a1ng lai c\u1ee7a lo\u00e0i ng\u01b0\u1eddi.<\/p>\n<p><img loading=\"lazy\" decoding=\"async\" class=\"alignnone size-full wp-image-26481 wptangtoc-lazy entered gtloader\" title=\"Stellar Blade - Steam Key Asia Ch\u00ednh H\u00e3ng Stellar Blade steam key 2 KAMIKEY\" src=\"https:\/\/kamikey.com\/wp-content\/uploads\/2025\/06\/Stellar-Blade-steam-key-2.jpg\" sizes=\"auto, (max-width: 600px) 100vw, 600px\" alt=\"Stellar Blade steam key 2\" width=\"600\" height=\"337\" data-src=\"https:\/\/kamikey.com\/wp-content\/uploads\/2025\/06\/Stellar-Blade-steam-key-2.jpg\" data-sizes=\"(max-width: 600px) 100vw, 600px\" data-ll-status=\"loaded\" \/><\/p>\n<p>H\u00e0nh tr\u00ecnh c\u1ee7a EVE kh\u00f4ng ch\u1ec9 l\u00e0 cu\u1ed9c chi\u1ebfn ch\u1ed1ng l\u1ea1i Naytiba m\u00e0 c\u00f2n l\u00e0 qu\u00e1 tr\u00ecnh <strong>kh\u00e1m ph\u00e1 nh\u1eefng b\u00ed \u1ea9n<\/strong> \u0111\u01b0\u1ee3c ch\u00f4n v\u00f9i trong \u0111\u1ed1ng \u0111\u1ed5 n\u00e1t. C\u00f4 d\u1ea7n nh\u1eadn ra r\u1eb1ng nhi\u1ec7m v\u1ee5 c\u1ee7a m\u00ecnh ph\u1ee9c t\u1ea1p h\u01a1n nhi\u1ec1u so v\u1edbi nh\u1eefng g\u00ec ban \u0111\u1ea7u \u0111\u01b0\u1ee3c giao ph\u00f3, v\u1edbi nh\u1eefng s\u1ef1 th\u1eadt \u0111au l\u00f2ng v\u1ec1 qu\u00e1 kh\u1ee9 c\u1ee7a nh\u00e2n lo\u1ea1i.<\/p>\n<p><img loading=\"lazy\" decoding=\"async\" class=\"alignnone size-full wp-image-26489 wptangtoc-lazy entered gtloader\" title=\"Stellar Blade - Steam Key Asia Ch\u00ednh H\u00e3ng Stellar Blade steam key 10 KAMIKEY\" src=\"https:\/\/kamikey.com\/wp-content\/uploads\/2025\/06\/Stellar-Blade-steam-key-10.jpg\" sizes=\"auto, (max-width: 600px) 100vw, 600px\" alt=\"Stellar Blade steam key 10\" width=\"600\" height=\"337\" data-src=\"https:\/\/kamikey.com\/wp-content\/uploads\/2025\/06\/Stellar-Blade-steam-key-10.jpg\" data-sizes=\"(max-width: 600px) 100vw, 600px\" data-ll-status=\"loaded\" \/><\/p>\n<p>H\u1ec7 th\u1ed1ng chi\u1ebfn \u0111\u1ea5u c\u1ee7a Stellar Blade \u0111\u01b0\u1ee3c x\u00e2y d\u1ef1ng d\u1ef1a tr\u00ean nguy\u00ean t\u1eafc <strong>timing v\u00e0 ph\u1ea3n x\u1ea1<\/strong> ho\u00e0n h\u1ea3o. Ng\u01b0\u1eddi ch\u01a1i s\u1ebd ph\u1ea3i nghi\u00ean c\u1ee9u k\u1ef9 l\u01b0\u1ee1ng pattern t\u1ea5n c\u00f4ng c\u1ee7a t\u1eebng k\u1ebb th\u00f9, th\u1ef1c hi\u1ec7n nh\u1eefng c\u00fa parry v\u00e0 dodge ch\u00ednh x\u00e1c \u0111\u1ec3 t\u00edch l\u0169y Beta Gauge \u2013 ngu\u1ed3n s\u1ee9c m\u1ea1nh quan tr\u1ecdng trong m\u1ecdi tr\u1eadn chi\u1ebfn.<\/p>\n<p><img loading=\"lazy\" decoding=\"async\" class=\"alignnone size-full wp-image-26484 wptangtoc-lazy entered gtloader\" title=\"Stellar Blade - Steam Key Asia Ch\u00ednh H\u00e3ng Stellar Blade steam key 5 KAMIKEY\" src=\"https:\/\/kamikey.com\/wp-content\/uploads\/2025\/06\/Stellar-Blade-steam-key-5.jpg\" sizes=\"auto, (max-width: 600px) 100vw, 600px\" alt=\"Stellar Blade steam key 5\" width=\"600\" height=\"337\" data-src=\"https:\/\/kamikey.com\/wp-content\/uploads\/2025\/06\/Stellar-Blade-steam-key-5.jpg\" data-sizes=\"(max-width: 600px) 100vw, 600px\" data-ll-status=\"loaded\" \/><\/p>\n<p>Th\u1ebf gi\u1edbi game \u0111\u01b0\u1ee3c thi\u1ebft k\u1ebf v\u1edbi <strong>\u0111\u1ed3 h\u1ecda tuy\u1ec7t \u0111\u1eb9p<\/strong> pha tr\u1ed9n gi\u1eefa v\u1ebb \u0111\u1eb9p v\u00e0 kinh d\u1ecb, t\u1ea1o n\u00ean m\u1ed9t kh\u00f4ng gian h\u1eadu t\u1eadn th\u1ebf ch\u01b0a t\u1eebng th\u1ea5y. M\u1ed7i khu v\u1ef1c \u0111\u1ec1u ch\u1ee9a \u0111\u1ef1ng c\u00e2u chuy\u1ec7n ri\u00eang th\u00f4ng qua c\u00e1c chi ti\u1ebft m\u00f4i tr\u01b0\u1eddng tinh t\u1ebf, t\u1eeb nh\u1eefng t\u00f2a nh\u00e0 \u0111\u1ed5 n\u00e1t \u0111\u1ebfn nh\u1eefng c\u00f4ng ngh\u1ec7 c\u00f2n s\u00f3t l\u1ea1i c\u1ee7a nh\u00e2n lo\u1ea1i.<\/p>\n<p><img class=\"alignnone size-full wp-image-26482 wptangtoc-lazy\" title=\"Stellar Blade - Steam Key Asia Ch\u00ednh H\u00e3ng Stellar Blade steam key 3 KAMIKEY\" alt=\"Stellar Blade steam key 3\" width=\"600\" height=\"337\" data-src=\"https:\/\/kamikey.com\/wp-content\/uploads\/2025\/06\/Stellar-Blade-steam-key-3.jpg\" data-sizes=\"(max-width: 600px) 100vw, 600px\" \/><\/p>\n<p>C\u1ed1t truy\u1ec7n s\u00e2u s\u1eafc v\u1edbi nh\u1eefng <strong>ch\u1ee7 \u0111\u1ec1 tri\u1ebft h\u1ecdc<\/strong> v\u1ec1 hy v\u1ecdng, s\u1ef1 hy sinh v\u00e0 \u00fd ngh\u0129a c\u1ee7a s\u1ef1 s\u1ed1ng c\u00f2n. Game kh\u00f4ng ch\u1ec9 k\u1ec3 v\u1ec1 cu\u1ed9c chi\u1ebfn sinh t\u1ed3n m\u00e0 c\u00f2n \u0111\u1eb7t ra nh\u1eefng c\u00e2u h\u1ecfi v\u1ec1 b\u1ea3n ch\u1ea5t con ng\u01b0\u1eddi v\u00e0 m\u1ed1i quan h\u1ec7 gi\u1eefa t\u1ea1o v\u1eadt v\u00e0 ng\u01b0\u1eddi t\u1ea1o ra ch\u00fang.<\/p>\n<p><img class=\"alignnone size-full wp-image-26483 wptangtoc-lazy\" title=\"Stellar Blade - Steam Key Asia Ch\u00ednh H\u00e3ng Stellar Blade steam key 4 KAMIKEY\" alt=\"Stellar Blade steam key 4\" width=\"600\" height=\"337\" data-src=\"https:\/\/kamikey.com\/wp-content\/uploads\/2025\/06\/Stellar-Blade-steam-key-4.jpg\" data-sizes=\"(max-width: 600px) 100vw, 600px\" \/><\/p>\n<p><strong>T\u1ef1a game n\u00e0y kh\u00f4ng \u0111\u01b0\u1ee3c ph\u00e1t h\u00e0nh ch\u00ednh th\u1ee9c t\u1ea1i Vi\u1ec7t Nam<\/strong> v\u00e0 kh\u00f4ng th\u1ec3 mua tr\u1ef1c ti\u1ebfp tr\u00ean Steam Store Vi\u1ec7t Nam do h\u1ea1n ch\u1ebf khu v\u1ef1c. Tuy nhi\u00ean, b\u1ea1n ho\u00e0n to\u00e0n c\u00f3 th\u1ec3 <strong>s\u1eed d\u1ee5ng Steam Key ch\u00ednh h\u00e3ng<\/strong> t\u1eeb KAMIKEY \u0111\u1ec3 th\u00eam game v\u00e0o th\u01b0 vi\u1ec7n Steam c\u1ee7a m\u00ecnh m\u00e0 kh\u00f4ng g\u1eb7p b\u1ea5t k\u1ef3 h\u1ea1n ch\u1ebf n\u00e0o. Qu\u00e1 tr\u00ecnh n\u00e0y kh\u00f4ng y\u00eau c\u1ea7u VPN khi n\u1ea1p key hay ch\u01a1i game, \u0111\u1ed3ng th\u1eddi \u0111\u1ea3m b\u1ea3o an to\u00e0n tuy\u1ec7t \u0111\u1ed1i kh\u00f4ng b\u1ecb Steam ban t\u00e0i kho\u1ea3n.<\/p>\n<p><img class=\"alignnone size-full wp-image-26485 wptangtoc-lazy\" title=\"Stellar Blade - Steam Key Asia Ch\u00ednh H\u00e3ng Stellar Blade steam key 6 KAMIKEY\" alt=\"Stellar Blade steam key 6\" width=\"600\" height=\"337\" data-src=\"https:\/\/kamikey.com\/wp-content\/uploads\/2025\/06\/Stellar-Blade-steam-key-6.jpg\" data-sizes=\"(max-width: 600px) 100vw, 600px\" \/><\/p>\n<h3><span id=\"chi-tiet-san-pham-steam-key\">Chi ti\u1ebft s\u1ea3n ph\u1ea9m Steam Key<\/span><\/h3>\n<ul>\n<li><strong>Steam Key ch\u00ednh h\u00e3ng<\/strong> c\u1ee7a game Stellar Blade v\u1edbi ch\u1ea5t l\u01b0\u1ee3ng \u0111\u01b0\u1ee3c \u0111\u1ea3m b\u1ea3o t\u1eeb nh\u00e0 ph\u00e2n ph\u1ed1i \u1ee7y quy\u1ec1n<\/li>\n<li><strong>T\u01b0\u01a1ng th\u00edch ho\u00e0n to\u00e0n<\/strong> v\u1edbi t\u00e0i kho\u1ea3n Steam Vi\u1ec7t Nam, kh\u00f4ng c\u1ea7n thay \u0111\u1ed5i region hay s\u1eed d\u1ee5ng VPN<\/li>\n<li><strong>Ngu\u1ed3n g\u1ed1c minh b\u1ea1ch<\/strong> t\u1eeb c\u00e1c nh\u00e0 ph\u00e2n ph\u1ed1i ch\u00ednh th\u1ee9c \u0111\u01b0\u1ee3c Sony Interactive Entertainment \u1ee7y quy\u1ec1n<\/li>\n<li><strong>Quy\u1ec1n s\u1edf h\u1eefu v\u0129nh vi\u1ec5n<\/strong> game \u0111\u01b0\u1ee3c th\u00eam v\u00e0o th\u01b0 vi\u1ec7n Steam c\u00e1 nh\u00e2n, t\u01b0\u01a1ng t\u1ef1 nh\u01b0 mua tr\u1ef1c ti\u1ebfp tr\u00ean Store<\/li>\n<li><strong>Cam k\u1ebft ch\u1ea5t l\u01b0\u1ee3ng<\/strong> v\u1edbi ch\u00ednh s\u00e1ch kh\u00f4ng b\u00e1n key China CN, key crack, hay c\u00e1c lo\u1ea1i key kh\u00f4ng r\u00f5 ngu\u1ed3n g\u1ed1c<\/li>\n<li><strong>H\u1ed7 tr\u1ee3 \u0111\u1ea7y \u0111\u1ee7<\/strong> c\u00e1c t\u00ednh n\u0103ng Steam nh\u01b0 achievements, cloud save, workshop v\u00e0 c\u1eadp nh\u1eadt t\u1ef1 \u0111\u1ed9ng<\/li>\n<li><strong>B\u1ea3o h\u00e0nh k\u1ef9 thu\u1eadt<\/strong> v\u1edbi h\u01b0\u1edbng d\u1eabn chi ti\u1ebft v\u00e0 h\u1ed7 tr\u1ee3 k\u00edch ho\u1ea1t 24\/7<\/li>\n<\/ul>\n<h3><span id=\"huong-dan-mua-va-kich-hoat-steam-key\">H\u01b0\u1edbng d\u1eabn mua v\u00e0 k\u00edch ho\u1ea1t Steam Key<\/span><\/h3>\n<ul>\n<li><strong>\u0110\u1eb7t h\u00e0ng nhanh ch\u00f3ng:<\/strong> Click \u201cMua ngay\u201d, \u0111i\u1ec1n th\u00f4ng tin c\u00e1 nh\u00e2n v\u00e0 ch\u1ecdn ph\u01b0\u01a1ng th\u1ee9c thanh to\u00e1n ph\u00f9 h\u1ee3p<\/li>\n<li><strong>Thanh to\u00e1n an to\u00e0n:<\/strong> H\u1ec7 th\u1ed1ng t\u1ef1 \u0111\u1ed9ng x\u1eed l\u00fd \u0111\u01a1n h\u00e0ng v\u00e0 g\u1eedi Steam Key k\u00e8m h\u01b0\u1edbng d\u1eabn chi ti\u1ebft qua email trong v\u00f2ng 5 ph\u00fat<\/li>\n<li><strong>K\u00edch ho\u1ea1t d\u1ec5 d\u00e0ng:<\/strong> L\u00e0m theo h\u01b0\u1edbng d\u1eabn \u0111\u1ec3 th\u00eam key v\u00e0o Steam, game s\u1ebd xu\u1ea5t hi\u1ec7n trong th\u01b0 vi\u1ec7n ngay l\u1eadp t\u1ee9c<\/li>\n<li><strong>Tr\u1ea3i nghi\u1ec7m ho\u00e0n ch\u1ec9nh:<\/strong> T\u1ea3i v\u00e0 ch\u01a1i game nh\u01b0 mua tr\u1ef1c ti\u1ebfp t\u1eeb Steam Store, kh\u00f4ng c\u1ea7n c\u00e0i \u0111\u1eb7t th\u00eam b\u1ea5t k\u1ef3 ph\u1ea7n m\u1ec1m n\u00e0o<\/li>\n<\/ul>\n<h3><span id=\"cam-ket-chat-luong\">cam k\u1ebft ch\u1ea5t l\u01b0\u1ee3ng<\/span><\/h3>\n<ul>\n<li><strong>Key ch\u00ednh h\u00e3ng 100%:<\/strong> Xu\u1ea5t x\u1ee9 t\u1eeb nh\u00e0 ph\u00e2n ph\u1ed1i \u0111\u01b0\u1ee3c Sony \u1ee7y quy\u1ec1n, \u0111\u1ea3m b\u1ea3o kh\u00f4ng ph\u1ea3i key gi\u1ea3 hay key v\u00f9ng h\u1ea1n ch\u1ebf<\/li>\n<li><strong>Email x\u00e1c nh\u1eadn t\u1eeb Steam:<\/strong> Sau khi k\u00edch ho\u1ea1t th\u00e0nh c\u00f4ng, Steam s\u1ebd g\u1eedi email c\u1ea3m \u01a1n \u0111\u00e3 mua h\u00e0ng nh\u01b0 mua tr\u1ef1c ti\u1ebfp tr\u00ean Store<\/li>\n<li><strong>Kh\u00f4ng r\u1ee7i ro b\u1ea3o m\u1eadt:<\/strong> Key t\u1eeb nh\u00e0 ph\u00e2n ph\u1ed1i ch\u00ednh th\u1ee9c, ho\u00e0n to\u00e0n kh\u00f4ng c\u00f3 nguy c\u01a1 b\u1ecb thu h\u1ed3i hay kh\u00f3a t\u00e0i kho\u1ea3n<\/li>\n<li><strong>H\u1ed7 tr\u1ee3 k\u1ef9 thu\u1eadt:<\/strong> \u0110\u1ed9i ng\u0169 t\u01b0 v\u1ea5n chuy\u00ean nghi\u1ec7p h\u1ed7 tr\u1ee3 24\/7 m\u1ecdi v\u1ea5n \u0111\u1ec1 li\u00ean quan \u0111\u1ebfn vi\u1ec7c k\u00edch ho\u1ea1t v\u00e0 s\u1eed d\u1ee5ng<\/li>\n<\/ul>\n<p><img class=\"alignnone size-full wp-image-26488 wptangtoc-lazy\" title=\"Stellar Blade - Steam Key Asia Ch\u00ednh H\u00e3ng Stellar Blade steam key 9 KAMIKEY\" alt=\"Stellar Blade steam key 9\" width=\"600\" height=\"337\" data-src=\"https:\/\/kamikey.com\/wp-content\/uploads\/2025\/06\/Stellar-Blade-steam-key-9.jpg\" data-sizes=\"(max-width: 600px) 100vw, 600px\" \/><\/p>\n<p><img class=\"alignnone size-full wp-image-26486 wptangtoc-lazy\" title=\"Stellar Blade - Steam Key Asia Ch\u00ednh H\u00e3ng Stellar Blade steam key 7 KAMIKEY\" alt=\"Stellar Blade steam key 7\" width=\"600\" height=\"337\" data-src=\"https:\/\/kamikey.com\/wp-content\/uploads\/2025\/06\/Stellar-Blade-steam-key-7.jpg\" data-sizes=\"(max-width: 600px) 100vw, 600px\" \/><\/p>\n<p><img class=\"alignnone size-full wp-image-26487 wptangtoc-lazy\" title=\"Stellar Blade - Steam Key Asia Ch\u00ednh H\u00e3ng Stellar Blade steam key 8 KAMIKEY\" alt=\"Stellar Blade steam key 8\" width=\"600\" height=\"337\" data-src=\"https:\/\/kamikey.com\/wp-content\/uploads\/2025\/06\/Stellar-Blade-steam-key-8.jpg\" data-sizes=\"(max-width: 600px) 100vw, 600px\" \/><\/p>\n<div class=\"devvn_readmore_flatsome devvn_readmore_flatsome_more\"><a title=\"Xem th\u00eam\">Xem th\u00eam<\/a><\/div>\n<div class=\"devvn_readmore_flatsome devvn_readmore_flatsome_less\"><\/div>\n","protected":false},"excerpt":{"rendered":"<p>Stellar Blade l\u00e0 m\u1ed9t t\u00e1c ph\u1ea9m h\u00e0nh \u0111\u1ed9ng phi\u00eau l\u01b0u \u0111\u00e1nh d\u1ea5u b\u01b0\u1edbc ngo\u1eb7t c\u1ee7a nh\u00e0 ph\u00e1t tri\u1ec3n H\u00e0n Qu\u1ed1c SHIFT UP trong vi\u1ec7c t\u1ea1o n\u00ean m\u1ed9t th\u1ebf gi\u1edbi h\u1eadu t\u1eadn th\u1ebf \u0111\u1ea7y m\u00ea ho\u1eb7c. Sau khi th\u00e0nh c\u00f4ng vang d\u1ed9i tr\u00ean PlayStation 5 v\u00e0o th\u00e1ng 4\/2024, game \u0111\u00e3 \u0111\u01b0\u1ee3c t\u1ed1i \u01b0u h\u00f3a v\u00e0 ra [&#8230;]\n","protected":false},"featured_media":129,"comment_status":"open","ping_status":"closed","template":"","meta":[],"product_brand":[],"product_cat":[24,25],"product_tag":[],"class_list":{"0":"post-128","1":"product","2":"type-product","3":"status-publish","4":"has-post-thumbnail","6":"product_cat-game-dang-hot","7":"product_cat-steam-key-chinh-hang","9":"first","10":"instock","11":"shipping-taxable","12":"purchasable","13":"product-type-simple"},"_links":{"self":[{"href":"https:\/\/kuteshop.store\/index.php\/wp-json\/wp\/v2\/product\/128","targetHints":{"allow":["GET"]}}],"collection":[{"href":"https:\/\/kuteshop.store\/index.php\/wp-json\/wp\/v2\/product"}],"about":[{"href":"https:\/\/kuteshop.store\/index.php\/wp-json\/wp\/v2\/types\/product"}],"replies":[{"embeddable":true,"href":"https:\/\/kuteshop.store\/index.php\/wp-json\/wp\/v2\/comments?post=128"}],"wp:featuredmedia":[{"embeddable":true,"href":"https:\/\/kuteshop.store\/index.php\/wp-json\/wp\/v2\/media\/129"}],"wp:attachment":[{"href":"https:\/\/kuteshop.store\/index.php\/wp-json\/wp\/v2\/media?parent=128"}],"wp:term":[{"taxonomy":"product_brand","embeddable":true,"href":"https:\/\/kuteshop.store\/index.php\/wp-json\/wp\/v2\/product_brand?post=128"},{"taxonomy":"product_cat","embeddable":true,"href":"https:\/\/kuteshop.store\/index.php\/wp-json\/wp\/v2\/product_cat?post=128"},{"taxonomy":"product_tag","embeddable":true,"href":"https:\/\/kuteshop.store\/index.php\/wp-json\/wp\/v2\/product_tag?post=128"}],"curies":[{"name":"wp","href":"https:\/\/api.w.org\/{rel}","templated":true}]}}