{"id":124,"date":"2026-03-09T10:54:24","date_gmt":"2026-03-09T10:54:24","guid":{"rendered":"https:\/\/kuteshop.store\/?post_type=product&#038;p=124"},"modified":"2026-03-09T11:12:52","modified_gmt":"2026-03-09T11:12:52","slug":"black-myth-wukong-denuvo-viet-hoa-tai-khoan-steam-offline","status":"publish","type":"product","link":"https:\/\/kuteshop.store\/index.php\/product\/black-myth-wukong-denuvo-viet-hoa-tai-khoan-steam-offline\/","title":{"rendered":"Black Myth: Wukong DENUVO + Vi\u1ec7t H\u00f3a \u2013 T\u00e0i Kho\u1ea3n Steam Offline"},"content":{"rendered":"<blockquote><p><strong>Black Myth: Wukong<\/strong> l\u00e0 t\u1ef1a game action RPG \u0111\u1eadm ch\u1ea5t th\u1ea7n tho\u1ea1i Trung Qu\u1ed1c \u0111\u01b0\u1ee3c ph\u00e1t tri\u1ec3n b\u1edfi Game Science, d\u1ef1a tr\u00ean ti\u1ec3u thuy\u1ebft kinh \u0111i\u1ec3n \u201cT\u00e2y Du K\u00fd\u201d \u2013 m\u1ed9t trong T\u1ee9 \u0110\u1ea1i Danh T\u00e1c c\u1ee7a v\u0103n h\u1ecdc Trung Hoa. Ng\u01b0\u1eddi ch\u01a1i s\u1ebd h\u00f3a th\u00e2n th\u00e0nh \u201c\u0110\u1ecbnh M\u1ec7nh Gi\u1ea3\u201d \u0111\u1ec3 kh\u00e1m ph\u00e1 nh\u1eefng b\u00ed \u1ea9n \u1ea9n gi\u1ea5u sau t\u1ea5m m\u00e0n c\u1ee7a huy\u1ec1n tho\u1ea1i huy ho\u00e0ng t\u1eeb qu\u00e1 kh\u1ee9.<\/p><\/blockquote>\n<p><img decoding=\"async\" class=\"wptangtoc-lazy entered gtloader\" title=\"Black Myth: Wukong DENUVO + Vi\u1ec7t H\u00f3a - T\u00e0i Kho\u1ea3n Steam Offline SteamGIF Battle KAMIKEY\" src=\"https:\/\/shared.fastly.steamstatic.com\/store_item_assets\/steam\/apps\/2358720\/extras\/SteamGIF_Battle.gif?t=1749182199\" alt=\"SteamGIF Battle\" data-src=\"https:\/\/shared.fastly.steamstatic.com\/store_item_assets\/steam\/apps\/2358720\/extras\/SteamGIF_Battle.gif?t=1749182199\" data-ll-status=\"loaded\" \/><a title=\"B\u00e0i vi\u1ebft \u0111\u01b0\u1ee3c copy t\u1eeb Kamikey.com Ngu\u1ed3n b\u00e0i vi\u1ebft : Black Myth: Wukong Offline Gi\u00e1 R\u1ebb + T\u1eb7ng Vi\u1ec7t H\u00f3a\" href=\"https:\/\/kamikey.com\/products\/black-myth-wukong-steam-offline\/\" target=\"_blank\" rel=\"dofollow noopener\"><img loading=\"lazy\" decoding=\"async\" title=\"Black Myth: Wukong Offline Gi\u00e1 R\u1ebb + T\u1eb7ng Vi\u1ec7t H\u00f3a\" src=\"https:\/\/kamikey.com\/wp-content\/uploads\/2024\/10\/px.gif\" alt=\"Black Myth: Wukong Offline Gi\u00e1 R\u1ebb + T\u1eb7ng Vi\u1ec7t H\u00f3a\" width=\"1\" height=\"1\" border=\"0\" \/><\/a><\/p>\n<p>Game mang \u0111\u1ebfn tr\u1ea3i nghi\u1ec7m chi\u1ebfn \u0111\u1ea5u m\u00e3n nh\u00e3n v\u1edbi h\u1ec7 th\u1ed1ng <strong>combat \u0111a d\u1ea1ng<\/strong> k\u1ebft h\u1ee3p gi\u1eefa k\u1ef9 thu\u1eadt c\u00f4n ph\u00e1p truy\u1ec1n th\u1ed1ng v\u00e0 c\u00e1c ph\u00e9p thu\u1eadt bi\u1ebfn h\u00f3a th\u1ea7n k\u1ef3. Destined One c\u00f3 th\u1ec3 t\u1ef1 do k\u1ebft h\u1ee3p c\u00e1c lo\u1ea1i ph\u00e9p thu\u1eadt, n\u0103ng l\u1ef1c, v\u0169 kh\u00ed v\u00e0 trang b\u1ecb \u0111\u1ec3 t\u00ecm ra chi\u1ebfn thu\u1eadt ph\u00f9 h\u1ee3p nh\u1ea5t v\u1edbi phong c\u00e1ch ch\u01a1i c\u1ee7a m\u00ecnh. H\u1ec7 th\u1ed1ng bi\u1ebfn h\u00f3a 72 ph\u00e9p c\u1ee7a T\u00f4n Ng\u1ed9 Kh\u00f4ng \u0111\u01b0\u1ee3c t\u00e1i hi\u1ec7n s\u1ed1ng \u0111\u1ed9ng, cho ph\u00e9p ng\u01b0\u1eddi ch\u01a1i h\u00f3a th\u00e2n th\u00e0nh c\u00e1c sinh v\u1eadt kh\u00e1c nhau ho\u1eb7c th\u1eadm ch\u00ed nh\u00e2n b\u1ea3n ch\u00ednh m\u00ecnh.<\/p>\n<p><img loading=\"lazy\" decoding=\"async\" class=\"alignnone wp-image-9049 wptangtoc-lazy entered gtloader\" title=\"Black Myth: Wukong DENUVO + Vi\u1ec7t H\u00f3a - T\u00e0i Kho\u1ea3n Steam Offline game black myth wukong KAMIKEY\" src=\"https:\/\/kamikey.com\/wp-content\/uploads\/2025\/01\/game-black-myth-wukong.jpg\" sizes=\"auto, (max-width: 600px) 100vw, 600px\" alt=\"game black myth wukong\" width=\"600\" height=\"338\" data-src=\"https:\/\/kamikey.com\/wp-content\/uploads\/2025\/01\/game-black-myth-wukong.jpg\" data-sizes=\"(max-width: 600px) 100vw, 600px\" data-ll-status=\"loaded\" \/><\/p>\n<p>Th\u1ebf gi\u1edbi c\u1ee7a Black Myth: Wukong \u0111\u01b0\u1ee3c x\u00e2y d\u1ef1ng tr\u00ean <strong>Unreal Engine 5<\/strong> v\u1edbi \u0111\u1ed3 h\u1ecda tuy\u1ec7t \u0111\u1eb9p, mang \u0111\u1ebfn nh\u1eefng khung c\u1ea3nh ngo\u1ea1n m\u1ee5c t\u1eeb n\u00fai r\u1eebng h\u00f9ng v\u0129 \u0111\u1ebfn nh\u1eefng ng\u00f4i \u0111\u1ec1n c\u1ed5 k\u00ednh. Game \u0111\u01b0\u1ee3c chia th\u00e0nh 6 ch\u01b0\u01a1ng v\u1edbi c\u00e1c \u0111\u1ecba \u0111i\u1ec3m \u0111\u1eb7c tr\u01b0ng nh\u01b0 H\u1eafc Phong S\u01a1n, Ho\u00e0ng Phong L\u0129nh, T\u00e2y L\u01b0\u01a1ng N\u1eef Qu\u1ed1c, B\u00e0n T\u01a1 \u0110\u1ed9ng v\u00e0 H\u1ecfa Di\u1ec7m S\u01a1n, m\u1ed7i n\u01a1i \u0111\u1ec1u ch\u1ee9a \u0111\u1ef1ng nh\u1eefng c\u00e2u chuy\u1ec7n v\u00e0 th\u1eed th\u00e1ch ri\u00eang bi\u1ec7t.<\/p>\n<p><img loading=\"lazy\" decoding=\"async\" class=\"alignnone size-full wp-image-12570 wptangtoc-lazy entered gtloader\" title=\"Black Myth: Wukong DENUVO + Vi\u1ec7t H\u00f3a - T\u00e0i Kho\u1ea3n Steam Offline Black Myth Wukong 2 KAMIKEY\" src=\"https:\/\/kamikey.com\/wp-content\/uploads\/2025\/01\/Black-Myth-Wukong-2.jpg\" sizes=\"auto, (max-width: 600px) 100vw, 600px\" alt=\"Black Myth Wukong 2\" width=\"600\" height=\"337\" data-src=\"https:\/\/kamikey.com\/wp-content\/uploads\/2025\/01\/Black-Myth-Wukong-2.jpg\" data-sizes=\"(max-width: 600px) 100vw, 600px\" data-ll-status=\"loaded\" \/><\/p>\n<p>\u0110\u1eb7c bi\u1ec7t, t\u1ef1a game n\u00e0y s\u1eed d\u1ee5ng <strong>h\u1ec7 th\u1ed1ng b\u1ea3o v\u1ec7 Denuvo<\/strong> \u2013 m\u1ed9t c\u00f4ng ngh\u1ec7 DRM ch\u1ed1ng crack kh\u00e1 m\u1ea1nh m\u1ebd. Vi\u1ec7c n\u00e0y khi\u1ebfn cho b\u1ea3n crack Black Myth: Wukong r\u1ea5t kh\u00f3 xu\u1ea5t hi\u1ec7n v\u00e0 ngay c\u1ea3 khi c\u00f3 th\u00ec c\u0169ng d\u1ec5 g\u1eb7p l\u1ed7i, kh\u00f4ng \u1ed5n \u0111\u1ecbnh. V\u00ec v\u1eady, <strong>mua t\u00e0i kho\u1ea3n Steam Offline<\/strong> \u0111\u1ec3 active offline ch\u01a1i game n\u00e0y \u0111\u01b0\u1ee3c coi l\u00e0 gi\u1ea3i ph\u00e1p t\u1ed1t nh\u1ea5t hi\u1ec7n t\u1ea1i.<\/p>\n<p><img loading=\"lazy\" decoding=\"async\" class=\"alignnone size-full wp-image-12572 wptangtoc-lazy entered gtloader\" title=\"Black Myth: Wukong DENUVO + Vi\u1ec7t H\u00f3a - T\u00e0i Kho\u1ea3n Steam Offline Black Myth Wukong 4 KAMIKEY\" src=\"https:\/\/kamikey.com\/wp-content\/uploads\/2025\/01\/Black-Myth-Wukong-4.jpg\" sizes=\"auto, (max-width: 600px) 100vw, 600px\" alt=\"Black Myth Wukong 4\" width=\"600\" height=\"337\" data-src=\"https:\/\/kamikey.com\/wp-content\/uploads\/2025\/01\/Black-Myth-Wukong-4.jpg\" data-sizes=\"(max-width: 600px) 100vw, 600px\" data-ll-status=\"loaded\" \/><\/p>\n<p>Khi <strong>mua Black Myth Wukong<\/strong> th\u00f4ng qua t\u00e0i kho\u1ea3n Steam c\u00f3 game, ng\u01b0\u1eddi ch\u01a1i s\u1ebd \u0111\u01b0\u1ee3c tr\u1ea3i nghi\u1ec7m game m\u1ed9t c\u00e1ch \u1ed5n \u0111\u1ecbnh nh\u1ea5t m\u00e0 kh\u00f4ng c\u1ea7n lo l\u1eafng v\u1ec1 c\u00e1c v\u1ea5n \u0111\u1ec1 k\u1ef9 thu\u1eadt. \u0110\u1eb7c bi\u1ec7t, nh\u1eefng ai t\u00ecm ki\u1ebfm c\u00e1ch <strong>mua Black Myth Wukong gi\u00e1 r\u1ebb<\/strong> s\u1ebd th\u1ea5y h\u00ecnh th\u1ee9c t\u00e0i kho\u1ea3n Steam b\u1ea3n quy\u1ec1n Black Myth: Wukong v\u00f4 c\u00f9ng ph\u00f9 h\u1ee3p v\u1ec1 m\u1eb7t chi ph\u00ed.<\/p>\n<p><img decoding=\"async\" class=\"alignnone size-full wp-image-12573 wptangtoc-lazy\" title=\"Black Myth: Wukong DENUVO + Vi\u1ec7t H\u00f3a - T\u00e0i Kho\u1ea3n Steam Offline Black Myth Wukong 5 KAMIKEY\" src=\"data:;base64,<svg xmlns='http:\/\/www.w3.org\/2000\/svg' viewBox='0 0 600 337'\/>&#8221; alt=&#8221;Black Myth Wukong 5&#8243; width=&#8221;600&#8243; height=&#8221;337&#8243; data-src=&#8221;https:\/\/kamikey.com\/wp-content\/uploads\/2025\/01\/Black-Myth-Wukong-5.jpg&#8221; data-sizes=&#8221;(max-width: 600px) 100vw, 600px&#8221; \/><\/p>\n<p>KAMIKEY \u2013 <strong>shop b\u00e1n Black Myth Wukong uy t\u00edn<\/strong> \u2013 \u0111\u00e3 chu\u1ea9n b\u1ecb s\u1eb5n r\u1ea5t nhi\u1ec1u t\u00e0i kho\u1ea3n \u0111\u1ec3 \u0111\u1ea3m b\u1ea3o b\u1ea1n c\u00f3 th\u1ec3 k\u00edch ho\u1ea1t \u0111\u01b0\u1ee3c Denuvo ngay l\u1eadp t\u1ee9c m\u00e0 kh\u00f4ng ph\u1ea3i ch\u1edd \u0111\u1ee3i. \u0110i\u1ec1u n\u00e0y r\u1ea5t quan tr\u1ecdng v\u00ec Denuvo c\u00f3 gi\u1edbi h\u1ea1n s\u1ed1 l\u01b0\u1ee3ng thi\u1ebft b\u1ecb c\u00f3 th\u1ec3 k\u00edch ho\u1ea1t m\u1ed7i ng\u00e0y. V\u1edbi d\u1ecbch v\u1ee5 <strong>t\u00e0i kho\u1ea3n Steam Offline<\/strong> c\u1ee7a ch\u00fang t\u00f4i, b\u1ea1n s\u1ebd \u0111\u01b0\u1ee3c h\u1ed7 tr\u1ee3 ch\u01a1i game m\u1ed9t c\u00e1ch \u1ed5n \u0111\u1ecbnh v\u00e0 m\u01b0\u1ee3t m\u00e0 nh\u1ea5t.<\/p>\n<p><img decoding=\"async\" class=\"alignnone size-full wp-image-12574 wptangtoc-lazy\" title=\"Black Myth: Wukong DENUVO + Vi\u1ec7t H\u00f3a - T\u00e0i Kho\u1ea3n Steam Offline Black Myth Wukong 6 KAMIKEY\" src=\"data:;base64,<svg xmlns='http:\/\/www.w3.org\/2000\/svg' viewBox='0 0 600 337'\/>&#8221; alt=&#8221;Black Myth Wukong 6&#8243; width=&#8221;600&#8243; height=&#8221;337&#8243; data-src=&#8221;https:\/\/kamikey.com\/wp-content\/uploads\/2025\/01\/Black-Myth-Wukong-6.jpg&#8221; data-sizes=&#8221;(max-width: 600px) 100vw, 600px&#8221; \/><\/p>\n<p>Game c\u00f3 th\u1eddi l\u01b0\u1ee3ng ch\u01a1i kho\u1ea3ng <strong>30 gi\u1edd<\/strong> cho l\u1ea7n \u0111\u1ea7u tr\u1ea3i nghi\u1ec7m c\u00f9ng v\u1edbi r\u1ea5t nhi\u1ec1u n\u1ed9i dung ph\u1ee5 \u0111\u1ec3 kh\u00e1m ph\u00e1. H\u1ec7 th\u1ed1ng boss trong game c\u1ef1c k\u1ef3 \u0111a d\u1ea1ng v\u1edbi h\u00e0ng ch\u1ee5c tr\u1eadn chi\u1ebfn ho\u00e0nh tr\u00e1ng, m\u1ed7i boss \u0111\u1ec1u c\u00f3 c\u00e2u chuy\u1ec7n v\u00e0 \u0111\u1ed9ng c\u01a1 ri\u00eang \u0111\u1eb1ng sau v\u1ebb ngo\u00e0i hung d\u1eef c\u1ee7a ch\u00fang. Ng\u01b0\u1eddi ch\u01a1i s\u1ebd \u0111\u01b0\u1ee3c kh\u00e1m ph\u00e1 nh\u1eefng m\u1ea3nh gh\u00e9p c\u1ea3m x\u00fac nh\u01b0 t\u00ecnh y\u00eau, h\u1eadn th\u00f9, tham lam v\u00e0 ph\u1eabn n\u1ed9 m\u00e0 c\u00e1c nh\u00e2n v\u1eadt mang trong m\u00ecnh.<\/p>\n<p><img decoding=\"async\" class=\"alignnone size-full wp-image-12575 wptangtoc-lazy\" title=\"Black Myth: Wukong DENUVO + Vi\u1ec7t H\u00f3a - T\u00e0i Kho\u1ea3n Steam Offline Black Myth Wukong 1 KAMIKEY\" src=\"data:;base64,<svg xmlns='http:\/\/www.w3.org\/2000\/svg' viewBox='0 0 600 337'\/>&#8221; alt=&#8221;Black Myth Wukong 1&#8243; width=&#8221;600&#8243; height=&#8221;337&#8243; data-src=&#8221;https:\/\/kamikey.com\/wp-content\/uploads\/2025\/01\/Black-Myth-Wukong-1.jpg&#8221; data-sizes=&#8221;(max-width: 600px) 100vw, 600px&#8221; \/><\/p>\n<p>\u0110\u1ed1i v\u1edbi nh\u1eefng ai quan t\u00e2m \u0111\u1ebfn vi\u1ec7c <strong>mua Black Myth Wukong offline<\/strong> ho\u1eb7c <strong>mua Black Myth Wukong active offline<\/strong>, th\u00ec t\u00e0i kho\u1ea3n Steam c\u1ee7a KAMIKEY ch\u00ednh l\u00e0 l\u1ef1a ch\u1ecdn ho\u00e0n h\u1ea3o. Ch\u00fang t\u00f4i l\u00e0 <strong>shop b\u00e1n Black Myth Wukong gi\u00e1 r\u1ebb<\/strong> nh\u01b0ng v\u1eabn \u0111\u1ea3m b\u1ea3o ch\u1ea5t l\u01b0\u1ee3ng d\u1ecbch v\u1ee5 t\u1ed1t nh\u1ea5t, gi\u00fap game th\u1ee7 c\u00f3 th\u1ec3 t\u1eadn h\u01b0\u1edfng t\u00e1c ph\u1ea9m \u0111\u1ec9nh cao n\u00e0y m\u1ed9t c\u00e1ch tr\u1ecdn v\u1eb9n nh\u1ea5t.<\/p>\n<p><img decoding=\"async\" class=\"alignnone size-full wp-image-12571 wptangtoc-lazy\" title=\"Black Myth: Wukong DENUVO + Vi\u1ec7t H\u00f3a - T\u00e0i Kho\u1ea3n Steam Offline Black Myth Wukong 3 KAMIKEY\" src=\"data:;base64,<svg xmlns='http:\/\/www.w3.org\/2000\/svg' viewBox='0 0 600 337'\/>&#8221; alt=&#8221;Black Myth Wukong 3&#8243; width=&#8221;600&#8243; height=&#8221;337&#8243; data-src=&#8221;https:\/\/kamikey.com\/wp-content\/uploads\/2025\/01\/Black-Myth-Wukong-3.jpg&#8221; data-sizes=&#8221;(max-width: 600px) 100vw, 600px&#8221; \/><\/p>\n<p>Black Myth: Wukong kh\u00f4ng ch\u1ec9 l\u00e0 m\u1ed9t t\u1ef1a game h\u00e0nh \u0111\u1ed9ng th\u00f4ng th\u01b0\u1eddng m\u00e0 c\u00f2n l\u00e0 c\u1ea7u n\u1ed1i v\u0103n h\u00f3a, mang \u0111\u1ebfn cho ng\u01b0\u1eddi ch\u01a1i c\u01a1 h\u1ed9i t\u00ecm hi\u1ec3u s\u00e2u h\u01a1n v\u1ec1 th\u1ea7n tho\u1ea1i Trung Qu\u1ed1c qua l\u0103ng k\u00ednh c\u1ee7a c\u00f4ng ngh\u1ec7 game hi\u1ec7n \u0111\u1ea1i. V\u1edbi nh\u1eefng ai y\u00eau th\u00edch th\u1ec3 lo\u1ea1i action RPG v\u00e0 mu\u1ed1n tr\u1ea3i nghi\u1ec7m m\u1ed9t c\u00e2u chuy\u1ec7n huy\u1ec1n tho\u1ea1i \u0111\u01b0\u1ee3c k\u1ec3 l\u1ea1i theo c\u00e1ch ho\u00e0n to\u00e0n m\u1edbi m\u1ebb, \u0111\u00e2y ch\u1eafc ch\u1eafn l\u00e0 t\u1ef1a game kh\u00f4ng th\u1ec3 b\u1ecf qua.<\/p>\n<div class=\"devvn_readmore_flatsome devvn_readmore_flatsome_more\"><a title=\"Xem th\u00eam\">Xem th\u00eam<\/a><\/div>\n<div class=\"devvn_readmore_flatsome devvn_readmore_flatsome_less\"><\/div>\n","protected":false},"excerpt":{"rendered":"<p>Black Myth: Wukong l\u00e0 t\u1ef1a game action RPG \u0111\u1eadm ch\u1ea5t th\u1ea7n tho\u1ea1i Trung Qu\u1ed1c \u0111\u01b0\u1ee3c ph\u00e1t tri\u1ec3n b\u1edfi Game Science, d\u1ef1a tr\u00ean ti\u1ec3u thuy\u1ebft kinh \u0111i\u1ec3n \u201cT\u00e2y Du K\u00fd\u201d \u2013 m\u1ed9t trong T\u1ee9 \u0110\u1ea1i Danh T\u00e1c c\u1ee7a v\u0103n h\u1ecdc Trung Hoa. Ng\u01b0\u1eddi ch\u01a1i s\u1ebd h\u00f3a th\u00e2n th\u00e0nh \u201c\u0110\u1ecbnh M\u1ec7nh Gi\u1ea3\u201d \u0111\u1ec3 kh\u00e1m ph\u00e1 nh\u1eefng b\u00ed [&#8230;]\n","protected":false},"featured_media":125,"comment_status":"open","ping_status":"closed","template":"","meta":[],"product_brand":[],"product_cat":[15,24],"product_tag":[],"class_list":{"0":"post-124","1":"product","2":"type-product","3":"status-publish","4":"has-post-thumbnail","6":"product_cat-uncategorized","7":"product_cat-game-dang-hot","9":"first","10":"instock","11":"shipping-taxable","12":"purchasable","13":"product-type-simple"},"_links":{"self":[{"href":"https:\/\/kuteshop.store\/index.php\/wp-json\/wp\/v2\/product\/124","targetHints":{"allow":["GET"]}}],"collection":[{"href":"https:\/\/kuteshop.store\/index.php\/wp-json\/wp\/v2\/product"}],"about":[{"href":"https:\/\/kuteshop.store\/index.php\/wp-json\/wp\/v2\/types\/product"}],"replies":[{"embeddable":true,"href":"https:\/\/kuteshop.store\/index.php\/wp-json\/wp\/v2\/comments?post=124"}],"wp:featuredmedia":[{"embeddable":true,"href":"https:\/\/kuteshop.store\/index.php\/wp-json\/wp\/v2\/media\/125"}],"wp:attachment":[{"href":"https:\/\/kuteshop.store\/index.php\/wp-json\/wp\/v2\/media?parent=124"}],"wp:term":[{"taxonomy":"product_brand","embeddable":true,"href":"https:\/\/kuteshop.store\/index.php\/wp-json\/wp\/v2\/product_brand?post=124"},{"taxonomy":"product_cat","embeddable":true,"href":"https:\/\/kuteshop.store\/index.php\/wp-json\/wp\/v2\/product_cat?post=124"},{"taxonomy":"product_tag","embeddable":true,"href":"https:\/\/kuteshop.store\/index.php\/wp-json\/wp\/v2\/product_tag?post=124"}],"curies":[{"name":"wp","href":"https:\/\/api.w.org\/{rel}","templated":true}]}}