{"id":122,"date":"2026-03-09T10:53:38","date_gmt":"2026-03-09T10:53:38","guid":{"rendered":"https:\/\/kuteshop.store\/?post_type=product&#038;p=122"},"modified":"2026-03-09T11:12:52","modified_gmt":"2026-03-09T11:12:52","slug":"stellar-blade-complete-edition-viet-hoa-denuvo-tai-khoan-steam-offline","status":"publish","type":"product","link":"https:\/\/kuteshop.store\/index.php\/product\/stellar-blade-complete-edition-viet-hoa-denuvo-tai-khoan-steam-offline\/","title":{"rendered":"Stellar Blade Complete Edition + Vi\u1ec7t H\u00f3a DENUVO \u2013 T\u00e0i Kho\u1ea3n Steam Offline"},"content":{"rendered":"<blockquote><p><strong>Stellar Blade<\/strong> l\u00e0 t\u1ef1a game h\u00e0nh \u0111\u1ed9ng phi\u00eau l\u01b0u n\u1ed5i ti\u1ebfng t\u1eeb studio ph\u00e1t tri\u1ec3n H\u00e0n Qu\u1ed1c SHIFT UP, \u0111\u00e3 g\u00e2y ti\u1ebfng vang l\u1edbn tr\u00ean PlayStation 5 t\u1eeb th\u00e1ng 4\/2024 v\u00e0 hi\u1ec7n \u0111\u00e3 ch\u00ednh th\u1ee9c c\u00f3 m\u1eb7t tr\u00ean PC v\u1edbi nhi\u1ec1u t\u1ed1i \u01b0u h\u00f3a \u1ea5n t\u01b0\u1ee3ng. Game \u0111\u01b0\u1ee3c b\u1ea3o v\u1ec7 b\u1edfi <strong>c\u00f4ng ngh\u1ec7 DENUVO<\/strong>, do \u0111\u00f3 hi\u1ec7n t\u1ea1i ch\u01b0a c\u00f3 phi\u00ean b\u1ea3n crack n\u00e0o kh\u1ea3 d\u1ee5ng.<\/p><\/blockquote>\n<p><img decoding=\"async\" class=\"wptangtoc-lazy entered gtloader\" title=\"Stellar Blade Complete Edition + Vi\u1ec7t H\u00f3a DENUVO - T\u00e0i Kho\u1ea3n Steam Offline SB GIF for Steam Masked 01 KAMIKEY\" src=\"https:\/\/shared.cloudflare.steamstatic.com\/store_item_assets\/steam\/apps\/3489700\/extras\/SB_GIF_for_Steam_Masked_01.gif?t=1748417817\" alt=\"SB GIF for Steam Masked 01\" data-src=\"https:\/\/shared.cloudflare.steamstatic.com\/store_item_assets\/steam\/apps\/3489700\/extras\/SB_GIF_for_Steam_Masked_01.gif?t=1748417817\" data-ll-status=\"loaded\" \/><a title=\"B\u00e0i vi\u1ebft \u0111\u01b0\u1ee3c copy t\u1eeb Kamikey.com Ngu\u1ed3n b\u00e0i vi\u1ebft : Stellar Blade Complete Edition Offline + Vi\u1ec7t H\u00f3a\" href=\"https:\/\/kamikey.com\/products\/stellar-blade-offline\/\" target=\"_blank\" rel=\"dofollow noopener\"><img loading=\"lazy\" decoding=\"async\" title=\"Stellar Blade Complete Edition Offline + Vi\u1ec7t H\u00f3a\" src=\"https:\/\/kamikey.com\/wp-content\/uploads\/2024\/10\/px.gif\" alt=\"Stellar Blade Complete Edition Offline + Vi\u1ec7t H\u00f3a\" width=\"1\" height=\"1\" border=\"0\" \/><\/a><\/p>\n<p>Thay v\u00ec ch\u1edd \u0111\u1ee3i crack, game th\u1ee7 c\u00f3 th\u1ec3 tr\u1ea3i nghi\u1ec7m ngay b\u1eb1ng <strong>t\u00e0i kho\u1ea3n Steam Active Offline<\/strong> t\u1eeb KAMIKEY. Ph\u01b0\u01a1ng ph\u00e1p n\u00e0y cho ph\u00e9p t\u1ea3i v\u00e0 c\u00e0i \u0111\u1eb7t game ho\u00e0n to\u00e0n an to\u00e0n tr\u00ean Steam, c\u00f3 th\u1ec3 d\u1ec5 d\u00e0ng c\u00e0i \u0111\u1eb7t Vi\u1ec7t H\u00f3a, nh\u1eadn c\u00e1c b\u1ea3n c\u1eadp nh\u1eadt s\u1eeda l\u1ed7i v\u00e0 n\u1ed9i dung m\u1edbi. T\u00e0i kho\u1ea3n \u0111\u01b0\u1ee3c <strong>k\u00edch ho\u1ea1t m\u1ed9t l\u1ea7n<\/strong> v\u00e0 s\u1eed d\u1ee5ng v\u0129nh vi\u1ec5n \u1edf ch\u1ebf \u0111\u1ed9 Offline Mode, l\u01b0u save game ri\u00eang tr\u00ean m\u00e1y t\u00ednh c\u00e1 nh\u00e2n.<\/p>\n<p><img loading=\"lazy\" decoding=\"async\" class=\"alignnone size-full wp-image-17610 wptangtoc-lazy entered gtloader\" title=\"Stellar Blade Complete Edition + Vi\u1ec7t H\u00f3a DENUVO - T\u00e0i Kho\u1ea3n Steam Offline Stellar Blade offline 1 KAMIKEY\" src=\"https:\/\/kamikey.com\/wp-content\/uploads\/2025\/05\/Stellar-Blade-offline-1.jpg\" sizes=\"auto, (max-width: 600px) 100vw, 600px\" alt=\"Stellar Blade offline 1\" width=\"600\" height=\"337\" data-src=\"https:\/\/kamikey.com\/wp-content\/uploads\/2025\/05\/Stellar-Blade-offline-1.jpg\" data-sizes=\"(max-width: 600px) 100vw, 600px\" data-ll-status=\"loaded\" \/><\/p>\n<p>C\u00e2u chuy\u1ec7n game xoay quanh nh\u00e2n v\u1eadt EVE, m\u1ed9t chi\u1ebfn binh t\u1eeb Thu\u1ed9c \u0110\u1ecba ngo\u00e0i kh\u00f4ng gian tr\u1edf v\u1ec1 Tr\u00e1i \u0110\u1ea5t \u0111\u00e3 b\u1ecb t\u00e0n ph\u00e1 \u0111\u1ec3 th\u1ef1c hi\u1ec7n s\u1ee9 m\u1ec7nh <strong>gi\u1ea3i c\u1ee9u nh\u00e2n lo\u1ea1i<\/strong>. H\u00e0nh tinh \u0111\u00e3 b\u1ecb nh\u1eefng sinh v\u1eadt b\u00ed \u1ea9n mang t\u00ean Naytiba chi\u1ebfm \u0111\u00f3ng, bu\u1ed9c con ng\u01b0\u1eddi ph\u1ea3i di t\u1ea3n l\u00ean kh\u00f4ng gian. Nhi\u1ec7m v\u1ee5 c\u1ee7a EVE l\u00e0 \u0111\u00e1nh b\u1ea1i Naytiba v\u00e0 \u0111\u00f2i l\u1ea1i Tr\u00e1i \u0110\u1ea5t, nh\u01b0ng d\u1ea7n d\u1ea7n c\u00f4 kh\u00e1m ph\u00e1 ra r\u1eb1ng s\u1ef1 th\u1eadt ph\u1ee9c t\u1ea1p h\u01a1n nhi\u1ec1u.<\/p>\n<p><img loading=\"lazy\" decoding=\"async\" class=\"alignnone size-full wp-image-17618 wptangtoc-lazy entered gtloader\" title=\"Stellar Blade Complete Edition + Vi\u1ec7t H\u00f3a DENUVO - T\u00e0i Kho\u1ea3n Steam Offline Stellar Blade 6 KAMIKEY\" src=\"https:\/\/kamikey.com\/wp-content\/uploads\/2025\/05\/Stellar-Blade-6.jpg\" sizes=\"auto, (max-width: 600px) 100vw, 600px\" alt=\"Stellar Blade 6\" width=\"600\" height=\"337\" data-src=\"https:\/\/kamikey.com\/wp-content\/uploads\/2025\/05\/Stellar-Blade-6.jpg\" data-sizes=\"(max-width: 600px) 100vw, 600px\" data-ll-status=\"loaded\" \/><\/p>\n<p>H\u1ec7 th\u1ed1ng chi\u1ebfn \u0111\u1ea5u c\u1ee7a Stellar Blade t\u1eadp trung v\u00e0o <strong>combat c\u1eadn chi\u1ebfn t\u1ed1c \u0111\u1ed9 cao<\/strong> v\u1edbi c\u00e1c combo t\u1ea5n c\u00f4ng m\u01b0\u1ee3t m\u00e0 v\u00e0 \u0111a d\u1ea1ng. Ng\u01b0\u1eddi ch\u01a1i c\u00f3 th\u1ec3 n\u00e2ng c\u1ea5p v\u0169 kh\u00ed, m\u1edf kh\u00f3a k\u1ef9 n\u0103ng m\u1edbi v\u00e0 \u0111\u1ed1i \u0111\u1ea7u v\u1edbi nh\u1eefng boss \u0111\u1ea7y th\u00e1ch th\u1ee9c. Game k\u1ebft h\u1ee3p ho\u00e0n h\u1ea3o gi\u1eefa y\u1ebfu t\u1ed1 h\u00e0nh \u0111\u1ed9ng hardcore v\u00e0 c\u01a1 ch\u1ebf RPG s\u00e2u s\u1eafc.<\/p>\n<p><img loading=\"lazy\" decoding=\"async\" class=\"alignnone size-full wp-image-17611 wptangtoc-lazy entered gtloader\" title=\"Stellar Blade Complete Edition + Vi\u1ec7t H\u00f3a DENUVO - T\u00e0i Kho\u1ea3n Steam Offline Stellar Blade offline 2 2 KAMIKEY\" src=\"https:\/\/kamikey.com\/wp-content\/uploads\/2025\/05\/Stellar-Blade-offline-2-2.jpg\" sizes=\"auto, (max-width: 600px) 100vw, 600px\" alt=\"Stellar Blade offline 2 2\" width=\"600\" height=\"337\" data-src=\"https:\/\/kamikey.com\/wp-content\/uploads\/2025\/05\/Stellar-Blade-offline-2-2.jpg\" data-sizes=\"(max-width: 600px) 100vw, 600px\" data-ll-status=\"loaded\" \/><\/p>\n<p>V\u1ec1 m\u1eb7t th\u1ecb gi\u00e1c, game s\u1edf h\u1eefu <strong>\u0111\u1ed3 h\u1ecda \u0111\u1ec9nh cao<\/strong> m\u00f4 t\u1ea3 th\u1ebf gi\u1edbi h\u1eadu t\u1eadn th\u1ebf v\u1edbi s\u1ef1 pha tr\u1ed9n \u0111\u1ed9c \u0111\u00e1o gi\u1eefa v\u1ebb \u0111\u1eb9p v\u00e0 s\u1ef1 kinh d\u1ecb. M\u00f4i tr\u01b0\u1eddng game \u0111\u01b0\u1ee3c thi\u1ebft k\u1ebf t\u1ec9 m\u1ec9 t\u1eeb nh\u1eefng th\u00e0nh ph\u1ed1 hoang t\u00e0n \u0111\u1ebfn c\u00e1c khu v\u1ef1c khoa h\u1ecdc vi\u1ec5n t\u01b0\u1edfng, t\u1ea1o n\u00ean tr\u1ea3i nghi\u1ec7m th\u1ecb gi\u00e1c cho\u00e1ng ng\u1ee3p.<\/p>\n<p><img decoding=\"async\" class=\"alignnone size-full wp-image-17612 wptangtoc-lazy\" title=\"Stellar Blade Complete Edition + Vi\u1ec7t H\u00f3a DENUVO - T\u00e0i Kho\u1ea3n Steam Offline Stellar Blade offline 2 1 KAMIKEY\" src=\"data:;base64,<svg xmlns='http:\/\/www.w3.org\/2000\/svg' viewBox='0 0 600 337'\/>&#8221; alt=&#8221;Stellar Blade offline 2 1&#8243; width=&#8221;600&#8243; height=&#8221;337&#8243; data-src=&#8221;https:\/\/kamikey.com\/wp-content\/uploads\/2025\/05\/Stellar-Blade-offline-2-1.jpg&#8221; data-sizes=&#8221;(max-width: 600px) 100vw, 600px&#8221; \/><\/p>\n<p>Phi\u00ean b\u1ea3n PC \u0111\u01b0\u1ee3c t\u1ed1i \u01b0u v\u1edbi nhi\u1ec1u t\u00ednh n\u0103ng cao c\u1ea5p nh\u01b0 h\u1ed7 tr\u1ee3 <strong>m\u00e0n h\u00ecnh si\u00eau r\u1ed9ng<\/strong> 21:9 v\u00e0 32:9, c\u00f4ng ngh\u1ec7 NVIDIA DLSS 4, DLAA, Reflex v\u00e0 AMD FSR 3. T\u1ed1c \u0111\u1ed9 khung h\u00ecnh \u0111\u01b0\u1ee3c m\u1edf kh\u00f3a ho\u00e0n to\u00e0n, h\u1ed7 tr\u1ee3 g\u00f3i texture 4K v\u00e0 t\u01b0\u01a1ng th\u00edch v\u1edbi c\u1ea3 b\u1ed9 \u0111i\u1ec1u khi\u1ec3n DualSense l\u1eabn chu\u1ed9t b\u00e0n ph\u00edm.<\/p>\n<p><img decoding=\"async\" class=\"alignnone size-full wp-image-17613 wptangtoc-lazy\" title=\"Stellar Blade Complete Edition + Vi\u1ec7t H\u00f3a DENUVO - T\u00e0i Kho\u1ea3n Steam Offline Stellar Blade 1 KAMIKEY\" src=\"data:;base64,<svg xmlns='http:\/\/www.w3.org\/2000\/svg' viewBox='0 0 600 337'\/>&#8221; alt=&#8221;Stellar Blade 1&#8243; width=&#8221;600&#8243; height=&#8221;337&#8243; data-src=&#8221;https:\/\/kamikey.com\/wp-content\/uploads\/2025\/05\/Stellar-Blade-1.jpg&#8221; data-sizes=&#8221;(max-width: 600px) 100vw, 600px&#8221; \/><\/p>\n<p>Game bao g\u1ed3m n\u1ed9i dung m\u1edf r\u1ed9ng v\u1edbi <strong>Ch\u1ebf \u0111\u1ed9 Th\u1eed th\u00e1ch Boss<\/strong> \u0111\u1ed1i \u0111\u1ea7u Mann \u2013 th\u1ee7 l\u0129nh Sentinels, 25 b\u1ed9 trang ph\u1ee5c \u0111\u1ed9c \u0111\u00e1o, ba c\u1eb7p k\u00ednh v\u00e0 s\u00e1u \u0111\u00f4i b\u00f4ng tai t\u00f9y ch\u1ec9nh. H\u1ed7 tr\u1ee3 l\u1ed3ng ti\u1ebfng ti\u1ebfng Nh\u1eadt v\u00e0 ti\u1ebfng Trung v\u1edbi nh\u00e9p m\u00f4i ch\u00ednh x\u00e1c.<\/p>\n<p><img decoding=\"async\" class=\"alignnone size-full wp-image-17614 wptangtoc-lazy\" title=\"Stellar Blade Complete Edition + Vi\u1ec7t H\u00f3a DENUVO - T\u00e0i Kho\u1ea3n Steam Offline Stellar Blade 2 KAMIKEY\" src=\"data:;base64,<svg xmlns='http:\/\/www.w3.org\/2000\/svg' viewBox='0 0 600 337'\/>&#8221; alt=&#8221;Stellar Blade 2&#8243; width=&#8221;600&#8243; height=&#8221;337&#8243; data-src=&#8221;https:\/\/kamikey.com\/wp-content\/uploads\/2025\/05\/Stellar-Blade-2.jpg&#8221; data-sizes=&#8221;(max-width: 600px) 100vw, 600px&#8221; \/><\/p>\n<p>Stellar Blade \u0111\u01b0\u1ee3c \u0111\u00e1nh gi\u00e1 cao v\u1ec1 c\u1ed1t truy\u1ec7n s\u00e2u s\u1eafc v\u1edbi c\u00e1c ch\u1ee7 \u0111\u1ec1 tr\u01b0\u1edfng th\u00e0nh, kh\u00e1m ph\u00e1 \u00fd ngh\u0129a c\u1ee7a s\u1ef1 t\u1ed3n t\u1ea1i v\u00e0 s\u1ed1 ph\u1eadn lo\u00e0i ng\u01b0\u1eddi. <strong>Gameplay kho\u1ea3ng 30-40 gi\u1edd<\/strong> v\u1edbi nhi\u1ec1u nhi\u1ec7m v\u1ee5 ph\u1ee5 v\u00e0 b\u00ed m\u1eadt c\u1ea7n kh\u00e1m ph\u00e1 trong th\u1ebf gi\u1edbi m\u1edf r\u1ed9ng l\u1edbn.<\/p>\n<p><img decoding=\"async\" class=\"alignnone size-full wp-image-17615 wptangtoc-lazy\" title=\"Stellar Blade Complete Edition + Vi\u1ec7t H\u00f3a DENUVO - T\u00e0i Kho\u1ea3n Steam Offline Stellar Blade 3 KAMIKEY\" src=\"data:;base64,<svg xmlns='http:\/\/www.w3.org\/2000\/svg' viewBox='0 0 600 337'\/>&#8221; alt=&#8221;Stellar Blade 3&#8243; width=&#8221;600&#8243; height=&#8221;337&#8243; data-src=&#8221;https:\/\/kamikey.com\/wp-content\/uploads\/2025\/05\/Stellar-Blade-3.jpg&#8221; data-sizes=&#8221;(max-width: 600px) 100vw, 600px&#8221; \/><\/p>\n<p>L\u01b0u \u00fd game c\u00f3 n\u1ed9i dung b\u1ea1o l\u1ef1c, h\u00ecnh \u1ea3nh g\u1ee3i c\u1ea3m v\u00e0 ng\u00f4n ng\u1eef \u1edf m\u1ee9c \u0111\u1ed9 trung b\u00ecnh, ph\u00f9 h\u1ee3p v\u1edbi ng\u01b0\u1eddi ch\u01a1i t\u1eeb 17 tu\u1ed5i tr\u1edf l\u00ean. V\u1edbi s\u1ef1 k\u1ebft h\u1ee3p ho\u00e0n h\u1ea3o gi\u1eefa gameplay h\u1ea5p d\u1eabn, \u0111\u1ed3 h\u1ecda \u0111\u1ec9nh cao v\u00e0 c\u00e2u chuy\u1ec7n cu\u1ed1n h\u00fat, Stellar Blade ch\u1eafc ch\u1eafn l\u00e0 <strong>t\u1ef1a game kh\u00f4ng th\u1ec3 b\u1ecf qua<\/strong> cho nh\u1eefng ai y\u00eau th\u00edch th\u1ec3 lo\u1ea1i h\u00e0nh \u0111\u1ed9ng phi\u00eau l\u01b0u.<\/p>\n<p><img decoding=\"async\" class=\"alignnone size-full wp-image-17616 wptangtoc-lazy\" title=\"Stellar Blade Complete Edition + Vi\u1ec7t H\u00f3a DENUVO - T\u00e0i Kho\u1ea3n Steam Offline Stellar Blade 4 KAMIKEY\" src=\"data:;base64,<svg xmlns='http:\/\/www.w3.org\/2000\/svg' viewBox='0 0 600 337'\/>&#8221; alt=&#8221;Stellar Blade 4&#8243; width=&#8221;600&#8243; height=&#8221;337&#8243; data-src=&#8221;https:\/\/kamikey.com\/wp-content\/uploads\/2025\/05\/Stellar-Blade-4.jpg&#8221; data-sizes=&#8221;(max-width: 600px) 100vw, 600px&#8221; \/><\/p>\n<p><img decoding=\"async\" class=\"alignnone size-full wp-image-17617 wptangtoc-lazy\" title=\"Stellar Blade Complete Edition + Vi\u1ec7t H\u00f3a DENUVO - T\u00e0i Kho\u1ea3n Steam Offline Stellar Blade 5 KAMIKEY\" src=\"data:;base64,<svg xmlns='http:\/\/www.w3.org\/2000\/svg' viewBox='0 0 600 337'\/>&#8221; alt=&#8221;Stellar Blade 5&#8243; width=&#8221;600&#8243; height=&#8221;337&#8243; data-src=&#8221;https:\/\/kamikey.com\/wp-content\/uploads\/2025\/05\/Stellar-Blade-5.jpg&#8221; data-sizes=&#8221;(max-width: 600px) 100vw, 600px&#8221; \/><\/p>\n<p><img decoding=\"async\" class=\"alignnone size-full wp-image-17619 wptangtoc-lazy\" title=\"Stellar Blade Complete Edition + Vi\u1ec7t H\u00f3a DENUVO - T\u00e0i Kho\u1ea3n Steam Offline Stellar Blade 7 KAMIKEY\" src=\"data:;base64,<svg xmlns='http:\/\/www.w3.org\/2000\/svg' viewBox='0 0 600 337'\/>&#8221; alt=&#8221;Stellar Blade 7&#8243; width=&#8221;600&#8243; height=&#8221;337&#8243; data-src=&#8221;https:\/\/kamikey.com\/wp-content\/uploads\/2025\/05\/Stellar-Blade-7.jpg&#8221; data-sizes=&#8221;(max-width: 600px) 100vw, 600px&#8221; \/><\/p>\n<div class=\"devvn_readmore_flatsome devvn_readmore_flatsome_more\"><a title=\"Xem th\u00eam\">Xem th\u00eam<\/a><\/div>\n<div class=\"devvn_readmore_flatsome devvn_readmore_flatsome_less\"><\/div>\n","protected":false},"excerpt":{"rendered":"<p>Stellar Blade l\u00e0 t\u1ef1a game h\u00e0nh \u0111\u1ed9ng phi\u00eau l\u01b0u n\u1ed5i ti\u1ebfng t\u1eeb studio ph\u00e1t tri\u1ec3n H\u00e0n Qu\u1ed1c SHIFT UP, \u0111\u00e3 g\u00e2y ti\u1ebfng vang l\u1edbn tr\u00ean PlayStation 5 t\u1eeb th\u00e1ng 4\/2024 v\u00e0 hi\u1ec7n \u0111\u00e3 ch\u00ednh th\u1ee9c c\u00f3 m\u1eb7t tr\u00ean PC v\u1edbi nhi\u1ec1u t\u1ed1i \u01b0u h\u00f3a \u1ea5n t\u01b0\u1ee3ng. Game \u0111\u01b0\u1ee3c b\u1ea3o v\u1ec7 b\u1edfi c\u00f4ng ngh\u1ec7 DENUVO, do [&#8230;]\n","protected":false},"featured_media":123,"comment_status":"open","ping_status":"closed","template":"","meta":[],"product_brand":[],"product_cat":[15,24],"product_tag":[],"class_list":{"0":"post-122","1":"product","2":"type-product","3":"status-publish","4":"has-post-thumbnail","6":"product_cat-uncategorized","7":"product_cat-game-dang-hot","9":"first","10":"instock","11":"shipping-taxable","12":"purchasable","13":"product-type-simple"},"_links":{"self":[{"href":"https:\/\/kuteshop.store\/index.php\/wp-json\/wp\/v2\/product\/122","targetHints":{"allow":["GET"]}}],"collection":[{"href":"https:\/\/kuteshop.store\/index.php\/wp-json\/wp\/v2\/product"}],"about":[{"href":"https:\/\/kuteshop.store\/index.php\/wp-json\/wp\/v2\/types\/product"}],"replies":[{"embeddable":true,"href":"https:\/\/kuteshop.store\/index.php\/wp-json\/wp\/v2\/comments?post=122"}],"wp:featuredmedia":[{"embeddable":true,"href":"https:\/\/kuteshop.store\/index.php\/wp-json\/wp\/v2\/media\/123"}],"wp:attachment":[{"href":"https:\/\/kuteshop.store\/index.php\/wp-json\/wp\/v2\/media?parent=122"}],"wp:term":[{"taxonomy":"product_brand","embeddable":true,"href":"https:\/\/kuteshop.store\/index.php\/wp-json\/wp\/v2\/product_brand?post=122"},{"taxonomy":"product_cat","embeddable":true,"href":"https:\/\/kuteshop.store\/index.php\/wp-json\/wp\/v2\/product_cat?post=122"},{"taxonomy":"product_tag","embeddable":true,"href":"https:\/\/kuteshop.store\/index.php\/wp-json\/wp\/v2\/product_tag?post=122"}],"curies":[{"name":"wp","href":"https:\/\/api.w.org\/{rel}","templated":true}]}}