{"id":118,"date":"2026-03-09T10:51:50","date_gmt":"2026-03-09T10:51:50","guid":{"rendered":"https:\/\/kuteshop.store\/?post_type=product&#038;p=118"},"modified":"2026-03-09T11:13:20","modified_gmt":"2026-03-09T11:13:20","slug":"football-manager-26-dlc-in-game-editor-denuvo-tai-khoan-steam-offline","status":"publish","type":"product","link":"https:\/\/kuteshop.store\/index.php\/product\/football-manager-26-dlc-in-game-editor-denuvo-tai-khoan-steam-offline\/","title":{"rendered":"Football Manager 26 + DLC In-Game Editor DENUVO \u2013 T\u00e0i Kho\u1ea3n Steam Offline"},"content":{"rendered":"<blockquote><p><strong>Football Manager 2026<\/strong> \u0111\u00e1nh d\u1ea5u b\u01b0\u1edbc ti\u1ebfn l\u1ecbch s\u1eed trong series qu\u1ea3n l\u00fd b\u00f3ng \u0111\u00e1 huy\u1ec1n tho\u1ea1i. <strong>Chuy\u1ec3n sang Unity engine<\/strong> l\u1ea7n \u0111\u1ea7u ti\u00ean, FM26 mang \u0111\u1ebfn n\u1ec1n t\u1ea3ng ho\u00e0n to\u00e0n m\u1edbi cho t\u01b0\u01a1ng lai c\u1ee7a Football Manager v\u1edbi c\u00f4ng c\u1ee5 \u0111\u1ed3 h\u1ecda m\u1ea1nh m\u1ebd v\u00e0 giao di\u1ec7n ng\u01b0\u1eddi d\u00f9ng \u0111\u01b0\u1ee3c thi\u1ebft k\u1ebf l\u1ea1i to\u00e0n di\u1ec7n.<\/p><\/blockquote>\n<p><img loading=\"lazy\" decoding=\"async\" class=\"alignnone size-full wp-image-30769 wptangtoc-lazy entered gtloader\" title=\"Football Manager 26 + DLC In-Game Editor DENUVO - T\u00e0i Kho\u1ea3n Steam Offline Football Manager 26 1 KAMIKEY\" src=\"https:\/\/kamikey.com\/wp-content\/uploads\/2025\/10\/Football-Manager-26-1.jpg\" sizes=\"auto, (max-width: 600px) 100vw, 600px\" alt=\"Football Manager 26 1\" width=\"600\" height=\"338\" data-src=\"https:\/\/kamikey.com\/wp-content\/uploads\/2025\/10\/Football-Manager-26-1.jpg\" data-sizes=\"(max-width: 600px) 100vw, 600px\" data-ll-status=\"loaded\" \/><a title=\"B\u00e0i vi\u1ebft \u0111\u01b0\u1ee3c copy t\u1eeb Kamikey.com Ngu\u1ed3n b\u00e0i vi\u1ebft : Mua Game Football Manager 26 - T\u00e0i Kho\u1ea3n Steam Offline\" href=\"https:\/\/kamikey.com\/products\/football-manager-26-offline\/\" target=\"_blank\" rel=\"dofollow noopener\"><img loading=\"lazy\" decoding=\"async\" title=\"Mua Game Football Manager 26 - T\u00e0i Kho\u1ea3n Steam Offline\" src=\"https:\/\/kamikey.com\/wp-content\/uploads\/2024\/10\/px.gif\" alt=\"Mua Game Football Manager 26 - T\u00e0i Kho\u1ea3n Steam Offline\" width=\"1\" height=\"1\" border=\"0\" \/><\/a><\/p>\n<p>Sau khi h\u1ee7y b\u1ecf FM25, \u0111\u1ed9i ng\u0169 ph\u00e1t tri\u1ec3n Sports Interactive \u0111\u00e3 c\u00f3 \u0111\u1ebfn hai n\u0103m \u0111\u1ec3 t\u00e1i t\u1ea1o l\u1ea1i Football Manager t\u1eeb c\u01a1 b\u1ea3n. <strong>Chu k\u1ef3 ph\u00e1t tri\u1ec3n k\u00e9o d\u00e0i n\u00e0y<\/strong> \u0111\u00e3 mang l\u1ea1i phi\u00ean b\u1ea3n gi\u00e0u t\u00ednh n\u0103ng nh\u1ea5t trong nhi\u1ec1u th\u1eadp k\u1ef7, v\u1edbi h\u00e0ng tr\u0103m c\u1ea3i ti\u1ebfn v\u00e0 t\u00ednh n\u0103ng \u0111\u1ed9t ph\u00e1.<\/p>\n<p><img loading=\"lazy\" decoding=\"async\" class=\"alignnone size-full wp-image-30768 wptangtoc-lazy entered gtloader\" title=\"Football Manager 26 + DLC In-Game Editor DENUVO - T\u00e0i Kho\u1ea3n Steam Offline Football Manager 26 5 KAMIKEY\" src=\"https:\/\/kamikey.com\/wp-content\/uploads\/2025\/10\/Football-Manager-26-5.jpg\" sizes=\"auto, (max-width: 600px) 100vw, 600px\" alt=\"Football Manager 26 5\" width=\"600\" height=\"338\" data-src=\"https:\/\/kamikey.com\/wp-content\/uploads\/2025\/10\/Football-Manager-26-5.jpg\" data-sizes=\"(max-width: 600px) 100vw, 600px\" data-ll-status=\"loaded\" \/><\/p>\n<p>Tr\u1ea3i nghi\u1ec7m ng\u00e0y thi \u0111\u1ea5u trong FM26 \u0111\u00e3 \u0111\u01b0\u1ee3c n\u00e2ng t\u1ea7m v\u01b0\u1ee3t b\u1eadc. Nh\u1edd <strong>c\u00f4ng ngh\u1ec7 Unity<\/strong>, ng\u01b0\u1eddi ch\u01a1i s\u1ebd th\u1ea5y chuy\u1ec3n \u0111\u1ed9ng c\u1ea7u th\u1ee7 m\u01b0\u1ee3t m\u00e0 v\u00e0 ch\u00e2n th\u1ef1c h\u01a1n bao gi\u1edd h\u1ebft v\u1edbi h\u00e0ng tr\u0103m ho\u1ea1t \u1ea3nh volumetric m\u1edbi \u0111\u01b0\u1ee3c ghi h\u00ecnh b\u1edfi Hawk-Eye Innovations t\u1eeb c\u00e1c tr\u1eadn \u0111\u1ea5u th\u1ef1c t\u1ebf. C\u00e1c pha r\u00ea b\u00f3ng, chuy\u1ec1n b\u00f3ng v\u00e0 s\u00fat b\u00f3ng \u0111\u1ec1u \u0111\u01b0\u1ee3c t\u00e1i hi\u1ec7n v\u1edbi \u0111\u1ed9 ch\u00e2n th\u1ef1c ch\u01b0a t\u1eebng c\u00f3.<\/p>\n<p><strong>Gi\u1ea5y ph\u00e9p Premier League ch\u00ednh th\u1ee9c<\/strong> xu\u1ea5t hi\u1ec7n l\u1ea7n \u0111\u1ea7u ti\u00ean trong FM26. Ng\u01b0\u1eddi ch\u01a1i s\u1ebd \u0111\u01b0\u1ee3c tr\u1ea3i nghi\u1ec7m \u0111\u1ea7y \u0111\u1ee7 logo c\u00e2u l\u1ea1c b\u1ed9, \u00e1o \u0111\u1ea5u ch\u00ednh th\u1ee9c, \u1ea3nh c\u1ea7u th\u1ee7 th\u1eadt v\u00e0 c\u1ea3 tr\u00ecnh chi\u1ebfu phong c\u00e1ch truy\u1ec1n h\u00ecnh nh\u01b0 \u1edf gi\u1ea3i \u0111\u1ea5u h\u00e0ng \u0111\u1ea7u n\u01b0\u1edbc Anh.<\/p>\n<p><img loading=\"lazy\" decoding=\"async\" class=\"alignnone size-full wp-image-30767 wptangtoc-lazy entered gtloader\" title=\"Football Manager 26 + DLC In-Game Editor DENUVO - T\u00e0i Kho\u1ea3n Steam Offline Football Manager 26 4 KAMIKEY\" src=\"https:\/\/kamikey.com\/wp-content\/uploads\/2025\/10\/Football-Manager-26-4.jpg\" sizes=\"auto, (max-width: 600px) 100vw, 600px\" alt=\"Football Manager 26 4\" width=\"600\" height=\"338\" data-src=\"https:\/\/kamikey.com\/wp-content\/uploads\/2025\/10\/Football-Manager-26-4.jpg\" data-sizes=\"(max-width: 600px) 100vw, 600px\" data-ll-status=\"loaded\" \/><\/p>\n<p>Chi\u1ebfn thu\u1eadt trong FM26 c\u00f3 s\u1ef1 thay \u0111\u1ed5i c\u00e1ch m\u1ea1ng v\u1edbi h\u1ec7 th\u1ed1ng <strong>\u0111\u1ed9i h\u00ecnh k\u00e9p<\/strong> \u2013 m\u1ed9t cho t\u1ea5n c\u00f4ng v\u00e0 m\u1ed9t cho ph\u00f2ng ng\u1ef1. \u0110\u1ed9i h\u00ecnh khi c\u00f3 b\u00f3ng (In Possession Formation) quy\u1ebft \u0111\u1ecbnh c\u00e1ch \u0111\u1ed9i h\u00ecnh t\u1ea5n c\u00f4ng v\u00e0 s\u00e1ng t\u1ea1o, trong khi \u0111\u1ed9i h\u00ecnh khi m\u1ea5t b\u00f3ng (Out of Possession Formation) th\u1ec3 hi\u1ec7n c\u00e1ch ph\u00f2ng ng\u1ef1. Chuy\u1ec3n \u0111\u1ed5i gi\u1eefa hai \u0111\u1ed9i h\u00ecnh di\u1ec5n ra t\u1ef1 nhi\u00ean d\u1ef1a tr\u00ean quy\u1ec1n s\u1edf h\u1eefu b\u00f3ng.<\/p>\n<p><img loading=\"lazy\" decoding=\"async\" class=\"alignnone size-full wp-image-30766 wptangtoc-lazy entered gtloader\" title=\"Football Manager 26 + DLC In-Game Editor DENUVO - T\u00e0i Kho\u1ea3n Steam Offline Football Manager 26 3 KAMIKEY\" src=\"https:\/\/kamikey.com\/wp-content\/uploads\/2025\/10\/Football-Manager-26-3.jpg\" sizes=\"auto, (max-width: 600px) 100vw, 600px\" alt=\"Football Manager 26 3\" width=\"600\" height=\"338\" data-src=\"https:\/\/kamikey.com\/wp-content\/uploads\/2025\/10\/Football-Manager-26-3.jpg\" data-sizes=\"(max-width: 600px) 100vw, 600px\" data-ll-status=\"loaded\" \/><\/p>\n<p><strong>Bookmarks t\u00f9y ch\u1ec9nh<\/strong> cho ph\u00e9p t\u1ea1o li\u00ean k\u1ebft nhanh \u0111\u1ebfn c\u00e1c khu v\u1ef1c c\u1ee5 th\u1ec3 trong v\u0169 tr\u1ee5 game c\u1ee7a b\u1ea1n. B\u1ea1n c\u00f3 th\u1ec3 ch\u1ecdn t\u1eeb 24 t\u00f9y ch\u1ecdn bookmark \u0111\u1ec3 c\u00e1 nh\u00e2n h\u00f3a th\u1ebf gi\u1edbi qu\u1ea3n l\u00fd theo \u01b0u ti\u00ean c\u1ee7a m\u00ecnh \u2013 d\u00f9 l\u00e0 ph\u00e1t tri\u1ec3n wonderkids, \u0111\u1ed5i m\u1edbi chi\u1ebfn thu\u1eadt hay th\u1ed1ng tr\u1ecb th\u1ecb tr\u01b0\u1eddng chuy\u1ec3n nh\u01b0\u1ee3ng.<\/p>\n<p>FM26 h\u1ed7 tr\u1ee3 <strong>t\u00ednh n\u0103ng save game t\u01b0\u01a1ng th\u00edch<\/strong> v\u1edbi FM23 v\u00e0 FM24 tr\u00ean t\u1ea5t c\u1ea3 c\u00e1c n\u1ec1n t\u1ea3ng. C\u00f4ng ngh\u1ec7 chuy\u1ec3n \u0111\u1ed5i save game cho ph\u00e9p ti\u1ebfp t\u1ee5c h\u00e0nh tr\u00ecnh t\u1eeb phi\u00ean b\u1ea3n c\u0169 v\u00e0 kh\u00e1m ph\u00e1 c\u00e1c t\u00ednh n\u0103ng m\u1edbi. FM26 Mobile c\u0169ng l\u1ea7n \u0111\u1ea7u ti\u00ean c\u00f3 t\u00ednh n\u0103ng n\u00e0y (ch\u1ec9 v\u1edbi FM24 Mobile).<\/p>\n<p><img class=\"alignnone size-full wp-image-30765 wptangtoc-lazy\" title=\"Football Manager 26 + DLC In-Game Editor DENUVO - T\u00e0i Kho\u1ea3n Steam Offline Football Manager 26 2 KAMIKEY\" alt=\"Football Manager 26 2\" width=\"600\" height=\"338\" data-src=\"https:\/\/kamikey.com\/wp-content\/uploads\/2025\/10\/Football-Manager-26-2.jpg\" data-sizes=\"(max-width: 600px) 100vw, 600px\" \/><\/p>\n<p>Football Manager 2026 ra m\u1eaft ch\u00ednh th\u1ee9c v\u00e0o <strong>4 th\u00e1ng 11 n\u0103m 2025<\/strong> tr\u00ean PC\/Mac (Steam, Epic Games, Microsoft Store), PlayStation 5, Xbox v\u00e0 Xbox Game Pass. Phi\u00ean b\u1ea3n Touch cho Nintendo Switch ra m\u1eaft v\u00e0o 4 th\u00e1ng 12. FM26 Mobile \u0111\u1ed9c quy\u1ec1n tr\u00ean Netflix cho iOS v\u00e0 Android.<\/p>\n<h3><span id=\"tai-sao-nen-chon-tai-khoan-steam-offline-tai-kamikey\">T\u1ea1i sao n\u00ean ch\u1ecdn t\u00e0i kho\u1ea3n Steam Offline t\u1ea1i KAMIKEY?<\/span><\/h3>\n<p>Football Manager 2026 l\u00e0 t\u1ef1a game b\u1ea3n quy\u1ec1n \u0111\u01b0\u1ee3c b\u1ea3o v\u1ec7 b\u1edfi <strong>Denuvo Anti-Tamper<\/strong> \u2013 h\u1ec7 th\u1ed1ng b\u1ea3o v\u1ec7 kh\u00f3 crack nh\u1ea5t hi\u1ec7n nay. \u0110i\u1ec1u n\u00e0y c\u00f3 ngh\u0129a game s\u1ebd r\u1ea5t l\u00e2u m\u1edbi c\u00f3 crack, th\u1eadm ch\u00ed c\u00f3 th\u1ec3 kh\u00f4ng bao gi\u1edd c\u00f3 phi\u00ean b\u1ea3n crack \u0111\u1ec3 t\u1ea3i. Ch\u00ednh v\u00ec v\u1eady, s\u1eed d\u1ee5ng t\u00e0i kho\u1ea3n Steam Offline s\u1ebd gi\u00fap b\u1ea1n ch\u01a1i ngay tr\u00f2 ch\u01a1i n\u00e0y m\u00e0 kh\u00f4ng c\u1ea7n ph\u1ea3i ch\u1edd \u0111\u1ee3i v\u00f4 th\u1eddi h\u1ea1n.<\/p>\n<ul>\n<li><strong>Gi\u00e1 r\u1ebb h\u01a1n 90%<\/strong> so v\u1edbi gi\u00e1 g\u1ed1c tr\u00ean Steam \u2013 Ti\u1ebft ki\u1ec7m h\u00e0ng tri\u1ec7u \u0111\u1ed3ng cho m\u1ed7i t\u1ef1a game AAA<\/li>\n<li><strong>Tr\u1ea3i nghi\u1ec7m b\u1ea3n quy\u1ec1n \u0111\u00edch th\u1ef1c<\/strong> \u2013 \u0110\u1ea7y \u0111\u1ee7 t\u00ednh n\u0103ng, update v\u00e0 DLC nh\u01b0 t\u00e0i kho\u1ea3n Steam th\u00f4ng th\u01b0\u1eddng<\/li>\n<li><strong>An to\u00e0n tuy\u1ec7t \u0111\u1ed1i<\/strong> \u2013 T\u00e0i kho\u1ea3n Steam ch\u00ednh h\u00e3ng, kh\u00f4ng c\u1ea7n c\u00e0i th\u00eam b\u1ea5t k\u1ef3 ph\u1ea7n m\u1ec1m n\u00e0o<\/li>\n<li><strong>\u0110\u01a1n gi\u1ea3n v\u00e0 ti\u1ec7n l\u1ee3i<\/strong> \u2013 Ch\u1ec9 c\u1ea7n \u0111\u0103ng nh\u1eadp v\u00e0 ch\u01a1i, gi\u1ed1ng nh\u01b0 t\u00e0i kho\u1ea3n Steam c\u1ee7a ch\u00ednh b\u1ea1n<\/li>\n<li><strong>Ch\u01a1i ngay l\u1eadp t\u1ee9c<\/strong> \u2013 Kh\u00f4ng c\u1ea7n ch\u1edd crack, kh\u00f4ng lo virus hay malware t\u1eeb file crack l\u1eadu<\/li>\n<li><strong>Ph\u00f9 h\u1ee3p v\u1edbi game c\u00f3 Denuvo<\/strong> \u2013 Gi\u1ea3i ph\u00e1p t\u1ed1i \u01b0u khi game \u0111\u01b0\u1ee3c b\u1ea3o v\u1ec7 b\u1edfi Denuvo nh\u01b0 FM26<\/li>\n<li>V\u1edbi t\u00e0i kho\u1ea3n Steam Offline Football Manager 2026, game th\u1ee7 Vi\u1ec7t c\u00f3 th\u1ec3 tr\u1ea3i nghi\u1ec7m t\u1ef1a game qu\u1ea3n l\u00fd b\u00f3ng \u0111\u00e1 \u0111\u1ec9nh cao n\u00e0y v\u1edbi <strong>m\u1ee9c gi\u00e1 d\u1ec5 ti\u1ebfp c\u1eadn<\/strong> nh\u1ea5t<\/li>\n<\/ul>\n<h3><span id=\"huong-dan-mua-tai-khoan-steam-offline-tai-kamikey\">H\u01b0\u1edbng d\u1eabn mua t\u00e0i kho\u1ea3n Steam Offline t\u1ea1i KAMIKEY<\/span><\/h3>\n<ol>\n<li><strong>B\u01b0\u1edbc 1:<\/strong> Nh\u1ea5n n\u00fat \u201cMua ngay\u201d tr\u00ean trang s\u1ea3n ph\u1ea9m Football Manager 2026<\/li>\n<li><strong>B\u01b0\u1edbc 2:<\/strong> \u0110i\u1ec1n \u0111\u1ea7y \u0111\u1ee7 th\u00f4ng tin li\u00ean h\u1ec7 c\u1ee7a b\u1ea1n<\/li>\n<li><strong>B\u01b0\u1edbc 3:<\/strong> Ch\u1ecdn ph\u01b0\u01a1ng th\u1ee9c thanh to\u00e1n ph\u00f9 h\u1ee3p v\u00e0 ho\u00e0n t\u1ea5t \u0111\u1eb7t h\u00e0ng<\/li>\n<li><strong>B\u01b0\u1edbc 4:<\/strong> Nh\u1eadn t\u00e0i kho\u1ea3n Steam (t\u00ean \u0111\u0103ng nh\u1eadp v\u00e0 m\u1eadt kh\u1ea9u) k\u00e8m h\u01b0\u1edbng d\u1eabn chi ti\u1ebft qua email<\/li>\n<li><strong>B\u01b0\u1edbc 5:<\/strong> \u0110\u0103ng nh\u1eadp v\u00e0o Steam, t\u1ea3i game v\u1ec1 v\u00e0 b\u1eaft \u0111\u1ea7u ch\u01a1i ngay<\/li>\n<\/ol>\n<h3><span id=\"cam-ket-tu-kamikey\">Cam k\u1ebft t\u1eeb KAMIKEY<\/span><\/h3>\n<ul>\n<li><strong>100% t\u00e0i kho\u1ea3n Steam ch\u00ednh h\u00e3ng<\/strong> (h\u1ed7 tr\u1ee3 \u0111\u0103ng nh\u1eadp nhanh ch\u00f3ng)<\/li>\n<li><strong>Kh\u00f4ng c\u1ea7n c\u00e0i \u0111\u1eb7t th\u00eam<\/strong> b\u1ea5t k\u1ef3 ph\u1ea7n m\u1ec1m, crack hay tool n\u00e0o \u2013 Tuy\u1ec7t \u0111\u1ed1i an to\u00e0n<\/li>\n<li><strong>S\u1eed d\u1ee5ng nh\u01b0 t\u00e0i kho\u1ea3n Steam c\u00e1 nh\u00e2n<\/strong> \u2013 \u0110\u1ea7y \u0111\u1ee7 quy\u1ec1n truy c\u1eadp v\u00e0 t\u00ednh n\u0103ng<\/li>\n<li><strong>B\u1ea3o m\u1eadt cao<\/strong> \u2013 Th\u00f4ng tin t\u00e0i kho\u1ea3n \u0111\u01b0\u1ee3c m\u00e3 h\u00f3a v\u00e0 b\u1ea3o v\u1ec7 nghi\u00eam ng\u1eb7t<\/li>\n<li><strong>H\u1ed7 tr\u1ee3 24\/7<\/strong> \u2013 \u0110\u1ed9i ng\u0169 t\u01b0 v\u1ea5n nhi\u1ec7t t\u00ecnh, gi\u1ea3i \u0111\u00e1p m\u1ecdi th\u1eafc m\u1eafc<\/li>\n<li><strong>Ho\u00e0n ti\u1ec1n 100%<\/strong> n\u1ebfu t\u00e0i kho\u1ea3n c\u00f3 v\u1ea5n \u0111\u1ec1 k\u1ef9 thu\u1eadt do l\u1ed7i t\u1eeb shop<\/li>\n<\/ul>\n<p>KAMIKEY t\u1ef1 h\u00e0o l\u00e0 <strong>shop game b\u1ea3n quy\u1ec1n uy t\u00edn h\u00e0ng \u0111\u1ea7u<\/strong> t\u1ea1i Vi\u1ec7t Nam, mang \u0111\u1ebfn ph\u01b0\u01a1ng th\u1ee9c ch\u01a1i game b\u1ea3n quy\u1ec1n an to\u00e0n v\u00e0 ti\u1ebft ki\u1ec7m nh\u1ea5t cho c\u1ed9ng \u0111\u1ed3ng game th\u1ee7. H\u00e3y tr\u1ea3i nghi\u1ec7m Football Manager 2026 ngay h\u00f4m nay v\u1edbi t\u00e0i kho\u1ea3n Steam Offline t\u1eeb KAMIKEY!<\/p>\n<div class=\"devvn_readmore_flatsome devvn_readmore_flatsome_more\"><a title=\"Xem th\u00eam\">Xem th\u00eam<\/a><\/div>\n<div class=\"devvn_readmore_flatsome devvn_readmore_flatsome_less\"><\/div>\n","protected":false},"excerpt":{"rendered":"<p>Football Manager 2026 \u0111\u00e1nh d\u1ea5u b\u01b0\u1edbc ti\u1ebfn l\u1ecbch s\u1eed trong series qu\u1ea3n l\u00fd b\u00f3ng \u0111\u00e1 huy\u1ec1n tho\u1ea1i. Chuy\u1ec3n sang Unity engine l\u1ea7n \u0111\u1ea7u ti\u00ean, FM26 mang \u0111\u1ebfn n\u1ec1n t\u1ea3ng ho\u00e0n to\u00e0n m\u1edbi cho t\u01b0\u01a1ng lai c\u1ee7a Football Manager v\u1edbi c\u00f4ng c\u1ee5 \u0111\u1ed3 h\u1ecda m\u1ea1nh m\u1ebd v\u00e0 giao di\u1ec7n ng\u01b0\u1eddi d\u00f9ng \u0111\u01b0\u1ee3c thi\u1ebft k\u1ebf l\u1ea1i to\u00e0n [&#8230;]\n","protected":false},"featured_media":119,"comment_status":"open","ping_status":"closed","template":"","meta":[],"product_brand":[],"product_cat":[15,24],"product_tag":[],"class_list":{"0":"post-118","1":"product","2":"type-product","3":"status-publish","4":"has-post-thumbnail","6":"product_cat-uncategorized","7":"product_cat-game-dang-hot","9":"first","10":"instock","11":"shipping-taxable","12":"purchasable","13":"product-type-simple"},"_links":{"self":[{"href":"https:\/\/kuteshop.store\/index.php\/wp-json\/wp\/v2\/product\/118","targetHints":{"allow":["GET"]}}],"collection":[{"href":"https:\/\/kuteshop.store\/index.php\/wp-json\/wp\/v2\/product"}],"about":[{"href":"https:\/\/kuteshop.store\/index.php\/wp-json\/wp\/v2\/types\/product"}],"replies":[{"embeddable":true,"href":"https:\/\/kuteshop.store\/index.php\/wp-json\/wp\/v2\/comments?post=118"}],"wp:featuredmedia":[{"embeddable":true,"href":"https:\/\/kuteshop.store\/index.php\/wp-json\/wp\/v2\/media\/119"}],"wp:attachment":[{"href":"https:\/\/kuteshop.store\/index.php\/wp-json\/wp\/v2\/media?parent=118"}],"wp:term":[{"taxonomy":"product_brand","embeddable":true,"href":"https:\/\/kuteshop.store\/index.php\/wp-json\/wp\/v2\/product_brand?post=118"},{"taxonomy":"product_cat","embeddable":true,"href":"https:\/\/kuteshop.store\/index.php\/wp-json\/wp\/v2\/product_cat?post=118"},{"taxonomy":"product_tag","embeddable":true,"href":"https:\/\/kuteshop.store\/index.php\/wp-json\/wp\/v2\/product_tag?post=118"}],"curies":[{"name":"wp","href":"https:\/\/api.w.org\/{rel}","templated":true}]}}