{"id":114,"date":"2026-03-09T10:50:11","date_gmt":"2026-03-09T10:50:11","guid":{"rendered":"https:\/\/kuteshop.store\/?post_type=product&#038;p=114"},"modified":"2026-03-09T11:12:52","modified_gmt":"2026-03-09T11:12:52","slug":"wwe-2k26-wwe-2k25-denuvo-tai-khoan-steam-offline","status":"publish","type":"product","link":"https:\/\/kuteshop.store\/index.php\/product\/wwe-2k26-wwe-2k25-denuvo-tai-khoan-steam-offline\/","title":{"rendered":"WWE 2K26 + WWE 2K25 DENUVO \u2013 T\u00e0i Kho\u1ea3n Steam Offline"},"content":{"rendered":"<blockquote><p>The Show Never Stops! Ch\u00e0o m\u1eebng s\u1ef1 tr\u1edf l\u1ea1i c\u1ee7a th\u01b0\u01a1ng hi\u1ec7u game th\u1ec3 thao \u0111\u00ecnh \u0111\u00e1m nh\u1ea5t h\u00e0nh tinh trong<strong> WWE 2K26<\/strong>. Ph\u00e1t tri\u1ec3n b\u1edfi Visual Concepts v\u00e0 ph\u00e1t h\u00e0nh b\u1edfi 2K Games, <strong>WWE 2K26<\/strong> h\u1ee9a h\u1eb9n mang \u0111\u1ebfn tr\u1ea3i nghi\u1ec7m wrestling \u0111\u1ec9nh cao v\u00e0 ch\u00e2n th\u1ef1c ch\u01b0a t\u1eebng c\u00f3. H\u00e3y s\u1eb5n s\u00e0ng th\u1ed1ng tr\u1ecb v\u00f5 \u0111\u00e0i v\u1edbi nh\u1eefng si\u00eau sao huy\u1ec1n tho\u1ea1i t\u1eeb k\u1ef7 nguy\u00ean Attitude v\u00e0 c\u00e1c v\u00f5 s\u0129 \u0111\u01b0\u01a1ng \u0111\u1ea1i m\u1ea1nh m\u1ebd nh\u1ea5t, t\u1ea5t c\u1ea3 \u0111\u1ec1u \u0111\u01b0\u1ee3c t\u00e1i hi\u1ec7n s\u1eafc n\u00e9t v\u00e0 s\u1ed1ng \u0111\u1ed9ng trong t\u1eebng chuy\u1ec3n \u0111\u1ed9ng.<\/p><\/blockquote>\n<p><img loading=\"lazy\" decoding=\"async\" class=\"alignnone size-full wp-image-48342 wptangtoc-lazy entered gtloader\" title=\"WWE 2K26 + WWE 2K25 DENUVO - T\u00e0i Kho\u1ea3n Steam Offline WWE 2K26 1 KAMIKEY\" src=\"https:\/\/kamikey.com\/wp-content\/uploads\/2026\/03\/WWE-2K26-1.jpg\" sizes=\"auto, (max-width: 1920px) 100vw, 1920px\" alt=\"WWE 2K26 1\" width=\"1920\" height=\"1080\" data-src=\"https:\/\/kamikey.com\/wp-content\/uploads\/2026\/03\/WWE-2K26-1.jpg\" data-sizes=\"(max-width: 1920px) 100vw, 1920px\" data-ll-status=\"loaded\" \/><a title=\"B\u00e0i vi\u1ebft \u0111\u01b0\u1ee3c copy t\u1eeb Kamikey.com Ngu\u1ed3n b\u00e0i vi\u1ebft : WWE 2K26 + WWE 2K25 DENUVO - T\u00e0i Kho\u1ea3n Steam Offline\" href=\"https:\/\/kamikey.com\/products\/wwe-2k26-offline\/\" target=\"_blank\" rel=\"dofollow noopener\"><img loading=\"lazy\" decoding=\"async\" title=\"WWE 2K26 + WWE 2K25 DENUVO - T\u00e0i Kho\u1ea3n Steam Offline\" src=\"https:\/\/kamikey.com\/wp-content\/uploads\/2024\/10\/px.gif\" alt=\"WWE 2K26 + WWE 2K25 DENUVO - T\u00e0i Kho\u1ea3n Steam Offline\" width=\"1\" height=\"1\" border=\"0\" \/><\/a><\/p>\n<p>S\u1edf h\u1eefu danh s\u00e1ch v\u00f5 s\u0129 \u0111\u1ed3 s\u1ed9 nh\u1ea5t trong l\u1ecbch s\u1eed franchise, <strong>WWE 2K26<\/strong> quy t\u1ee5 h\u01a1n 400 si\u00eau sao WWE v\u00e0 nh\u1eefng huy\u1ec1n tho\u1ea1i b\u1ea5t di\u1ec7t. T\u1eeb nh\u1eefng bi\u1ec3u t\u01b0\u1ee3ng nh\u01b0 <strong>The Rock<\/strong>, <strong>Triple H<\/strong>, <strong>John Cena<\/strong> cho \u0111\u1ebfn c\u00e1c si\u00eau sao hi\u1ec7n \u0111\u1ea1i nh\u01b0 <strong>Rhea Ripley<\/strong>, v\u00e0 c\u1ea3 nh\u1eefng c\u00e1i t\u00ean \u0111\u01b0\u1ee3c ng\u01b0\u1eddi h\u00e2m m\u1ed9 y\u00eau m\u1ebfn nh\u01b0 <strong>Rey F\u00e9nix<\/strong>, Rusev, hay Blake Monroe. M\u1ed7i tr\u1eadn \u0111\u1ea5u s\u1ebd l\u00e0 m\u1ed9t cu\u1ed9c \u0111\u1ee5ng \u0111\u1ed9 ho\u00e0nh tr\u00e1ng, th\u1ecfa m\u00e3n m\u1ecdi \u0111am m\u00ea wrestling c\u1ee7a b\u1ea1n.<\/p>\n<p><img loading=\"lazy\" decoding=\"async\" class=\"alignnone size-full wp-image-48341 wptangtoc-lazy entered gtloader\" title=\"WWE 2K26 + WWE 2K25 DENUVO - T\u00e0i Kho\u1ea3n Steam Offline WWE 2K26 8 KAMIKEY\" src=\"https:\/\/kamikey.com\/wp-content\/uploads\/2026\/03\/WWE-2K26-8.jpg\" sizes=\"auto, (max-width: 1920px) 100vw, 1920px\" alt=\"WWE 2K26 8\" width=\"1920\" height=\"1080\" data-src=\"https:\/\/kamikey.com\/wp-content\/uploads\/2026\/03\/WWE-2K26-8.jpg\" data-sizes=\"(max-width: 1920px) 100vw, 1920px\" data-ll-status=\"loaded\" \/><\/p>\n<p>Vi\u1ebft l\u1ea1i l\u1ecbch s\u1eed wrestling trong ch\u1ebf \u0111\u1ed9 <strong>2K Showcase<\/strong> \u0111\u1ea7y k\u1ecbch t\u00ednh, t\u00e1i hi\u1ec7n nh\u1eefng m\u00e0n \u0111\u1ed1i \u0111\u1ea7u l\u1ecbch s\u1eed c\u1ee7a CM Punk. Kh\u00e1m ph\u00e1 m\u1ed9t v\u0169 tr\u1ee5 song song n\u01a1i \u201cTi\u1ebfng n\u00f3i c\u1ee7a nh\u1eefng ng\u01b0\u1eddi th\u1ea5p b\u00e9\u201d kh\u00f4ng bao gi\u1edd r\u1eddi kh\u1ecfi WWE, v\u00e0 tr\u1ea3i nghi\u1ec7m qu\u00e1 tr\u00ecnh th\u0103ng ti\u1ebfn, n\u1ed5i lo\u1ea1n r\u1ed3i tr\u1edf l\u1ea1i c\u1ee7a Punk trong m\u1ed9t c\u00e2u chuy\u1ec7n Showcase mang \u0111\u1eadm d\u1ea5u \u1ea5n c\u00e1 nh\u00e2n nh\u1ea5t t\u1eeb tr\u01b0\u1edbc \u0111\u1ebfn nay.<\/p>\n<p><img loading=\"lazy\" decoding=\"async\" class=\"alignnone size-full wp-image-48340 wptangtoc-lazy entered gtloader\" title=\"WWE 2K26 + WWE 2K25 DENUVO - T\u00e0i Kho\u1ea3n Steam Offline WWE 2K26 7 KAMIKEY\" src=\"https:\/\/kamikey.com\/wp-content\/uploads\/2026\/03\/WWE-2K26-7.jpg\" sizes=\"auto, (max-width: 1920px) 100vw, 1920px\" alt=\"WWE 2K26 7\" width=\"1920\" height=\"1080\" data-src=\"https:\/\/kamikey.com\/wp-content\/uploads\/2026\/03\/WWE-2K26-7.jpg\" data-sizes=\"(max-width: 1920px) 100vw, 1920px\" data-ll-status=\"loaded\" \/><\/p>\n<p>Mang s\u1ef1 h\u1ed7n lo\u1ea1n \u0111\u1ebfn m\u1ecdi g\u00f3c c\u1ea1nh c\u1ee7a v\u00f5 \u0111\u00e0i v\u1edbi nh\u1eefng <strong>lo\u1ea1i h\u00ecnh tr\u1eadn \u0111\u1ea5u m\u1edbi<\/strong>, bao g\u1ed3m <strong>I Quit<\/strong>, <strong>Inferno<\/strong> v\u00e0 <strong>Dumpster<\/strong>. \u0110\u01b0a cu\u1ed9c chi\u1ebfn l\u00ean The Island trong \u0111\u1ea5u tr\u01b0\u1eddng <strong>Scrapyard Brawl m\u1edbi<\/strong>. Tr\u1ea3i nghi\u1ec7m h\u1ec7 th\u1ed1ng ti\u1ebfn tri\u1ec3n \u0111\u01b0\u1ee3c c\u1eadp nh\u1eadt v\u00e0 ki\u1ec3m tra k\u1ef9 n\u0103ng c\u1ee7a b\u1ea1n trong <strong>MyFACTION<\/strong> v\u1edbi t\u00ednh n\u0103ng <strong>Quick Swap<\/strong>, m\u1ed9t ch\u1ebf \u0111\u1ed9 thi \u0111\u1ea5u theo \u0111\u1ed9i v\u1edbi nh\u1ecbp \u0111\u1ed9 nhanh. T\u1eadn h\u01b0\u1edfng nh\u1eefng l\u1ed1i v\u00e0o t\u01b0\u01a1ng t\u00e1c, t\u01b0\u01a1ng t\u00e1c m\u1edbi c\u1ee7a kh\u00e1n gi\u1ea3 v\u00e0 nh\u1eefng b\u00ecnh lu\u1eadn m\u1edbi t\u1eeb <strong>Booker T<\/strong> v\u00e0 <strong>Wade Barrett<\/strong>.<\/p>\n<p><img loading=\"lazy\" decoding=\"async\" class=\"alignnone size-full wp-image-48339 wptangtoc-lazy entered gtloader\" title=\"WWE 2K26 + WWE 2K25 DENUVO - T\u00e0i Kho\u1ea3n Steam Offline WWE 2K26 6 KAMIKEY\" src=\"https:\/\/kamikey.com\/wp-content\/uploads\/2026\/03\/WWE-2K26-6.jpg\" sizes=\"auto, (max-width: 1920px) 100vw, 1920px\" alt=\"WWE 2K26 6\" width=\"1920\" height=\"1080\" data-src=\"https:\/\/kamikey.com\/wp-content\/uploads\/2026\/03\/WWE-2K26-6.jpg\" data-sizes=\"(max-width: 1920px) 100vw, 1920px\" data-ll-status=\"loaded\" \/><\/p>\n<p>Tr\u1edf th\u00e0nh ng\u01b0\u1eddi n\u1eafm quy\u1ec1n \u0111i\u1ec1u h\u00e0nh t\u1ed1i cao v\u1edbi <strong>WWE Draft<\/strong> nay \u0111\u00e3 c\u1eadp b\u1ebfn ch\u1ebf \u0111\u1ed9 sandbox <strong>Universe<\/strong> trong <strong>WWE 2K26<\/strong>. X\u00e2y d\u1ef1ng <strong>WWE Universe<\/strong> c\u1ee7a ri\u00eang b\u1ea1n, n\u01a1i b\u1ea1n ki\u1ec3m so\u00e1t c\u00e1c show h\u00e0ng tu\u1ea7n v\u00e0 PLEs, c\u00e1c cu\u1ed9c \u0111\u1ed1i \u0111\u1ea7u c\u1ee7a si\u00eau sao v\u00e0 k\u1ebft qu\u1ea3. Nh\u1eefng t\u00ednh n\u0103ng m\u1edbi kh\u00e1c bao g\u1ed3m <strong>Universe Creation Wizard<\/strong>, ch\u1ebf \u0111\u1ed9 <strong>Watch Show<\/strong>, nh\u1eefng l\u1ea7n r\u00fat ti\u1ec1n <strong>Money in the Bank<\/strong> \u0111\u01b0\u1ee3c c\u1ea3i thi\u1ec7n v\u00e0 c\u00e1c lo\u1ea1i <strong>Promo<\/strong> b\u1ed5 sung.<\/p>\n<p><img loading=\"lazy\" decoding=\"async\" class=\"alignnone size-full wp-image-48338 wptangtoc-lazy entered gtloader\" title=\"WWE 2K26 + WWE 2K25 DENUVO - T\u00e0i Kho\u1ea3n Steam Offline WWE 2K26 5 KAMIKEY\" src=\"https:\/\/kamikey.com\/wp-content\/uploads\/2026\/03\/WWE-2K26-5.jpg\" sizes=\"auto, (max-width: 1920px) 100vw, 1920px\" alt=\"WWE 2K26 5\" width=\"1920\" height=\"1080\" data-src=\"https:\/\/kamikey.com\/wp-content\/uploads\/2026\/03\/WWE-2K26-5.jpg\" data-sizes=\"(max-width: 1920px) 100vw, 1920px\" data-ll-status=\"loaded\" \/><\/p>\n<p>T\u1ef1 do s\u00e1ng t\u1ea1o v\u1edbi <strong>Community Creations<\/strong> \u0111\u01b0\u1ee3c m\u1edf r\u1ed9ng, cung c\u1ea5p 200 khe l\u01b0u CAS! T\u1eadn d\u1ee5ng s\u1ee9c ch\u1ee9a h\u00ecnh \u1ea3nh l\u1edbn h\u01a1n, c\u00e1c c\u00f4ng c\u1ee5 tinh ch\u1ec9nh khu\u00f4n m\u1eb7t v\u00e0 c\u01a1 th\u1ec3 s\u00e2u h\u01a1n, c\u00f9ng kh\u1ea3 n\u0103ng pha tr\u1ed9n <strong>hai m\u00e0u t\u00f3c<\/strong>. <strong>WWE 2K26<\/strong> cho ph\u00e9p b\u1ea1n t\u1ea1o ra c\u00e1c si\u00eau sao, v\u00f5 \u0111\u00e0i v\u00e0 b\u1ea5t c\u1ee9 th\u1ee9 g\u00ec b\u1ea1n c\u00f3 th\u1ec3 t\u01b0\u1edfng t\u01b0\u1ee3ng v\u1edbi m\u1ee9c \u0111\u1ed9 t\u00f9y bi\u1ebfn ch\u01b0a t\u1eebng th\u1ea5y.<\/p>\n<p><img loading=\"lazy\" decoding=\"async\" class=\"alignnone size-full wp-image-48338 wptangtoc-lazy entered gtloader\" title=\"WWE 2K26 + WWE 2K25 DENUVO - T\u00e0i Kho\u1ea3n Steam Offline WWE 2K26 5 KAMIKEY\" src=\"https:\/\/kamikey.com\/wp-content\/uploads\/2026\/03\/WWE-2K26-5.jpg\" sizes=\"auto, (max-width: 1920px) 100vw, 1920px\" alt=\"WWE 2K26 5\" width=\"1920\" height=\"1080\" data-src=\"https:\/\/kamikey.com\/wp-content\/uploads\/2026\/03\/WWE-2K26-5.jpg\" data-sizes=\"(max-width: 1920px) 100vw, 1920px\" data-ll-status=\"loaded\" \/><\/p>\n<p>\u0110\u1ecbnh ngh\u0129a h\u00e0nh tr\u00ecnh <strong>MySUPERSTAR<\/strong> c\u1ee7a b\u1ea1n qua 2 c\u1ed1t truy\u1ec7n m\u1edbi d\u1ef1a tr\u00ean c\u1ea5p \u0111\u1ed9, n\u01a1i nh\u1eefng l\u1ef1a ch\u1ecdn theo h\u01b0\u1edbng heel ho\u1eb7c babyface s\u1ebd \u1ea3nh h\u01b0\u1edfng s\u00e2u s\u1eafc \u0111\u1ebfn <strong>MyPLAYER<\/strong> c\u1ee7a b\u1ea1n trong c\u00e2u chuy\u1ec7n tr\u1edf l\u1ea1i c\u1ee7a h\u1ecd. Ti\u1ebfp t\u1ee5c tr\u1ea3i nghi\u1ec7m ngay c\u1ea3 khi c\u1ed1t truy\u1ec7n ch\u00ednh k\u1ebft th\u00fac, v\u1edbi nhi\u1ec1u n\u1ed9i dung c\u00f3 th\u1ec3 m\u1edf kh\u00f3a v\u00e0 th\u00e0nh t\u1ef1u \u0111\u1ec3 ki\u1ebfm, t\u0103ng c\u01b0\u1eddng <strong>gi\u00e1 tr\u1ecb ch\u01a1i l\u1ea1i<\/strong>.<\/p>\n<p><img loading=\"lazy\" decoding=\"async\" class=\"alignnone size-full wp-image-48337 wptangtoc-lazy entered gtloader\" title=\"WWE 2K26 + WWE 2K25 DENUVO - T\u00e0i Kho\u1ea3n Steam Offline WWE 2K26 4 KAMIKEY\" src=\"https:\/\/kamikey.com\/wp-content\/uploads\/2026\/03\/WWE-2K26-4.jpg\" sizes=\"auto, (max-width: 1920px) 100vw, 1920px\" alt=\"WWE 2K26 4\" width=\"1920\" height=\"1080\" data-src=\"https:\/\/kamikey.com\/wp-content\/uploads\/2026\/03\/WWE-2K26-4.jpg\" data-sizes=\"(max-width: 1920px) 100vw, 1920px\" data-ll-status=\"loaded\" \/><\/p>\n<p>Kh\u00e1m ph\u00e1 <strong>The Island<\/strong>, th\u1ebf gi\u1edbi theo ch\u1ee7 \u0111\u1ec1 WWE c\u1ee7a 2K, nay c\u00f2n l\u1edbn h\u01a1n v\u00e0 mang t\u00ednh x\u00e3 h\u1ed9i h\u01a1n bao gi\u1edd h\u1ebft. Tham gia m\u1ed9t trong ba phe ph\u00e1i v\u00e0 chi\u1ebfn \u0111\u1ea5u gi\u00e0nh quy\u1ec1n ki\u1ec3m so\u00e1t c\u00f9ng b\u1ea1n b\u00e8 v\u00e0 gia \u0111\u00ecnh trong ph\u1ea7n ch\u01a1i <strong>co-op<\/strong>, v\u1edbi m\u1ed9t h\u1ec7 th\u1ed1ng ti\u1ebfn tri\u1ec3n \u0111\u01b0\u1ee3c l\u00e0m m\u1edbi. Kh\u00e1m ph\u00e1 m\u00f4i tr\u01b0\u1eddng <strong>Scrapyard Brawl<\/strong> m\u1edbi, chinh ph\u1ee5c c\u00e1c <strong>Towers<\/strong> m\u1edbi v\u00e0 duy\u1ec7t qua c\u00e1c c\u1eeda h\u00e0ng v\u00e0 thi\u1ebft b\u1ecb mang th\u01b0\u01a1ng hi\u1ec7u m\u1edbi. \u0110\u1ed3ng th\u1eddi, t\u1eadn h\u01b0\u1edfng tr\u00ecnh t\u1ea1o <strong>MySUPERSTAR<\/strong> \u0111\u01b0\u1ee3c m\u1edf r\u1ed9ng v\u1edbi t\u00ednh n\u0103ng nh\u1eadp b\u1ea3n qu\u00e9t khu\u00f4n m\u1eb7t, c\u00f9ng c\u00e1c nhi\u1ec7m v\u1ee5 \u0111\u01b0\u1ee3c n\u00e2ng c\u1ea5p ho\u00e0n ch\u1ec9nh v\u1edbi c\u00e1c \u0111o\u1ea1n c\u1eaft c\u1ea3nh v\u00e0 m\u00e0n h\u00ecnh h\u1ed9i tho\u1ea1i.<\/p>\n<p><img loading=\"lazy\" decoding=\"async\" class=\"alignnone size-full wp-image-48336 wptangtoc-lazy entered gtloader\" title=\"WWE 2K26 + WWE 2K25 DENUVO - T\u00e0i Kho\u1ea3n Steam Offline WWE 2K26 3 KAMIKEY\" src=\"https:\/\/kamikey.com\/wp-content\/uploads\/2026\/03\/WWE-2K26-3.jpg\" sizes=\"auto, (max-width: 1920px) 100vw, 1920px\" alt=\"WWE 2K26 3\" width=\"1920\" height=\"1080\" data-src=\"https:\/\/kamikey.com\/wp-content\/uploads\/2026\/03\/WWE-2K26-3.jpg\" data-sizes=\"(max-width: 1920px) 100vw, 1920px\" data-ll-status=\"loaded\" \/><\/p>\n<p>N\u00e2ng cao chi\u1ebfn l\u01b0\u1ee3c c\u1ee7a b\u1ea1n trong <strong>WWE 2K26<\/strong> v\u1edbi <strong>MyGM<\/strong>. N\u0103m nay, c\u00e1c tr\u1eadn \u0111\u1ea5u h\u1ed7n h\u1ee3p nam n\u1eef, c\u00e1c tr\u1eadn \u0111\u1ea5u 5, 6 v\u00e0 8 ng\u01b0\u1eddi, c\u00f9ng s\u1ef1 h\u1ed7 tr\u1ee3 cho nhi\u1ec1u lo\u1ea1i h\u00ecnh tr\u1eadn \u0111\u1ea5u h\u01a1n bao gi\u1edd h\u1ebft, s\u1ebd gia t\u0103ng \u0111\u00e1ng k\u1ec3 s\u1ed1 l\u01b0\u1ee3ng c\u00e1c tr\u1eadn \u0111\u1ea5u v\u00e0 k\u1ebft qu\u1ea3 c\u00f3 th\u1ec3 x\u1ea3y ra. Nhi\u1ec1u show di\u1ec5n h\u01a1n m\u1ed7i m\u00f9a s\u1ebd \u0111\u1eb7t ra nh\u1eefng <strong>th\u1eed th\u00e1ch qu\u1ea3n l\u00fd m\u1edbi<\/strong>.<\/p>\n<p><img loading=\"lazy\" decoding=\"async\" class=\"alignnone size-full wp-image-48335 wptangtoc-lazy entered gtloader\" title=\"WWE 2K26 + WWE 2K25 DENUVO - T\u00e0i Kho\u1ea3n Steam Offline WWE 2K26 2 KAMIKEY\" src=\"https:\/\/kamikey.com\/wp-content\/uploads\/2026\/03\/WWE-2K26-2.jpg\" sizes=\"auto, (max-width: 1920px) 100vw, 1920px\" alt=\"WWE 2K26 2\" width=\"1920\" height=\"1080\" data-src=\"https:\/\/kamikey.com\/wp-content\/uploads\/2026\/03\/WWE-2K26-2.jpg\" data-sizes=\"(max-width: 1920px) 100vw, 1920px\" data-ll-status=\"loaded\" \/><\/p>\n<p>Th\u00e0nh l\u1eadp phe ph\u00e1i m\u01a1 \u01b0\u1edbc c\u1ee7a b\u1ea1n v\u00e0 c\u1ea1nh tranh v\u1edbi c\u00e1c si\u00eau sao v\u00e0 huy\u1ec1n tho\u1ea1i trong \u0111\u1ed9i h\u00ecnh h\u1ed7n h\u1ee3p nam n\u1eef m\u1edbi v\u00e0 c\u00e1c tr\u1eadn \u0111\u1ea5u <strong>Quick Swap<\/strong> trong <strong>MyFACTION<\/strong>. Thu th\u1eadp c\u00e1c thi\u1ebft k\u1ebf th\u1ebb m\u1edbi v\u00e0 t\u0103ng c\u01b0\u1eddng hi\u1ec7u su\u1ea5t c\u1ee7a b\u1ea1n v\u1edbi t\u00ednh n\u0103ng <strong>Faction Chemistry<\/strong> m\u1edbi v\u1edbi s\u1ef1 h\u1ed7 tr\u1ee3 t\u1eeb c\u00e1c cu\u1ed9c t\u1ea5n c\u00f4ng b\u1ea5t ng\u1edd.<\/p>\n<p><strong>T\u1ea1i sao n\u00ean ch\u1ecdn T\u00e0i kho\u1ea3n Steam Offline t\u1ea1i KAMIKEY?<\/strong><\/p>\n<ul>\n<li><strong>Ti\u1ebft ki\u1ec7m t\u1ed1i \u0111a:<\/strong> Gi\u00e1 r\u1ebb h\u01a1n t\u1edbi <strong>90%<\/strong> so v\u1edbi mua game g\u1ed1c tr\u00ean Steam Store.<\/li>\n<li><strong>Ch\u01a1i ngay kh\u00f4ng ch\u1edd \u0111\u1ee3i:<\/strong> Gi\u1ea3i ph\u00e1p ho\u00e0n h\u1ea3o cho c\u00e1c game c\u00f3 <strong>Denuvo<\/strong> (r\u1ea5t l\u00e2u ho\u1eb7c kh\u00f4ng bao gi\u1edd c\u00f3 Crack).<\/li>\n<li><strong>An to\u00e0n tuy\u1ec7t \u0111\u1ed1i:<\/strong> T\u00e0i kho\u1ea3n Steam ch\u00ednh ch\u1ee7 (s\u1eb5n game), ch\u1ec9 c\u1ea7n \u0111\u0103ng nh\u1eadp v\u00e0 ch\u01a1i, kh\u00f4ng c\u00e0i ph\u1ea7n m\u1ec1m \u0111\u1ed9c h\u1ea1i.<\/li>\n<li>\u0110\u00e2y l\u00e0 ph\u01b0\u01a1ng th\u1ee9c ch\u01a1i game b\u1ea3n quy\u1ec1n ti\u1ebft ki\u1ec7m v\u00e0 th\u00f4ng minh nh\u1ea5t hi\u1ec7n nay.<\/li>\n<\/ul>\n<p><strong>H\u01b0\u1edbng d\u1eabn mua v\u00e0 s\u1eed d\u1ee5ng:<\/strong><\/p>\n<ul>\n<li>B\u01b0\u1edbc 1: \u0110\u1eb7t h\u00e0ng v\u00e0 thanh to\u00e1n. B\u1ea1n s\u1ebd nh\u1eadn \u0111\u01b0\u1ee3c T\u00e0i kho\u1ea3n (User\/Pass) k\u00e8m h\u01b0\u1edbng d\u1eabn.<\/li>\n<li>B\u01b0\u1edbc 2: \u0110\u0103ng nh\u1eadp v\u00e0o Steam b\u1eb1ng t\u00e0i kho\u1ea3n \u0111\u01b0\u1ee3c c\u1ea5p.<\/li>\n<li>B\u01b0\u1edbc 3: T\u1ea3i game v\u1ec1 m\u00e1y v\u00e0 chuy\u1ec3n sang ch\u1ebf \u0111\u1ed9 Offline Mode \u0111\u1ec3 ch\u01a1i.<\/li>\n<li>Cam k\u1ebft: Kh\u00f4ng \u1ea3nh h\u01b0\u1edfng \u0111\u1ebfn t\u00e0i kho\u1ea3n c\u00e1 nh\u00e2n c\u1ee7a b\u1ea1n, thao t\u00e1c \u0111\u01a1n gi\u1ea3n, d\u1ec5 d\u00e0ng.<\/li>\n<\/ul>\n","protected":false},"excerpt":{"rendered":"<p>The Show Never Stops! Ch\u00e0o m\u1eebng s\u1ef1 tr\u1edf l\u1ea1i c\u1ee7a th\u01b0\u01a1ng hi\u1ec7u game th\u1ec3 thao \u0111\u00ecnh \u0111\u00e1m nh\u1ea5t h\u00e0nh tinh trong WWE 2K26. Ph\u00e1t tri\u1ec3n b\u1edfi Visual Concepts v\u00e0 ph\u00e1t h\u00e0nh b\u1edfi 2K Games, WWE 2K26 h\u1ee9a h\u1eb9n mang \u0111\u1ebfn tr\u1ea3i nghi\u1ec7m wrestling \u0111\u1ec9nh cao v\u00e0 ch\u00e2n th\u1ef1c ch\u01b0a t\u1eebng c\u00f3. H\u00e3y s\u1eb5n s\u00e0ng th\u1ed1ng [&#8230;]\n","protected":false},"featured_media":115,"comment_status":"open","ping_status":"closed","template":"","meta":[],"product_brand":[],"product_cat":[15,24],"product_tag":[],"class_list":{"0":"post-114","1":"product","2":"type-product","3":"status-publish","4":"has-post-thumbnail","6":"product_cat-uncategorized","7":"product_cat-game-dang-hot","9":"first","10":"instock","11":"shipping-taxable","12":"purchasable","13":"product-type-simple"},"_links":{"self":[{"href":"https:\/\/kuteshop.store\/index.php\/wp-json\/wp\/v2\/product\/114","targetHints":{"allow":["GET"]}}],"collection":[{"href":"https:\/\/kuteshop.store\/index.php\/wp-json\/wp\/v2\/product"}],"about":[{"href":"https:\/\/kuteshop.store\/index.php\/wp-json\/wp\/v2\/types\/product"}],"replies":[{"embeddable":true,"href":"https:\/\/kuteshop.store\/index.php\/wp-json\/wp\/v2\/comments?post=114"}],"wp:featuredmedia":[{"embeddable":true,"href":"https:\/\/kuteshop.store\/index.php\/wp-json\/wp\/v2\/media\/115"}],"wp:attachment":[{"href":"https:\/\/kuteshop.store\/index.php\/wp-json\/wp\/v2\/media?parent=114"}],"wp:term":[{"taxonomy":"product_brand","embeddable":true,"href":"https:\/\/kuteshop.store\/index.php\/wp-json\/wp\/v2\/product_brand?post=114"},{"taxonomy":"product_cat","embeddable":true,"href":"https:\/\/kuteshop.store\/index.php\/wp-json\/wp\/v2\/product_cat?post=114"},{"taxonomy":"product_tag","embeddable":true,"href":"https:\/\/kuteshop.store\/index.php\/wp-json\/wp\/v2\/product_tag?post=114"}],"curies":[{"name":"wp","href":"https:\/\/api.w.org\/{rel}","templated":true}]}}