{"id":112,"date":"2026-03-09T10:49:12","date_gmt":"2026-03-09T10:49:12","guid":{"rendered":"https:\/\/kuteshop.store\/?post_type=product&#038;p=112"},"modified":"2026-03-09T11:12:52","modified_gmt":"2026-03-09T11:12:52","slug":"monster-hunter-stories-3-twisted-reflection-denuvo-tai-khoan-steam-offline","status":"publish","type":"product","link":"https:\/\/kuteshop.store\/index.php\/product\/monster-hunter-stories-3-twisted-reflection-denuvo-tai-khoan-steam-offline\/","title":{"rendered":"Monster Hunter Stories 3: Twisted Reflection DENUVO \u2013 T\u00e0i Kho\u1ea3n Steam Offline"},"content":{"rendered":"<blockquote><p>Ch\u00e0o m\u1eebng b\u1ea1n \u0111\u1ebfn v\u1edbi <strong>Monster Hunter Stories 3: Twisted Reflection<\/strong>, bom t\u1ea5n nh\u1eadp vai thu th\u1eadp qu\u00e1i v\u1eadt m\u1edbi nh\u1ea5t t\u1eeb Capcom. Tr\u00f2 ch\u01a1i \u0111\u01b0a b\u1ea1n h\u00f3a th\u00e2n th\u00e0nh ng\u01b0\u1eddi th\u1eeba k\u1ebf v\u01b0\u01a1ng qu\u1ed1c Azuria, m\u1ed9t <strong>Rider<\/strong> ki\u1ec7t xu\u1ea5t v\u1edbi s\u1ee9 m\u1ec7nh ng\u0103n ch\u1eb7n b\u1edd v\u1ef1c chi\u1ebfn tranh. H\u00e3y s\u1eb5n s\u00e0ng \u0111\u1eafm ch\u00ecm trong th\u1ebf gi\u1edbi k\u1ef3 \u1ea3o, n\u01a1i b\u1ea1n s\u1ebd \u1ea5p tr\u1ee9ng, thu\u1ea7n ph\u1ee5c c\u00e1c <strong>Monsties<\/strong> huy\u1ec1n tho\u1ea1i v\u00e0 kh\u00e1m ph\u00e1 b\u00ed \u1ea9n \u0111\u1eb1ng sau hi\u1ec7n t\u01b0\u1ee3ng Crystal Encroachment \u0111ang t\u00e0n ph\u00e1 l\u1ee5c \u0111\u1ecba.<\/p><\/blockquote>\n<p><img loading=\"lazy\" decoding=\"async\" class=\"alignnone size-full wp-image-48570 wptangtoc-lazy entered gtloader\" title=\"Monster Hunter Stories 3: Twisted Reflection DENUVO - T\u00e0i Kho\u1ea3n Steam Offline Monster Hunter Stories 3 Twisted Reflection 1 KAMIKEY\" src=\"https:\/\/kamikey.com\/wp-content\/uploads\/2026\/03\/Monster-Hunter-Stories-3-Twisted-Reflection-1.jpg\" sizes=\"auto, (max-width: 1920px) 100vw, 1920px\" alt=\"Monster Hunter Stories 3 Twisted Reflection 1\" width=\"1920\" height=\"1080\" data-src=\"https:\/\/kamikey.com\/wp-content\/uploads\/2026\/03\/Monster-Hunter-Stories-3-Twisted-Reflection-1.jpg\" data-sizes=\"(max-width: 1920px) 100vw, 1920px\" data-ll-status=\"loaded\" \/><a title=\"B\u00e0i vi\u1ebft \u0111\u01b0\u1ee3c copy t\u1eeb Kamikey.com Ngu\u1ed3n b\u00e0i vi\u1ebft : Monster Hunter Stories 3: Twisted Reflection Steam Offline\" href=\"https:\/\/kamikey.com\/products\/monster-hunter-stories-3-twisted-reflection-offline\/\" target=\"_blank\" rel=\"dofollow noopener\"><img loading=\"lazy\" decoding=\"async\" title=\"Monster Hunter Stories 3: Twisted Reflection Steam Offline\" src=\"https:\/\/kamikey.com\/wp-content\/uploads\/2024\/10\/px.gif\" alt=\"Monster Hunter Stories 3: Twisted Reflection Steam Offline\" width=\"1\" height=\"1\" border=\"0\" \/><\/a><\/p>\n<p>C\u1ed1t truy\u1ec7n game m\u1edf ra v\u00f4 c\u00f9ng k\u1ecbch t\u00ednh khi hai qu\u1ed1c gia Azuria v\u00e0 Vermeil \u0111ang \u0111\u1ee9ng tr\u01b0\u1edbc nguy c\u01a1 di\u1ec7t vong. \u00c1nh s\u00e1ng hy v\u1ecdng l\u00f3e l\u00ean khi qu\u1ea3 tr\u1ee9ng <strong>Skyscale Rathalos<\/strong> \u2013 lo\u00e0i r\u1ed3ng t\u01b0\u1edfng ch\u1eebng \u0111\u00e3 tuy\u1ec7t ch\u1ee7ng \u2013 b\u1ea5t ng\u1edd xu\u1ea5t hi\u1ec7n. Th\u1ebf nh\u01b0ng, \u0111\u1ecbnh m\u1ec7nh tr\u00eau \u0111\u00f9a khi qu\u1ea3 tr\u1ee9ng n\u1edf ra <strong>Twin Rathalos<\/strong> (song long), mang theo \u1ea5n k\u00fd h\u1ee7y di\u1ec7t t\u1eeb cu\u1ed9c n\u1ed9i chi\u1ebfn 200 n\u0103m tr\u01b0\u1edbc. C\u00f9ng v\u1edbi c\u00f4ng ch\u00faa Eleanor, b\u1ea1n ph\u1ea3i d\u1ea5n th\u00e2n v\u00e0o v\u00f9ng \u0111\u1ea5t c\u1ea5m \u0111\u1ec3 gi\u1ea3i m\u00e3 l\u1eddi nguy\u1ec1n v\u00e0 c\u1ee9u l\u1ea5y h\u1ec7 sinh th\u00e1i.<\/p>\n<p><img loading=\"lazy\" decoding=\"async\" class=\"alignnone size-full wp-image-48569 wptangtoc-lazy entered gtloader\" title=\"Monster Hunter Stories 3: Twisted Reflection DENUVO - T\u00e0i Kho\u1ea3n Steam Offline Monster Hunter Stories 3 Twisted Reflection 6 KAMIKEY\" src=\"https:\/\/kamikey.com\/wp-content\/uploads\/2026\/03\/Monster-Hunter-Stories-3-Twisted-Reflection-6.jpg\" sizes=\"auto, (max-width: 1920px) 100vw, 1920px\" alt=\"Monster Hunter Stories 3 Twisted Reflection 6\" width=\"1920\" height=\"1080\" data-src=\"https:\/\/kamikey.com\/wp-content\/uploads\/2026\/03\/Monster-Hunter-Stories-3-Twisted-Reflection-6.jpg\" data-sizes=\"(max-width: 1920px) 100vw, 1920px\" data-ll-status=\"loaded\" \/><\/p>\n<p>\u0110i\u1ec3m s\u00e1ng c\u1ee7a phi\u00ean b\u1ea3n n\u00e0y l\u00e0 c\u01a1 ch\u1ebf <strong>chi\u1ebfn \u0111\u1ea5u theo l\u01b0\u1ee3t<\/strong> \u0111\u01b0\u1ee3c n\u00e2ng c\u1ea5p m\u1ea1nh m\u1ebd k\u1ebft h\u1ee3p c\u00f9ng y\u1ebfu t\u1ed1 chi\u1ebfn thu\u1eadt s\u00e2u s\u1eafc. Ng\u01b0\u1eddi ch\u01a1i c\u00f3 th\u1ec3 t\u1ef1 do c\u01b0\u1ee1i c\u00e1c <strong>qu\u00e1i v\u1eadt \u0111\u1ed3ng h\u00e0nh<\/strong> bay l\u01b0\u1ee3n qua nh\u1eefng ch\u00e2n tr\u1eddi r\u1ed9ng l\u1edbn, l\u1ee3i d\u1ee5ng lu\u1ed3ng gi\u00f3 \u0111\u1ec3 t\u0103ng t\u1ed1c ho\u1eb7c t\u00ecm ki\u1ebfm c\u00e1c hang \u0111\u1ed9ng \u1ea9n. \u0110\u1eb7c bi\u1ec7t, h\u1ec7 th\u1ed1ng <strong>lai t\u1ea1o gen<\/strong> v\u00e0 \u1ea5p tr\u1ee9ng cho ph\u00e9p b\u1ea1n t\u1ea1o ra nh\u1eefng bi\u1ebfn th\u1ec3 Monsties \u0111\u1ed9c nh\u1ea5t v\u00f4 nh\u1ecb, s\u1edf h\u1eefu s\u1ee9c m\u1ea1nh nguy\u00ean t\u1ed1 v\u01b0\u1ee3t tr\u1ed9i \u0111\u1ec3 c\u00e0n qu\u00e9t m\u1ecdi k\u1ebb th\u00f9.<\/p>\n<p><img loading=\"lazy\" decoding=\"async\" class=\"alignnone size-full wp-image-48568 wptangtoc-lazy entered gtloader\" title=\"Monster Hunter Stories 3: Twisted Reflection DENUVO - T\u00e0i Kho\u1ea3n Steam Offline Monster Hunter Stories 3 Twisted Reflection 5 KAMIKEY\" src=\"https:\/\/kamikey.com\/wp-content\/uploads\/2026\/03\/Monster-Hunter-Stories-3-Twisted-Reflection-5.jpg\" sizes=\"auto, (max-width: 1920px) 100vw, 1920px\" alt=\"Monster Hunter Stories 3 Twisted Reflection 5\" width=\"1920\" height=\"1080\" data-src=\"https:\/\/kamikey.com\/wp-content\/uploads\/2026\/03\/Monster-Hunter-Stories-3-Twisted-Reflection-5.jpg\" data-sizes=\"(max-width: 1920px) 100vw, 1920px\" data-ll-status=\"loaded\" \/><\/p>\n<p>\u0110\u01b0\u1ee3c ph\u00e1t tri\u1ec3n tr\u00ean n\u1ec1n t\u1ea3ng \u0111\u1ed3 h\u1ecda t\u1ed1i t\u00e2n, t\u1ef1a game <strong>JRPG<\/strong> n\u00e0y mang \u0111\u1ebfn m\u1ed9t b\u1eefa ti\u1ec7c th\u1ecb gi\u00e1c cho\u00e1ng ng\u1ee3p v\u1edbi nh\u1eefng m\u00f4 h\u00ecnh sinh v\u1eadt chi ti\u1ebft \u0111\u1ebfn t\u1eebng l\u1edbp v\u1ea3y. C\u00f4ng ngh\u1ec7 h\u00ecnh \u1ea3nh hi\u1ec7n \u0111\u1ea1i gi\u00fap c\u00e1c hi\u1ec7u \u1ee9ng k\u1ef9 n\u0103ng <strong>Kinship Skill<\/strong> tung ra v\u00f4 c\u00f9ng ho\u00e0nh tr\u00e1ng v\u00e0 r\u1ef1c r\u1ee1. T\u1eeb nh\u1eefng khu r\u1eebng r\u1eadm r\u1ea1p \u0111\u1ebfn c\u00e1c b\u00ecnh nguy\u00ean pha l\u00ea ma m\u1ecb, m\u1ed7i b\u01b0\u1edbc ch\u00e2n kh\u00e1m ph\u00e1 c\u1ee7a b\u1ea1n \u0111\u1ec1u l\u00e0 m\u1ed9t <strong>tr\u1ea3i nghi\u1ec7m \u0111i\u1ec7n \u1ea3nh<\/strong> \u0111\u00edch th\u1ef1c kh\u00f4ng th\u1ec3 r\u1eddi m\u1eaft.<\/p>\n<p><img loading=\"lazy\" decoding=\"async\" class=\"alignnone size-full wp-image-48567 wptangtoc-lazy entered gtloader\" title=\"Monster Hunter Stories 3: Twisted Reflection DENUVO - T\u00e0i Kho\u1ea3n Steam Offline Monster Hunter Stories 3 Twisted Reflection 4 KAMIKEY\" src=\"https:\/\/kamikey.com\/wp-content\/uploads\/2026\/03\/Monster-Hunter-Stories-3-Twisted-Reflection-4.jpg\" sizes=\"auto, (max-width: 1920px) 100vw, 1920px\" alt=\"Monster Hunter Stories 3 Twisted Reflection 4\" width=\"1920\" height=\"1080\" data-src=\"https:\/\/kamikey.com\/wp-content\/uploads\/2026\/03\/Monster-Hunter-Stories-3-Twisted-Reflection-4.jpg\" data-sizes=\"(max-width: 1920px) 100vw, 1920px\" data-ll-status=\"loaded\" \/><\/p>\n<p>Khi s\u1edf h\u1eefu c\u00e1c phi\u00ean b\u1ea3n cao c\u1ea5p (Deluxe \/ Premium Deluxe) ho\u1eb7c \u0111\u1eb7t tr\u01b0\u1edbc, b\u1ea1n s\u1ebd nh\u1eadn \u0111\u01b0\u1ee3c h\u00e0ng lo\u1ea1t <strong>n\u1ed9i dung m\u1edf r\u1ed9ng<\/strong> c\u1ef1c k\u1ef3 gi\u00e1 tr\u1ecb \u0111\u1ec3 n\u00e2ng t\u1ea7m tr\u1ea3i nghi\u1ec7m, bao g\u1ed3m:<\/p>\n<ul>\n<li><strong>Pre-order Bonus:<\/strong> Trang ph\u1ee5c Layered Armor \u201cSkyscale Queen\u201d tuy\u1ec7t \u0111\u1eb9p d\u00e0nh ri\u00eang cho c\u00f4ng ch\u00faa Eleanor.<\/li>\n<li><strong>Deluxe Kit:<\/strong> G\u00f3i trang ph\u1ee5c \u0111\u1eb7c bi\u1ec7t cho to\u00e0n b\u1ed9 \u0111\u1ed9i h\u00ecnh (Gaul, Kora, Ogden, Thea), c\u00e1c ki\u1ec3u t\u00f3c qu\u00e1i v\u1eadt \u0111\u1ed9c \u0111\u00e1o v\u00e0 set \u0111\u1ed3 qu\u00fd t\u1ed9c cho ch\u00fa m\u00e8o Palico Rudy.<\/li>\n<li><strong>C\u1ed1t truy\u1ec7n ph\u1ee5 (DLC):<\/strong> M\u1edf kh\u00f3a \u201cAdditional Side Story: Rudy\u201d mang \u0111\u1ebfn nh\u1eefng chu\u1ed7i nhi\u1ec7m v\u1ee5 h\u1ea5p d\u1eabn v\u00e0 ph\u1ea7n th\u01b0\u1edfng \u0111\u1ed9c quy\u1ec1n.<\/li>\n<li><strong>Premium DLC Pack:<\/strong> B\u1ed5 sung h\u00e0ng ch\u1ee5c Layered Armor phong c\u00e1ch l\u1ec5 h\u1ed9i, ki\u1ec3u t\u00f3c \u0111\u1ed9c l\u1ea1 (Malzeno Bob, Hellfire Tail) v\u00e0 gi\u00e1p x\u1ecbn cho Rudy.<\/li>\n<\/ul>\n<p><strong>T\u1ea1i sao n\u00ean ch\u1ecdn T\u00e0i kho\u1ea3n Steam Offline t\u1ea1i KAMIKEY?<\/strong><\/p>\n<ul>\n<li><strong>Ti\u1ebft ki\u1ec7m t\u1ed1i \u0111a:<\/strong> Gi\u00e1 r\u1ebb h\u01a1n t\u1edbi <strong>90%<\/strong> so v\u1edbi mua game g\u1ed1c tr\u00ean Steam Store.<\/li>\n<li><strong>Ch\u01a1i ngay kh\u00f4ng ch\u1edd \u0111\u1ee3i:<\/strong> Gi\u1ea3i ph\u00e1p ho\u00e0n h\u1ea3o cho c\u00e1c game c\u00f3 <strong>Denuvo<\/strong> (r\u1ea5t l\u00e2u ho\u1eb7c kh\u00f4ng bao gi\u1edd c\u00f3 Crack).<\/li>\n<li><strong>An to\u00e0n tuy\u1ec7t \u0111\u1ed1i:<\/strong> T\u00e0i kho\u1ea3n Steam ch\u00ednh ch\u1ee7 (s\u1eb5n game), ch\u1ec9 c\u1ea7n \u0111\u0103ng nh\u1eadp v\u00e0 ch\u01a1i, kh\u00f4ng c\u00e0i ph\u1ea7n m\u1ec1m \u0111\u1ed9c h\u1ea1i.<\/li>\n<li>\u0110\u00e2y l\u00e0 ph\u01b0\u01a1ng th\u1ee9c ch\u01a1i game b\u1ea3n quy\u1ec1n ti\u1ebft ki\u1ec7m v\u00e0 th\u00f4ng minh nh\u1ea5t hi\u1ec7n nay.<\/li>\n<\/ul>\n<p><strong>H\u01b0\u1edbng d\u1eabn mua v\u00e0 s\u1eed d\u1ee5ng:<\/strong><\/p>\n<ul>\n<li>B\u01b0\u1edbc 1: \u0110\u1eb7t h\u00e0ng v\u00e0 thanh to\u00e1n. B\u1ea1n s\u1ebd nh\u1eadn \u0111\u01b0\u1ee3c T\u00e0i kho\u1ea3n (User\/Pass) k\u00e8m h\u01b0\u1edbng d\u1eabn.<\/li>\n<li>B\u01b0\u1edbc 2: \u0110\u0103ng nh\u1eadp v\u00e0o Steam b\u1eb1ng t\u00e0i kho\u1ea3n \u0111\u01b0\u1ee3c c\u1ea5p.<\/li>\n<li>B\u01b0\u1edbc 3: T\u1ea3i game v\u1ec1 m\u00e1y v\u00e0 chuy\u1ec3n sang ch\u1ebf \u0111\u1ed9 Offline Mode \u0111\u1ec3 ch\u01a1i.<\/li>\n<li>Cam k\u1ebft: Kh\u00f4ng \u1ea3nh h\u01b0\u1edfng \u0111\u1ebfn t\u00e0i kho\u1ea3n c\u00e1 nh\u00e2n c\u1ee7a b\u1ea1n, thao t\u00e1c \u0111\u01a1n gi\u1ea3n, d\u1ec5 d\u00e0ng.<\/li>\n<\/ul>\n<p><img decoding=\"async\" class=\"alignnone size-full wp-image-48566 wptangtoc-lazy\" title=\"Monster Hunter Stories 3: Twisted Reflection DENUVO - T\u00e0i Kho\u1ea3n Steam Offline Monster Hunter Stories 3 Twisted Reflection 3 KAMIKEY\" src=\"data:;base64,<svg xmlns='http:\/\/www.w3.org\/2000\/svg' viewBox='0 0 1920 1080'\/>&#8221; alt=&#8221;Monster Hunter Stories 3 Twisted Reflection 3&#8243; width=&#8221;1920&#8243; height=&#8221;1080&#8243; data-src=&#8221;https:\/\/kamikey.com\/wp-content\/uploads\/2026\/03\/Monster-Hunter-Stories-3-Twisted-Reflection-3.jpg&#8221; data-sizes=&#8221;(max-width: 1920px) 100vw, 1920px&#8221; \/> <img decoding=\"async\" class=\"alignnone size-full wp-image-48565 wptangtoc-lazy\" title=\"Monster Hunter Stories 3: Twisted Reflection DENUVO - T\u00e0i Kho\u1ea3n Steam Offline Monster Hunter Stories 3 Twisted Reflection 2 KAMIKEY\" src=\"data:;base64,<svg xmlns='http:\/\/www.w3.org\/2000\/svg' viewBox='0 0 1920 1080'\/>&#8221; alt=&#8221;Monster Hunter Stories 3 Twisted Reflection 2&#8243; width=&#8221;1920&#8243; height=&#8221;1080&#8243; data-src=&#8221;https:\/\/kamikey.com\/wp-content\/uploads\/2026\/03\/Monster-Hunter-Stories-3-Twisted-Reflection-2.jpg&#8221; data-sizes=&#8221;(max-width: 1920px) 100vw, 1920px&#8221; \/><\/p>\n<div class=\"devvn_readmore_flatsome devvn_readmore_flatsome_more\"><a title=\"Xem th\u00eam\">Xem th\u00eam<\/a><\/div>\n<div class=\"devvn_readmore_flatsome devvn_readmore_flatsome_less\"><\/div>\n","protected":false},"excerpt":{"rendered":"<p>Ch\u00e0o m\u1eebng b\u1ea1n \u0111\u1ebfn v\u1edbi Monster Hunter Stories 3: Twisted Reflection, bom t\u1ea5n nh\u1eadp vai thu th\u1eadp qu\u00e1i v\u1eadt m\u1edbi nh\u1ea5t t\u1eeb Capcom. Tr\u00f2 ch\u01a1i \u0111\u01b0a b\u1ea1n h\u00f3a th\u00e2n th\u00e0nh ng\u01b0\u1eddi th\u1eeba k\u1ebf v\u01b0\u01a1ng qu\u1ed1c Azuria, m\u1ed9t Rider ki\u1ec7t xu\u1ea5t v\u1edbi s\u1ee9 m\u1ec7nh ng\u0103n ch\u1eb7n b\u1edd v\u1ef1c chi\u1ebfn tranh. H\u00e3y s\u1eb5n s\u00e0ng \u0111\u1eafm ch\u00ecm trong [&#8230;]\n","protected":false},"featured_media":113,"comment_status":"open","ping_status":"closed","template":"","meta":[],"product_brand":[],"product_cat":[15,24],"product_tag":[],"class_list":{"0":"post-112","1":"product","2":"type-product","3":"status-publish","4":"has-post-thumbnail","6":"product_cat-uncategorized","7":"product_cat-game-dang-hot","9":"first","10":"instock","11":"shipping-taxable","12":"purchasable","13":"product-type-simple"},"_links":{"self":[{"href":"https:\/\/kuteshop.store\/index.php\/wp-json\/wp\/v2\/product\/112","targetHints":{"allow":["GET"]}}],"collection":[{"href":"https:\/\/kuteshop.store\/index.php\/wp-json\/wp\/v2\/product"}],"about":[{"href":"https:\/\/kuteshop.store\/index.php\/wp-json\/wp\/v2\/types\/product"}],"replies":[{"embeddable":true,"href":"https:\/\/kuteshop.store\/index.php\/wp-json\/wp\/v2\/comments?post=112"}],"wp:featuredmedia":[{"embeddable":true,"href":"https:\/\/kuteshop.store\/index.php\/wp-json\/wp\/v2\/media\/113"}],"wp:attachment":[{"href":"https:\/\/kuteshop.store\/index.php\/wp-json\/wp\/v2\/media?parent=112"}],"wp:term":[{"taxonomy":"product_brand","embeddable":true,"href":"https:\/\/kuteshop.store\/index.php\/wp-json\/wp\/v2\/product_brand?post=112"},{"taxonomy":"product_cat","embeddable":true,"href":"https:\/\/kuteshop.store\/index.php\/wp-json\/wp\/v2\/product_cat?post=112"},{"taxonomy":"product_tag","embeddable":true,"href":"https:\/\/kuteshop.store\/index.php\/wp-json\/wp\/v2\/product_tag?post=112"}],"curies":[{"name":"wp","href":"https:\/\/api.w.org\/{rel}","templated":true}]}}