{"id":109,"date":"2026-03-09T10:47:49","date_gmt":"2026-03-09T10:47:49","guid":{"rendered":"https:\/\/kuteshop.store\/?post_type=product&#038;p=109"},"modified":"2026-03-09T11:12:52","modified_gmt":"2026-03-09T11:12:52","slug":"crimson-desert-deluxe-edition-tai-khoan-steam-offline","status":"publish","type":"product","link":"https:\/\/kuteshop.store\/index.php\/product\/crimson-desert-deluxe-edition-tai-khoan-steam-offline\/","title":{"rendered":"CRIMSON DESERT Deluxe Edition \u2013 T\u00e0i Kho\u1ea3n Steam Offline"},"content":{"rendered":"<blockquote><p>B\u01b0\u1edbc v\u00e0o k\u1ef7 nguy\u00ean m\u1edbi c\u1ee7a th\u1ec3 lo\u1ea1i <strong>th\u1ebf gi\u1edbi m\u1edf h\u00e0nh \u0111\u1ed9ng phi\u00eau l\u01b0u<\/strong> v\u1edbi bom t\u1ea5n Crimson Desert t\u1eeb Pearl Abyss. Ng\u01b0\u1eddi ch\u01a1i s\u1ebd h\u00f3a th\u00e2n th\u00e0nh Kliff, m\u1ed9t chi\u1ebfn binh gan d\u1ea1 c\u1ee7a \u0111\u1ed9i l\u00ednh \u0111\u00e1nh thu\u00ea Greymanes, d\u1ea5n th\u00e2n v\u00e0o h\u00e0nh tr\u00ecnh \u0111\u1ea7y m\u00e1u v\u00e0 n\u01b0\u1edbc m\u1eaft tr\u00ean <strong>l\u1ee5c \u0111\u1ecba Pywel<\/strong> r\u1ed9ng l\u1edbn. C\u1ed1t truy\u1ec7n game l\u00e0 m\u1ed9t b\u1ea3n h\u00f9ng ca bi tr\u00e1ng v\u1ec1 s\u1ef1 ph\u1ea3n b\u1ed9i, sinh t\u1ed3n v\u00e0 c\u00f4ng l\u00fd, h\u1ee9a h\u1eb9n mang \u0111\u1ebfn tr\u1ea3i nghi\u1ec7m <strong>nh\u1eadp vai c\u1ed1t truy\u1ec7n<\/strong> l\u00f4i cu\u1ed1n \u0111\u1ebfn t\u1eebng gi\u00e2y ph\u00fat.<\/p><\/blockquote>\n<p><img loading=\"lazy\" decoding=\"async\" class=\"alignnone size-full wp-image-48329 wptangtoc-lazy entered gtloader\" title=\"CRIMSON DESERT Deluxe Edition - T\u00e0i Kho\u1ea3n Steam Offline Crimson Desert 1 KAMIKEY\" src=\"https:\/\/kamikey.com\/wp-content\/uploads\/2026\/03\/Crimson-Desert-1.jpg\" sizes=\"auto, (max-width: 1920px) 100vw, 1920px\" alt=\"Crimson Desert 1\" width=\"1920\" height=\"1080\" data-src=\"https:\/\/kamikey.com\/wp-content\/uploads\/2026\/03\/Crimson-Desert-1.jpg\" data-sizes=\"(max-width: 1920px) 100vw, 1920px\" data-ll-status=\"loaded\" \/><a title=\"B\u00e0i vi\u1ebft \u0111\u01b0\u1ee3c copy t\u1eeb Kamikey.com Ngu\u1ed3n b\u00e0i vi\u1ebft : CRIMSON DESERT Deluxe Edition - T\u00e0i Kho\u1ea3n Steam Offline\" href=\"https:\/\/kamikey.com\/products\/crimson-desert-offline\/\" target=\"_blank\" rel=\"dofollow noopener\"><img loading=\"lazy\" decoding=\"async\" title=\"CRIMSON DESERT Deluxe Edition - T\u00e0i Kho\u1ea3n Steam Offline\" src=\"https:\/\/kamikey.com\/wp-content\/uploads\/2024\/10\/px.gif\" alt=\"CRIMSON DESERT Deluxe Edition - T\u00e0i Kho\u1ea3n Steam Offline\" width=\"1\" height=\"1\" border=\"0\" \/><\/a><\/p>\n<p>\u0110i\u1ec3m s\u00e1ng r\u1ef1c r\u1ee1 nh\u1ea5t c\u1ee7a tr\u00f2 ch\u01a1i ch\u00ednh l\u00e0 <strong>b\u1ea3n \u0111\u1ed3 th\u1ebf gi\u1edbi m\u1edf li\u1ec1n m\u1ea1ch<\/strong> \u0111\u01b0\u1ee3c x\u00e2y d\u1ef1ng tr\u00ean n\u1ec1n t\u1ea3ng BlackSpace Engine \u0111\u1ed3 h\u1ecda t\u1ed1i t\u00e2n. B\u1ea1n c\u00f3 to\u00e0n quy\u1ec1n t\u1ef1 do kh\u00e1m ph\u00e1 m\u1ecdi ng\u00f3c ng\u00e1ch c\u1ee7a Pywel, t\u1eeb nh\u1eefng sa m\u1ea1c c\u1eb1n c\u1ed7i, v\u00f9ng \u0111\u1ed3ng b\u1eb1ng tr\u00f9 ph\u00fa \u0111\u1ebfn c\u00e1c t\u00e0n t\u00edch b\u1ecb l\u00e3ng qu\u00ean. H\u1ec7 th\u1ed1ng di chuy\u1ec3n t\u1ef1 do cho ph\u00e9p ng\u01b0\u1eddi ch\u01a1i leo tr\u00e8o, l\u01b0\u1edbt gi\u00f3 hay s\u1eed d\u1ee5ng c\u00e1c lo\u1ea1i <strong>th\u00fa c\u01b0\u1ee1i \u0111a d\u1ea1ng<\/strong> nh\u01b0 ng\u1ef1a, s\u00f3i v\u00e0 th\u1eadm ch\u00ed l\u00e0 r\u1ed3ng \u0111\u1ec3 v\u01b0\u01a1n t\u1edbi nh\u1eefng v\u00f9ng \u0111\u1ea5t ch\u01b0a t\u1eebng \u0111\u01b0\u1ee3c khai ph\u00e1.<\/p>\n<p><img loading=\"lazy\" decoding=\"async\" class=\"alignnone size-full wp-image-48328 wptangtoc-lazy entered gtloader\" title=\"CRIMSON DESERT Deluxe Edition - T\u00e0i Kho\u1ea3n Steam Offline Crimson Desert 8 KAMIKEY\" src=\"https:\/\/kamikey.com\/wp-content\/uploads\/2026\/03\/Crimson-Desert-8.jpg\" sizes=\"auto, (max-width: 1920px) 100vw, 1920px\" alt=\"Crimson Desert 8\" width=\"1920\" height=\"1080\" data-src=\"https:\/\/kamikey.com\/wp-content\/uploads\/2026\/03\/Crimson-Desert-8.jpg\" data-sizes=\"(max-width: 1920px) 100vw, 1920px\" data-ll-status=\"loaded\" \/><\/p>\n<p>C\u01a1 ch\u1ebf chi\u1ebfn \u0111\u1ea5u trong game mang \u0111\u1eadm ch\u1ea5t <strong>Hack and Slash nh\u1ecbp \u0111\u1ed9 cao<\/strong>, \u0111\u00f2i h\u1ecfi k\u1ef9 n\u0103ng ph\u1ea3n x\u1ea1 v\u00e0 t\u01b0 duy chi\u1ebfn thu\u1eadt nh\u1ea1y b\u00e9n t\u1eeb ng\u01b0\u1eddi ch\u01a1i. Thay v\u00ec b\u1ecb g\u00f2 b\u00f3 b\u1edfi c\u00e1c h\u1ec7 ph\u00e1i c\u1ed1 \u0111\u1ecbnh, Kliff c\u00f3 th\u1ec3 linh ho\u1ea1t k\u1ebft h\u1ee3p v\u0169 kh\u00ed c\u1eadn chi\u1ebfn, cung t\u00ean v\u00e0 \u0111\u00f2n v\u1eadt tay kh\u00f4ng \u0111\u1ec3 t\u1ea1o ra nh\u1eefng <strong>chu\u1ed7i combo t\u00e0n kh\u1ed1c<\/strong>. Nh\u1eefng cu\u1ed9c giao tranh quy m\u00f4 l\u1edbn hay nh\u1eefng pha <strong>\u0111\u00e1nh Boss ho\u00e0nh tr\u00e1ng<\/strong> s\u1ebd li\u00ean t\u1ee5c th\u1eed th\u00e1ch b\u1ea3n l\u0129nh sinh t\u1ed3n c\u1ee7a b\u1ea1n tr\u00ean chi\u1ebfn tr\u01b0\u1eddng kh\u1eafc nghi\u1ec7t.<\/p>\n<p><img loading=\"lazy\" decoding=\"async\" class=\"alignnone size-full wp-image-48327 wptangtoc-lazy entered gtloader\" title=\"CRIMSON DESERT Deluxe Edition - T\u00e0i Kho\u1ea3n Steam Offline Crimson Desert 7 KAMIKEY\" src=\"https:\/\/kamikey.com\/wp-content\/uploads\/2026\/03\/Crimson-Desert-7.jpg\" sizes=\"auto, (max-width: 1920px) 100vw, 1920px\" alt=\"Crimson Desert 7\" width=\"1920\" height=\"1080\" data-src=\"https:\/\/kamikey.com\/wp-content\/uploads\/2026\/03\/Crimson-Desert-7.jpg\" data-sizes=\"(max-width: 1920px) 100vw, 1920px\" data-ll-status=\"loaded\" \/><\/p>\n<p>B\u00ean c\u1ea1nh nh\u1eefng tr\u1eadn chi\u1ebfn n\u1ea3y l\u1eeda, t\u1ef1a game c\u00f2n cung c\u1ea5p m\u1ed9t h\u1ec7 th\u1ed1ng <strong>t\u01b0\u01a1ng t\u00e1c m\u00f4i tr\u01b0\u1eddng<\/strong> s\u00e2u s\u1eafc. S\u1ef1 ph\u00e1t tri\u1ec3n c\u1ee7a nh\u00e2n v\u1eadt kh\u00f4ng ph\u1ee5 thu\u1ed9c v\u00e0o c\u00e0y c\u1ea5p \u0111\u01a1n thu\u1ea7n m\u00e0 g\u1eafn li\u1ec1n v\u1edbi qu\u00e1 tr\u00ecnh kh\u00e1m ph\u00e1 th\u1ebf gi\u1edbi v\u00e0 gi\u1ea3i m\u00e3 c\u00e1c b\u00ed \u1ea9n. Ng\u01b0\u1eddi ch\u01a1i c\u00f3 th\u1ec3 \u0111\u1eafm ch\u00ecm v\u00e0o c\u00e1c ho\u1ea1t \u0111\u1ed9ng sinh t\u1ed3n th\u1ef1c t\u1ebf nh\u01b0 c\u00e2u c\u00e1, n\u1ea5u \u0103n, r\u00e8n v\u0169 kh\u00ed v\u00e0 <strong>n\u00e2ng c\u1ea5p trang b\u1ecb<\/strong> \u0111\u1ec3 chu\u1ea9n b\u1ecb s\u1eb5n s\u00e0ng cho nh\u1eefng th\u1eed th\u00e1ch cam go ph\u00eda tr\u01b0\u1edbc.<\/p>\n<p><img loading=\"lazy\" decoding=\"async\" class=\"alignnone size-full wp-image-48326 wptangtoc-lazy entered gtloader\" title=\"CRIMSON DESERT Deluxe Edition - T\u00e0i Kho\u1ea3n Steam Offline Crimson Desert 6 KAMIKEY\" src=\"https:\/\/kamikey.com\/wp-content\/uploads\/2026\/03\/Crimson-Desert-6.jpg\" sizes=\"auto, (max-width: 1920px) 100vw, 1920px\" alt=\"Crimson Desert 6\" width=\"1920\" height=\"1080\" data-src=\"https:\/\/kamikey.com\/wp-content\/uploads\/2026\/03\/Crimson-Desert-6.jpg\" data-sizes=\"(max-width: 1920px) 100vw, 1920px\" data-ll-status=\"loaded\" \/><\/p>\n<p>H\u00e0nh tr\u00ecnh b\u00e1o th\u00f9 v\u00e0 t\u00e1i thi\u1ebft binh \u0111o\u00e0n Greymanes c\u1ee7a Kliff s\u1ebd \u0111\u1ea9y anh v\u00e0o cu\u1ed9c \u0111\u1ed1i \u0111\u1ea7u sinh t\u1eed v\u1edbi phe <strong>Black Bears t\u00e0n b\u1ea1o<\/strong> d\u01b0\u1edbi s\u1ef1 d\u1eabn d\u1eaft c\u1ee7a \u00e1c nh\u00e2n Myurdin. M\u1ecdi quy\u1ebft \u0111\u1ecbnh v\u00e0 li\u00ean minh b\u1ea1n t\u1ea1o d\u1ef1ng tr\u00ean \u0111\u01b0\u1eddng \u0111i \u0111\u1ec1u c\u00f3 th\u1ec3 l\u00e0m thay \u0111\u1ed5i c\u1ee5c di\u1ec7n c\u1ee7a to\u00e0n b\u1ed9 l\u1ee5c \u0111\u1ecba. H\u00e3y c\u1ea7m ch\u1eafc v\u0169 kh\u00ed, c\u00e0n qu\u00e9t m\u1ecdi k\u1ebb th\u00f9 ng\u00e1ng \u0111\u01b0\u1eddng v\u00e0 t\u1ef1 tay vi\u1ebft n\u00ean <strong>huy\u1ec1n tho\u1ea1i l\u00ednh \u0111\u00e1nh thu\u00ea<\/strong> c\u1ee7a ri\u00eang b\u1ea1n.<\/p>\n<p><img loading=\"lazy\" decoding=\"async\" class=\"alignnone size-full wp-image-48325 wptangtoc-lazy entered gtloader\" title=\"CRIMSON DESERT Deluxe Edition - T\u00e0i Kho\u1ea3n Steam Offline Crimson Desert 5 KAMIKEY\" src=\"https:\/\/kamikey.com\/wp-content\/uploads\/2026\/03\/Crimson-Desert-5.jpg\" sizes=\"auto, (max-width: 1920px) 100vw, 1920px\" alt=\"Crimson Desert 5\" width=\"1920\" height=\"1080\" data-src=\"https:\/\/kamikey.com\/wp-content\/uploads\/2026\/03\/Crimson-Desert-5.jpg\" data-sizes=\"(max-width: 1920px) 100vw, 1920px\" data-ll-status=\"loaded\" \/><\/p>\n<p><strong>T\u1ea1i sao n\u00ean ch\u1ecdn T\u00e0i kho\u1ea3n Steam Offline t\u1ea1i KAMIKEY?<\/strong><\/p>\n<ul>\n<li><strong>Ti\u1ebft ki\u1ec7m t\u1ed1i \u0111a:<\/strong> Gi\u00e1 r\u1ebb h\u01a1n t\u1edbi <strong>90%<\/strong> so v\u1edbi mua game g\u1ed1c tr\u00ean Steam Store.<\/li>\n<li><strong>Ch\u01a1i ngay kh\u00f4ng ch\u1edd \u0111\u1ee3i:<\/strong> Gi\u1ea3i ph\u00e1p ho\u00e0n h\u1ea3o cho c\u00e1c game c\u00f3 <strong>Denuvo<\/strong> (r\u1ea5t l\u00e2u ho\u1eb7c kh\u00f4ng bao gi\u1edd c\u00f3 Crack).<\/li>\n<li><strong>An to\u00e0n tuy\u1ec7t \u0111\u1ed1i:<\/strong> T\u00e0i kho\u1ea3n Steam ch\u00ednh ch\u1ee7 (s\u1eb5n game), ch\u1ec9 c\u1ea7n \u0111\u0103ng nh\u1eadp v\u00e0 ch\u01a1i, kh\u00f4ng c\u00e0i ph\u1ea7n m\u1ec1m \u0111\u1ed9c h\u1ea1i.<\/li>\n<li>\u0110\u00e2y l\u00e0 ph\u01b0\u01a1ng th\u1ee9c ch\u01a1i game b\u1ea3n quy\u1ec1n ti\u1ebft ki\u1ec7m v\u00e0 th\u00f4ng minh nh\u1ea5t hi\u1ec7n nay.<\/li>\n<\/ul>\n<p><strong>H\u01b0\u1edbng d\u1eabn mua v\u00e0 s\u1eed d\u1ee5ng:<\/strong><\/p>\n<ul>\n<li>B\u01b0\u1edbc 1: \u0110\u1eb7t h\u00e0ng v\u00e0 thanh to\u00e1n. B\u1ea1n s\u1ebd nh\u1eadn \u0111\u01b0\u1ee3c T\u00e0i kho\u1ea3n (User\/Pass) k\u00e8m h\u01b0\u1edbng d\u1eabn chi ti\u1ebft.<\/li>\n<li>B\u01b0\u1edbc 2: \u0110\u0103ng nh\u1eadp v\u00e0o Steam b\u1eb1ng t\u00e0i kho\u1ea3n \u0111\u01b0\u1ee3c c\u1ea5p.<\/li>\n<li>B\u01b0\u1edbc 3: T\u1ea3i game v\u1ec1 m\u00e1y v\u00e0 chuy\u1ec3n sang ch\u1ebf \u0111\u1ed9 Offline Mode \u0111\u1ec3 tr\u1ea3i nghi\u1ec7m.<\/li>\n<li>Cam k\u1ebft: Kh\u00f4ng \u1ea3nh h\u01b0\u1edfng \u0111\u1ebfn t\u00e0i kho\u1ea3n c\u00e1 nh\u00e2n c\u1ee7a b\u1ea1n, thao t\u00e1c \u0111\u01a1n gi\u1ea3n, d\u1ec5 d\u00e0ng.<\/li>\n<\/ul>\n<p><img loading=\"lazy\" decoding=\"async\" class=\"alignnone size-full wp-image-48324 wptangtoc-lazy entered gtloader\" title=\"CRIMSON DESERT Deluxe Edition - T\u00e0i Kho\u1ea3n Steam Offline Crimson Desert 4 KAMIKEY\" src=\"https:\/\/kamikey.com\/wp-content\/uploads\/2026\/03\/Crimson-Desert-4.jpg\" sizes=\"auto, (max-width: 1920px) 100vw, 1920px\" alt=\"Crimson Desert 4\" width=\"1920\" height=\"1080\" data-src=\"https:\/\/kamikey.com\/wp-content\/uploads\/2026\/03\/Crimson-Desert-4.jpg\" data-sizes=\"(max-width: 1920px) 100vw, 1920px\" data-ll-status=\"loaded\" \/> <img loading=\"lazy\" decoding=\"async\" class=\"alignnone size-full wp-image-48323 wptangtoc-lazy entered gtloader\" title=\"CRIMSON DESERT Deluxe Edition - T\u00e0i Kho\u1ea3n Steam Offline Crimson Desert 3 KAMIKEY\" src=\"https:\/\/kamikey.com\/wp-content\/uploads\/2026\/03\/Crimson-Desert-3.jpg\" sizes=\"auto, (max-width: 1920px) 100vw, 1920px\" alt=\"Crimson Desert 3\" width=\"1920\" height=\"1080\" data-src=\"https:\/\/kamikey.com\/wp-content\/uploads\/2026\/03\/Crimson-Desert-3.jpg\" data-sizes=\"(max-width: 1920px) 100vw, 1920px\" data-ll-status=\"loaded\" \/> <img loading=\"lazy\" decoding=\"async\" class=\"alignnone size-full wp-image-48322 wptangtoc-lazy entered gtloader\" title=\"CRIMSON DESERT Deluxe Edition - T\u00e0i Kho\u1ea3n Steam Offline Crimson Desert 2 KAMIKEY\" src=\"https:\/\/kamikey.com\/wp-content\/uploads\/2026\/03\/Crimson-Desert-2.jpg\" sizes=\"auto, (max-width: 1920px) 100vw, 1920px\" alt=\"Crimson Desert 2\" width=\"1920\" height=\"1080\" data-src=\"https:\/\/kamikey.com\/wp-content\/uploads\/2026\/03\/Crimson-Desert-2.jpg\" data-sizes=\"(max-width: 1920px) 100vw, 1920px\" data-ll-status=\"loaded\" \/><\/p>\n<div class=\"devvn_readmore_flatsome devvn_readmore_flatsome_more\"><\/div>\n","protected":false},"excerpt":{"rendered":"<p>B\u01b0\u1edbc v\u00e0o k\u1ef7 nguy\u00ean m\u1edbi c\u1ee7a th\u1ec3 lo\u1ea1i th\u1ebf gi\u1edbi m\u1edf h\u00e0nh \u0111\u1ed9ng phi\u00eau l\u01b0u v\u1edbi bom t\u1ea5n Crimson Desert t\u1eeb Pearl Abyss. Ng\u01b0\u1eddi ch\u01a1i s\u1ebd h\u00f3a th\u00e2n th\u00e0nh Kliff, m\u1ed9t chi\u1ebfn binh gan d\u1ea1 c\u1ee7a \u0111\u1ed9i l\u00ednh \u0111\u00e1nh thu\u00ea Greymanes, d\u1ea5n th\u00e2n v\u00e0o h\u00e0nh tr\u00ecnh \u0111\u1ea7y m\u00e1u v\u00e0 n\u01b0\u1edbc m\u1eaft tr\u00ean l\u1ee5c \u0111\u1ecba Pywel [&#8230;]\n","protected":false},"featured_media":110,"comment_status":"open","ping_status":"closed","template":"","meta":[],"product_brand":[],"product_cat":[15,24],"product_tag":[],"class_list":{"0":"post-109","1":"product","2":"type-product","3":"status-publish","4":"has-post-thumbnail","6":"product_cat-uncategorized","7":"product_cat-game-dang-hot","9":"first","10":"instock","11":"shipping-taxable","12":"purchasable","13":"product-type-simple"},"_links":{"self":[{"href":"https:\/\/kuteshop.store\/index.php\/wp-json\/wp\/v2\/product\/109","targetHints":{"allow":["GET"]}}],"collection":[{"href":"https:\/\/kuteshop.store\/index.php\/wp-json\/wp\/v2\/product"}],"about":[{"href":"https:\/\/kuteshop.store\/index.php\/wp-json\/wp\/v2\/types\/product"}],"replies":[{"embeddable":true,"href":"https:\/\/kuteshop.store\/index.php\/wp-json\/wp\/v2\/comments?post=109"}],"wp:featuredmedia":[{"embeddable":true,"href":"https:\/\/kuteshop.store\/index.php\/wp-json\/wp\/v2\/media\/110"}],"wp:attachment":[{"href":"https:\/\/kuteshop.store\/index.php\/wp-json\/wp\/v2\/media?parent=109"}],"wp:term":[{"taxonomy":"product_brand","embeddable":true,"href":"https:\/\/kuteshop.store\/index.php\/wp-json\/wp\/v2\/product_brand?post=109"},{"taxonomy":"product_cat","embeddable":true,"href":"https:\/\/kuteshop.store\/index.php\/wp-json\/wp\/v2\/product_cat?post=109"},{"taxonomy":"product_tag","embeddable":true,"href":"https:\/\/kuteshop.store\/index.php\/wp-json\/wp\/v2\/product_tag?post=109"}],"curies":[{"name":"wp","href":"https:\/\/api.w.org\/{rel}","templated":true}]}}