{"id":102,"date":"2026-03-09T10:29:40","date_gmt":"2026-03-09T10:29:40","guid":{"rendered":"https:\/\/kuteshop.store\/?post_type=product&#038;p=102"},"modified":"2026-03-09T11:12:52","modified_gmt":"2026-03-09T11:12:52","slug":"resident-evil-requiem-re9-deluxe-edition-denuvo-viet-hoa-tai-khoan-steam-offline","status":"publish","type":"product","link":"https:\/\/kuteshop.store\/index.php\/product\/resident-evil-requiem-re9-deluxe-edition-denuvo-viet-hoa-tai-khoan-steam-offline\/","title":{"rendered":"Resident Evil Requiem (RE9) Deluxe Edition DENUVO + Vi\u1ec7t H\u00f3a \u2013 T\u00e0i Kho\u1ea3n Steam Offline"},"content":{"rendered":"<ul>\n<li><strong>T\u00e0i kho\u1ea3n Steam<\/strong> c\u00f3 Resident Evil Requiem<\/li>\n<li>\u0110\u00e2y l\u00e0 T\u00e0i Kho\u1ea3n <strong>Steam Offline<\/strong> (<em>ngo\u1ea1i tuy\u1ebfn<\/em>)<\/li>\n<li><strong>\u0110\u1ea3m B\u1ea3o<\/strong> c\u00f3 l\u01b0\u1ee3t <strong>k\u00edch ho\u1ea1t DENUVO<\/strong> ch\u01a1i lu\u00f4n<\/li>\n<li>Khi ch\u01a1i c\u1ea7n chuy\u1ec3n Steam sang Offline Mode<\/li>\n<li>L\u01b0u <strong>save game ri\u00eang<\/strong> tr\u00ean m\u00e1y t\u00ednh c\u1ee7a b\u1ea1n<\/li>\n<li>Ch\u1ec9 s\u1eed d\u1ee5ng ch\u1ee9 <strong>kh\u00f4ng<\/strong> \u0111\u1ed5i email, m\u1eadt kh\u1ea9u<\/li>\n<li><strong>Kh\u00f4ng h\u1ed7 tr\u1ee3<\/strong> ch\u01a1i \u1edf m\u00e1y n\u00e9t ho\u1eb7c Cloud PC<\/li>\n<\/ul>\n<p><a title=\"B\u00e0i vi\u1ebft \u0111\u01b0\u1ee3c copy t\u1eeb Kamikey.com Ngu\u1ed3n b\u00e0i vi\u1ebft : Resident Evil Requiem (RE9) Steam Offline + Vi\u1ec7t H\u00f3a\" href=\"https:\/\/kamikey.com\/products\/resident-evil-requiem-offline\/\" target=\"_blank\" rel=\"dofollow noopener\"><img loading=\"lazy\" decoding=\"async\" title=\"Resident Evil Requiem (RE9) Steam Offline + Vi\u1ec7t H\u00f3a\" src=\"https:\/\/kamikey.com\/wp-content\/uploads\/2024\/10\/px.gif\" alt=\"Resident Evil Requiem (RE9) Steam Offline + Vi\u1ec7t H\u00f3a\" width=\"1\" height=\"1\" border=\"0\" \/><\/a><\/p>\n","protected":false},"excerpt":{"rendered":"<p>\u2013 Shop <strong>\u0110\u1ea3m B\u1ea3o<\/strong> c\u00f3 l\u01b0\u1ee3t k\u00edch ho\u1ea1t DENUVO \u0111\u1ec3 ch\u01a1i lu\u00f4n (kh\u00f4ng ph\u1ea3i ch\u1edd \u0111\u1ee3i)<a title=\"B\u00e0i vi\u1ebft \u0111\u01b0\u1ee3c copy t\u1eeb Kamikey.com Ngu\u1ed3n b\u00e0i vi\u1ebft : Resident Evil Requiem (RE9) Steam Offline + Vi\u1ec7t H\u00f3a\" href=\"https:\/\/kamikey.com\/products\/resident-evil-requiem-offline\/\" target=\"_blank\" rel=\"dofollow noopener\"><img loading=\"lazy\" decoding=\"async\" title=\"Resident Evil Requiem (RE9) Steam Offline + Vi\u1ec7t H\u00f3a\" src=\"https:\/\/kamikey.com\/wp-content\/uploads\/2024\/10\/px.gif\" alt=\"Resident Evil Requiem (RE9) Steam Offline + Vi\u1ec7t H\u00f3a\" width=\"1\" height=\"1\" border=\"0\" \/><\/a><\/p>\n<p>\u2013 M\u1eb7c d\u00f9 ghi l\u00e0 Standard Edition nh\u01b0ng \u0111\u00e2y c\u0169ng l\u00e0 phi\u00ean b\u1ea3n Deluxe Edition c\u00f3 gi\u00e1 1690k tr\u00ean Steam Store).<br \/>\n\u2013 Tuy nhi\u00ean phi\u00ean b\u1ea3n n\u00e0y s\u1ebd kh\u00f4ng b\u1ed5 sung DLC ra m\u1eaft trong t\u01b0\u01a1ng lai nh\u01b0 phi\u00ean b\u1ea3n Deluxe<\/p>\n","protected":false},"featured_media":131,"comment_status":"open","ping_status":"closed","template":"","meta":[],"product_brand":[],"product_cat":[15,24],"product_tag":[],"class_list":{"0":"post-102","1":"product","2":"type-product","3":"status-publish","4":"has-post-thumbnail","6":"product_cat-uncategorized","7":"product_cat-game-dang-hot","9":"first","10":"instock","11":"shipping-taxable","12":"purchasable","13":"product-type-variable"},"_links":{"self":[{"href":"https:\/\/kuteshop.store\/index.php\/wp-json\/wp\/v2\/product\/102","targetHints":{"allow":["GET"]}}],"collection":[{"href":"https:\/\/kuteshop.store\/index.php\/wp-json\/wp\/v2\/product"}],"about":[{"href":"https:\/\/kuteshop.store\/index.php\/wp-json\/wp\/v2\/types\/product"}],"replies":[{"embeddable":true,"href":"https:\/\/kuteshop.store\/index.php\/wp-json\/wp\/v2\/comments?post=102"}],"wp:featuredmedia":[{"embeddable":true,"href":"https:\/\/kuteshop.store\/index.php\/wp-json\/wp\/v2\/media\/131"}],"wp:attachment":[{"href":"https:\/\/kuteshop.store\/index.php\/wp-json\/wp\/v2\/media?parent=102"}],"wp:term":[{"taxonomy":"product_brand","embeddable":true,"href":"https:\/\/kuteshop.store\/index.php\/wp-json\/wp\/v2\/product_brand?post=102"},{"taxonomy":"product_cat","embeddable":true,"href":"https:\/\/kuteshop.store\/index.php\/wp-json\/wp\/v2\/product_cat?post=102"},{"taxonomy":"product_tag","embeddable":true,"href":"https:\/\/kuteshop.store\/index.php\/wp-json\/wp\/v2\/product_tag?post=102"}],"curies":[{"name":"wp","href":"https:\/\/api.w.org\/{rel}","templated":true}]}}